{"id":834,"date":"2025-08-15T11:17:52","date_gmt":"2025-08-15T11:17:52","guid":{"rendered":"https:\/\/helsinki-stockholm.info\/?page_id=834"},"modified":"2025-08-25T08:24:32","modified_gmt":"2025-08-25T08:24:32","slug":"faq","status":"publish","type":"page","link":"https:\/\/helsinki-stockholm.info\/sv\/faq\/","title":{"rendered":"FAQ"},"content":{"rendered":"\n<h1 class=\"wp-block-heading\">FAQ: vanliga fr\u00e5gor<\/h1>\n\n\n\n<p>Har du k\u00f6rt fast med att boka en biljett f\u00f6r \u00f6verfarten mellan Stockholm och Helsingfors? Undrar du vilka betalningsmetoder som finns tillg\u00e4ngliga, eller om du kan g\u00e5 ombord p\u00e5 f\u00e4rjan som fotpassagerare?<\/p>\n\n\n\n<p>Hitta svar p\u00e5 alla dina fr\u00e5gor i denna FAQ. Hittar du inte din fr\u00e5ga h\u00e4r? St\u00e4ll din fr\u00e5ga l\u00e4ngst ner p\u00e5 sidan.<\/p>\n\n\n\n<div class=\"schema-faq wp-block-yoast-faq-block\"><div class=\"schema-faq-section\" id=\"faq-question-1755257004109\"><strong class=\"schema-faq-question\">Kan jag ocks\u00e5 resa som fotg\u00e4ngare (utan bil) mellan Helsingfors och Stockholm med f\u00e4rja?<\/strong> <p class=\"schema-faq-answer\">Ja, du kan \u00e4ven \u00f6verfarta utan bil. B\u00e5de <a href=\"https:\/\/helsinki-stockholm.info\/sv\/viking-line\/\">Viking Line<\/a> och <a href=\"https:\/\/helsinki-stockholm.info\/sv\/tallink\/\">Tallink (Silja Line)<\/a> erbjuder biljetter till fots.<\/p> <\/div> <div class=\"schema-faq-section\" id=\"faq-question-1755257065339\"><strong class=\"schema-faq-question\">Kan jag betala med ett VISA-kort?<\/strong> <p class=\"schema-faq-answer\">B\u00e5da leverant\u00f6rerna accepterar VISA-kort. De flesta betalningsalternativen \u00e4r tillg\u00e4ngliga via paraplyplattformen <a href=\"https:\/\/helsinki-stockholm.info\/sv\/go\/directferries\" target=\"_blank\" rel=\"noreferrer noopener\">DirectFerries.com<\/a>, d\u00e4r du ocks\u00e5 kan betala med PayPal.<\/p> <\/div> <div class=\"schema-faq-section\" id=\"faq-question-1755257107387\"><strong class=\"schema-faq-question\">Finns det flera f\u00e4rjebolag som trafikerar mellan Stockholm och Helsingfors?<\/strong> <p class=\"schema-faq-answer\">Ja, det finns tv\u00e5 stora operat\u00f6rer: Viking Line och Tallink (Silja Line). Det \u00e4r klokt att j\u00e4mf\u00f6ra priser fr\u00e5n olika leverant\u00f6rer innan du bokar.<\/p> <\/div> <div class=\"schema-faq-section\" id=\"faq-question-1755258218195\"><strong class=\"schema-faq-question\">Hur l\u00e5ng \u00e4r \u00f6verfarten fr\u00e5n Helsingfors till Stockholm (och vice versa)?<\/strong> <p class=\"schema-faq-answer\">\u00d6verfarten tar cirka 17 timmar. Det finns mycket att g\u00f6ra ombord p\u00e5 f\u00e4rjan (b\u00e5de Viking Line och Tallink). Du kan till exempel njuta av en m\u00e5ltid p\u00e5 en restaurang eller spela ett spel i spelhallen under \u00f6verfarten.<\/p> <\/div> <div class=\"schema-faq-section\" id=\"faq-question-1755258324762\"><strong class=\"schema-faq-question\">\u00c4r det en nattf\u00e4rja eller kan jag \u00e5ka \u00f6ver under dagen?<\/strong> <p class=\"schema-faq-answer\">F\u00e4rjorna mellan Helsingfors och Stockholm g\u00e5r endast p\u00e5 natten. De avg\u00e5r sent p\u00e5 eftermiddagen och anl\u00e4nder tidigt p\u00e5 morgonen. Du m\u00e5ste boka en hytt f\u00f6r att sova i under \u00f6verfarten.<\/p> <\/div> <\/div>\n\n\n\n<p>Saknas det en fr\u00e5ga? L\u00e4mna g\u00e4rna en kommentar nedan med din fr\u00e5ga s\u00e5 att vi kan hj\u00e4lpa dig vidare.<\/p>\n","protected":false},"excerpt":{"rendered":"<p>FAQ: vanliga fr\u00e5gor Har du k\u00f6rt fast med att boka en biljett f\u00f6r \u00f6verfarten mellan Stockholm och Helsingfors? Undrar du [&hellip;]<\/p>\n","protected":false},"author":1,"featured_media":0,"parent":0,"menu_order":0,"comment_status":"open","ping_status":"closed","template":"","meta":{"inline_featured_image":false,"site-sidebar-layout":"default","site-content-layout":"","ast-site-content-layout":"default","site-content-style":"default","site-sidebar-style":"default","ast-global-header-display":"","ast-banner-title-visibility":"","ast-main-header-display":"","ast-hfb-above-header-display":"","ast-hfb-below-header-display":"","ast-hfb-mobile-header-display":"","site-post-title":"","ast-breadcrumbs-content":"","ast-featured-img":"","footer-sml-layout":"","theme-transparent-header-meta":"","adv-header-id-meta":"","stick-header-meta":"","header-above-stick-meta":"","header-main-stick-meta":"","header-below-stick-meta":"","astra-migrate-meta-layouts":"default","ast-page-background-enabled":"default","ast-page-background-meta":{"desktop":{"background-color":"var(--ast-global-color-5)","background-image":"","background-repeat":"repeat","background-position":"center center","background-size":"auto","background-attachment":"scroll","background-type":"","background-media":"","overlay-type":"","overlay-color":"","overlay-opacity":"","overlay-gradient":""},"tablet":{"background-color":"","background-image":"","background-repeat":"repeat","background-position":"center center","background-size":"auto","background-attachment":"scroll","background-type":"","background-media":"","overlay-type":"","overlay-color":"","overlay-opacity":"","overlay-gradient":""},"mobile":{"background-color":"","background-image":"","background-repeat":"repeat","background-position":"center center","background-size":"auto","background-attachment":"scroll","background-type":"","background-media":"","overlay-type":"","overlay-color":"","overlay-opacity":"","overlay-gradient":""}},"ast-content-background-meta":{"desktop":{"background-color":"var(--ast-global-color-4)","background-image":"","background-repeat":"repeat","background-position":"center center","background-size":"auto","background-attachment":"scroll","background-type":"","background-media":"","overlay-type":"","overlay-color":"","overlay-opacity":"","overlay-gradient":""},"tablet":{"background-color":"var(--ast-global-color-4)","background-image":"","background-repeat":"repeat","background-position":"center center","background-size":"auto","background-attachment":"scroll","background-type":"","background-media":"","overlay-type":"","overlay-color":"","overlay-opacity":"","overlay-gradient":""},"mobile":{"background-color":"var(--ast-global-color-4)","background-image":"","background-repeat":"repeat","background-position":"center center","background-size":"auto","background-attachment":"scroll","background-type":"","background-media":"","overlay-type":"","overlay-color":"","overlay-opacity":"","overlay-gradient":""}},"footnotes":""},"class_list":["post-834","page","type-page","status-publish","hentry"],"yoast_head":"<!-- This site is optimized with the Yoast SEO plugin v25.7 - https:\/\/yoast.com\/wordpress\/plugins\/seo\/ -->\n<title>Vanliga fr\u00e5gor om Helsingfors-Stockholmf\u00e4rjan<\/title>\n<meta name=\"description\" content=\"Svar p\u00e5 alla dina fr\u00e5gor om Helsingfors-Stockholmsf\u00e4rjan med Tallink eller Viking Line.\" \/>\n<meta name=\"robots\" content=\"index, follow, max-snippet:-1, max-image-preview:large, max-video-preview:-1\" \/>\n<link rel=\"canonical\" href=\"https:\/\/helsinki-stockholm.info\/sv\/faq\/\" \/>\n<meta property=\"og:locale\" content=\"sv_SE\" \/>\n<meta property=\"og:type\" content=\"article\" \/>\n<meta property=\"og:title\" content=\"Vanliga fr\u00e5gor om Helsingfors-Stockholmf\u00e4rjan\" \/>\n<meta property=\"og:description\" content=\"Svar p\u00e5 alla dina fr\u00e5gor om Helsingfors-Stockholmsf\u00e4rjan med Tallink eller Viking Line.\" \/>\n<meta property=\"og:url\" content=\"https:\/\/helsinki-stockholm.info\/sv\/faq\/\" \/>\n<meta property=\"og:site_name\" content=\"helsinki-stockholm.info\" \/>\n<meta property=\"article:modified_time\" content=\"2025-08-25T08:24:32+00:00\" \/>\n<meta name=\"twitter:card\" content=\"summary_large_image\" \/>\n<meta name=\"twitter:label1\" content=\"Ber\u00e4knad l\u00e4stid\" \/>\n\t<meta name=\"twitter:data1\" content=\"2 minuter\" \/>\n<script type=\"application\/ld+json\" class=\"yoast-schema-graph\">{\"@context\":\"https:\/\/schema.org\",\"@graph\":[{\"@type\":[\"WebPage\",\"FAQPage\"],\"@id\":\"https:\/\/helsinki-stockholm.info\/sv\/faq\/\",\"url\":\"https:\/\/helsinki-stockholm.info\/sv\/faq\/\",\"name\":\"Vanliga fr\u00e5gor om Helsingfors-Stockholmf\u00e4rjan\",\"isPartOf\":{\"@id\":\"https:\/\/helsinki-stockholm.info\/fi\/#website\"},\"datePublished\":\"2025-08-15T11:17:52+00:00\",\"dateModified\":\"2025-08-25T08:24:32+00:00\",\"description\":\"Svar p\u00e5 alla dina fr\u00e5gor om Helsingfors-Stockholmsf\u00e4rjan med Tallink eller Viking Line.\",\"breadcrumb\":{\"@id\":\"https:\/\/helsinki-stockholm.info\/sv\/faq\/#breadcrumb\"},\"mainEntity\":[{\"@id\":\"https:\/\/helsinki-stockholm.info\/sv\/faq\/#faq-question-1755257004109\"},{\"@id\":\"https:\/\/helsinki-stockholm.info\/sv\/faq\/#faq-question-1755257065339\"},{\"@id\":\"https:\/\/helsinki-stockholm.info\/sv\/faq\/#faq-question-1755257107387\"},{\"@id\":\"https:\/\/helsinki-stockholm.info\/sv\/faq\/#faq-question-1755258218195\"},{\"@id\":\"https:\/\/helsinki-stockholm.info\/sv\/faq\/#faq-question-1755258324762\"}],\"inLanguage\":\"sv-SE\",\"potentialAction\":[{\"@type\":\"ReadAction\",\"target\":[\"https:\/\/helsinki-stockholm.info\/sv\/faq\/\"]}]},{\"@type\":\"BreadcrumbList\",\"@id\":\"https:\/\/helsinki-stockholm.info\/sv\/faq\/#breadcrumb\",\"itemListElement\":[{\"@type\":\"ListItem\",\"position\":1,\"name\":\"Home\",\"item\":\"https:\/\/helsinki-stockholm.info\/sv\/\"},{\"@type\":\"ListItem\",\"position\":2,\"name\":\"FAQ\"}]},{\"@type\":\"WebSite\",\"@id\":\"https:\/\/helsinki-stockholm.info\/fi\/#website\",\"url\":\"https:\/\/helsinki-stockholm.info\/fi\/\",\"name\":\"helsinki-stockholm.info\",\"description\":\"\",\"publisher\":{\"@id\":\"https:\/\/helsinki-stockholm.info\/fi\/#organization\"},\"potentialAction\":[{\"@type\":\"SearchAction\",\"target\":{\"@type\":\"EntryPoint\",\"urlTemplate\":\"https:\/\/helsinki-stockholm.info\/fi\/?s={search_term_string}\"},\"query-input\":{\"@type\":\"PropertyValueSpecification\",\"valueRequired\":true,\"valueName\":\"search_term_string\"}}],\"inLanguage\":\"sv-SE\"},{\"@type\":\"Organization\",\"@id\":\"https:\/\/helsinki-stockholm.info\/fi\/#organization\",\"name\":\"helsinki-stockholm.info\",\"url\":\"https:\/\/helsinki-stockholm.info\/fi\/\",\"logo\":{\"@type\":\"ImageObject\",\"inLanguage\":\"sv-SE\",\"@id\":\"https:\/\/helsinki-stockholm.info\/fi\/#\/schema\/logo\/image\/\",\"url\":\"https:\/\/helsinki-stockholm.info\/wp-content\/uploads\/2025\/07\/helsinki-stockholm-ferry-logo.svg\",\"contentUrl\":\"https:\/\/helsinki-stockholm.info\/wp-content\/uploads\/2025\/07\/helsinki-stockholm-ferry-logo.svg\",\"width\":422,\"height\":130,\"caption\":\"helsinki-stockholm.info\"},\"image\":{\"@id\":\"https:\/\/helsinki-stockholm.info\/fi\/#\/schema\/logo\/image\/\"}},{\"@type\":\"Question\",\"@id\":\"https:\/\/helsinki-stockholm.info\/sv\/faq\/#faq-question-1755257004109\",\"position\":1,\"url\":\"https:\/\/helsinki-stockholm.info\/sv\/faq\/#faq-question-1755257004109\",\"name\":\"Kan jag ocks\u00e5 resa som fotg\u00e4ngare (utan bil) mellan Helsingfors och Stockholm med f\u00e4rja?\",\"answerCount\":1,\"acceptedAnswer\":{\"@type\":\"Answer\",\"text\":\"Ja, du kan \u00e4ven \u00f6verfarta utan bil. B\u00e5de <a href=\\\"https:\/\/helsinki-stockholm.info\/sv\/viking-line\/\\\">Viking Line<\/a> och <a href=\\\"https:\/\/helsinki-stockholm.info\/sv\/tallink\/\\\">Tallink (Silja Line)<\/a> erbjuder biljetter till fots.\",\"inLanguage\":\"sv-SE\"},\"inLanguage\":\"sv-SE\"},{\"@type\":\"Question\",\"@id\":\"https:\/\/helsinki-stockholm.info\/sv\/faq\/#faq-question-1755257065339\",\"position\":2,\"url\":\"https:\/\/helsinki-stockholm.info\/sv\/faq\/#faq-question-1755257065339\",\"name\":\"Kan jag betala med ett VISA-kort?\",\"answerCount\":1,\"acceptedAnswer\":{\"@type\":\"Answer\",\"text\":\"B\u00e5da leverant\u00f6rerna accepterar VISA-kort. De flesta betalningsalternativen \u00e4r tillg\u00e4ngliga via paraplyplattformen <a href=\\\"https:\/\/helsinki-stockholm.info\/sv\/go\/directferries\\\" target=\\\"_blank\\\" rel=\\\"noreferrer noopener\\\">DirectFerries.com<\/a>, d\u00e4r du ocks\u00e5 kan betala med PayPal.\",\"inLanguage\":\"sv-SE\"},\"inLanguage\":\"sv-SE\"},{\"@type\":\"Question\",\"@id\":\"https:\/\/helsinki-stockholm.info\/sv\/faq\/#faq-question-1755257107387\",\"position\":3,\"url\":\"https:\/\/helsinki-stockholm.info\/sv\/faq\/#faq-question-1755257107387\",\"name\":\"Finns det flera f\u00e4rjebolag som trafikerar mellan Stockholm och Helsingfors?\",\"answerCount\":1,\"acceptedAnswer\":{\"@type\":\"Answer\",\"text\":\"Ja, det finns tv\u00e5 stora operat\u00f6rer: Viking Line och Tallink (Silja Line). Det \u00e4r klokt att j\u00e4mf\u00f6ra priser fr\u00e5n olika leverant\u00f6rer innan du bokar.\",\"inLanguage\":\"sv-SE\"},\"inLanguage\":\"sv-SE\"},{\"@type\":\"Question\",\"@id\":\"https:\/\/helsinki-stockholm.info\/sv\/faq\/#faq-question-1755258218195\",\"position\":4,\"url\":\"https:\/\/helsinki-stockholm.info\/sv\/faq\/#faq-question-1755258218195\",\"name\":\"Hur l\u00e5ng \u00e4r \u00f6verfarten fr\u00e5n Helsingfors till Stockholm (och vice versa)?\",\"answerCount\":1,\"acceptedAnswer\":{\"@type\":\"Answer\",\"text\":\"\u00d6verfarten tar cirka 17 timmar. Det finns mycket att g\u00f6ra ombord p\u00e5 f\u00e4rjan (b\u00e5de Viking Line och Tallink). Du kan till exempel njuta av en m\u00e5ltid p\u00e5 en restaurang eller spela ett spel i spelhallen under \u00f6verfarten.\",\"inLanguage\":\"sv-SE\"},\"inLanguage\":\"sv-SE\"},{\"@type\":\"Question\",\"@id\":\"https:\/\/helsinki-stockholm.info\/sv\/faq\/#faq-question-1755258324762\",\"position\":5,\"url\":\"https:\/\/helsinki-stockholm.info\/sv\/faq\/#faq-question-1755258324762\",\"name\":\"\u00c4r det en nattf\u00e4rja eller kan jag \u00e5ka \u00f6ver under dagen?\",\"answerCount\":1,\"acceptedAnswer\":{\"@type\":\"Answer\",\"text\":\"F\u00e4rjorna mellan Helsingfors och Stockholm g\u00e5r endast p\u00e5 natten. De avg\u00e5r sent p\u00e5 eftermiddagen och anl\u00e4nder tidigt p\u00e5 morgonen. Du m\u00e5ste boka en hytt f\u00f6r att sova i under \u00f6verfarten.\",\"inLanguage\":\"sv-SE\"},\"inLanguage\":\"sv-SE\"}]}<\/script>\n<!-- \/ Yoast SEO plugin. -->","yoast_head_json":{"title":"Vanliga fr\u00e5gor om Helsingfors-Stockholmf\u00e4rjan","description":"Svar p\u00e5 alla dina fr\u00e5gor om Helsingfors-Stockholmsf\u00e4rjan med Tallink eller Viking Line.","robots":{"index":"index","follow":"follow","max-snippet":"max-snippet:-1","max-image-preview":"max-image-preview:large","max-video-preview":"max-video-preview:-1"},"canonical":"https:\/\/helsinki-stockholm.info\/sv\/faq\/","og_locale":"sv_SE","og_type":"article","og_title":"Vanliga fr\u00e5gor om Helsingfors-Stockholmf\u00e4rjan","og_description":"Svar p\u00e5 alla dina fr\u00e5gor om Helsingfors-Stockholmsf\u00e4rjan med Tallink eller Viking Line.","og_url":"https:\/\/helsinki-stockholm.info\/sv\/faq\/","og_site_name":"helsinki-stockholm.info","article_modified_time":"2025-08-25T08:24:32+00:00","twitter_card":"summary_large_image","twitter_misc":{"Ber\u00e4knad l\u00e4stid":"2 minuter"},"schema":{"@context":"https:\/\/schema.org","@graph":[{"@type":["WebPage","FAQPage"],"@id":"https:\/\/helsinki-stockholm.info\/sv\/faq\/","url":"https:\/\/helsinki-stockholm.info\/sv\/faq\/","name":"Vanliga fr\u00e5gor om Helsingfors-Stockholmf\u00e4rjan","isPartOf":{"@id":"https:\/\/helsinki-stockholm.info\/fi\/#website"},"datePublished":"2025-08-15T11:17:52+00:00","dateModified":"2025-08-25T08:24:32+00:00","description":"Svar p\u00e5 alla dina fr\u00e5gor om Helsingfors-Stockholmsf\u00e4rjan med Tallink eller Viking Line.","breadcrumb":{"@id":"https:\/\/helsinki-stockholm.info\/sv\/faq\/#breadcrumb"},"mainEntity":[{"@id":"https:\/\/helsinki-stockholm.info\/sv\/faq\/#faq-question-1755257004109"},{"@id":"https:\/\/helsinki-stockholm.info\/sv\/faq\/#faq-question-1755257065339"},{"@id":"https:\/\/helsinki-stockholm.info\/sv\/faq\/#faq-question-1755257107387"},{"@id":"https:\/\/helsinki-stockholm.info\/sv\/faq\/#faq-question-1755258218195"},{"@id":"https:\/\/helsinki-stockholm.info\/sv\/faq\/#faq-question-1755258324762"}],"inLanguage":"sv-SE","potentialAction":[{"@type":"ReadAction","target":["https:\/\/helsinki-stockholm.info\/sv\/faq\/"]}]},{"@type":"BreadcrumbList","@id":"https:\/\/helsinki-stockholm.info\/sv\/faq\/#breadcrumb","itemListElement":[{"@type":"ListItem","position":1,"name":"Home","item":"https:\/\/helsinki-stockholm.info\/sv\/"},{"@type":"ListItem","position":2,"name":"FAQ"}]},{"@type":"WebSite","@id":"https:\/\/helsinki-stockholm.info\/fi\/#website","url":"https:\/\/helsinki-stockholm.info\/fi\/","name":"helsinki-stockholm.info","description":"","publisher":{"@id":"https:\/\/helsinki-stockholm.info\/fi\/#organization"},"potentialAction":[{"@type":"SearchAction","target":{"@type":"EntryPoint","urlTemplate":"https:\/\/helsinki-stockholm.info\/fi\/?s={search_term_string}"},"query-input":{"@type":"PropertyValueSpecification","valueRequired":true,"valueName":"search_term_string"}}],"inLanguage":"sv-SE"},{"@type":"Organization","@id":"https:\/\/helsinki-stockholm.info\/fi\/#organization","name":"helsinki-stockholm.info","url":"https:\/\/helsinki-stockholm.info\/fi\/","logo":{"@type":"ImageObject","inLanguage":"sv-SE","@id":"https:\/\/helsinki-stockholm.info\/fi\/#\/schema\/logo\/image\/","url":"https:\/\/helsinki-stockholm.info\/wp-content\/uploads\/2025\/07\/helsinki-stockholm-ferry-logo.svg","contentUrl":"https:\/\/helsinki-stockholm.info\/wp-content\/uploads\/2025\/07\/helsinki-stockholm-ferry-logo.svg","width":422,"height":130,"caption":"helsinki-stockholm.info"},"image":{"@id":"https:\/\/helsinki-stockholm.info\/fi\/#\/schema\/logo\/image\/"}},{"@type":"Question","@id":"https:\/\/helsinki-stockholm.info\/sv\/faq\/#faq-question-1755257004109","position":1,"url":"https:\/\/helsinki-stockholm.info\/sv\/faq\/#faq-question-1755257004109","name":"Kan jag ocks\u00e5 resa som fotg\u00e4ngare (utan bil) mellan Helsingfors och Stockholm med f\u00e4rja?","answerCount":1,"acceptedAnswer":{"@type":"Answer","text":"Ja, du kan \u00e4ven \u00f6verfarta utan bil. B\u00e5de <a href=\"https:\/\/helsinki-stockholm.info\/sv\/viking-line\/\">Viking Line<\/a> och <a href=\"https:\/\/helsinki-stockholm.info\/sv\/tallink\/\">Tallink (Silja Line)<\/a> erbjuder biljetter till fots.","inLanguage":"sv-SE"},"inLanguage":"sv-SE"},{"@type":"Question","@id":"https:\/\/helsinki-stockholm.info\/sv\/faq\/#faq-question-1755257065339","position":2,"url":"https:\/\/helsinki-stockholm.info\/sv\/faq\/#faq-question-1755257065339","name":"Kan jag betala med ett VISA-kort?","answerCount":1,"acceptedAnswer":{"@type":"Answer","text":"B\u00e5da leverant\u00f6rerna accepterar VISA-kort. De flesta betalningsalternativen \u00e4r tillg\u00e4ngliga via paraplyplattformen <a href=\"https:\/\/helsinki-stockholm.info\/sv\/go\/directferries\" target=\"_blank\" rel=\"noreferrer noopener\">DirectFerries.com<\/a>, d\u00e4r du ocks\u00e5 kan betala med PayPal.","inLanguage":"sv-SE"},"inLanguage":"sv-SE"},{"@type":"Question","@id":"https:\/\/helsinki-stockholm.info\/sv\/faq\/#faq-question-1755257107387","position":3,"url":"https:\/\/helsinki-stockholm.info\/sv\/faq\/#faq-question-1755257107387","name":"Finns det flera f\u00e4rjebolag som trafikerar mellan Stockholm och Helsingfors?","answerCount":1,"acceptedAnswer":{"@type":"Answer","text":"Ja, det finns tv\u00e5 stora operat\u00f6rer: Viking Line och Tallink (Silja Line). Det \u00e4r klokt att j\u00e4mf\u00f6ra priser fr\u00e5n olika leverant\u00f6rer innan du bokar.","inLanguage":"sv-SE"},"inLanguage":"sv-SE"},{"@type":"Question","@id":"https:\/\/helsinki-stockholm.info\/sv\/faq\/#faq-question-1755258218195","position":4,"url":"https:\/\/helsinki-stockholm.info\/sv\/faq\/#faq-question-1755258218195","name":"Hur l\u00e5ng \u00e4r \u00f6verfarten fr\u00e5n Helsingfors till Stockholm (och vice versa)?","answerCount":1,"acceptedAnswer":{"@type":"Answer","text":"\u00d6verfarten tar cirka 17 timmar. Det finns mycket att g\u00f6ra ombord p\u00e5 f\u00e4rjan (b\u00e5de Viking Line och Tallink). Du kan till exempel njuta av en m\u00e5ltid p\u00e5 en restaurang eller spela ett spel i spelhallen under \u00f6verfarten.","inLanguage":"sv-SE"},"inLanguage":"sv-SE"},{"@type":"Question","@id":"https:\/\/helsinki-stockholm.info\/sv\/faq\/#faq-question-1755258324762","position":5,"url":"https:\/\/helsinki-stockholm.info\/sv\/faq\/#faq-question-1755258324762","name":"\u00c4r det en nattf\u00e4rja eller kan jag \u00e5ka \u00f6ver under dagen?","answerCount":1,"acceptedAnswer":{"@type":"Answer","text":"F\u00e4rjorna mellan Helsingfors och Stockholm g\u00e5r endast p\u00e5 natten. De avg\u00e5r sent p\u00e5 eftermiddagen och anl\u00e4nder tidigt p\u00e5 morgonen. Du m\u00e5ste boka en hytt f\u00f6r att sova i under \u00f6verfarten.","inLanguage":"sv-SE"},"inLanguage":"sv-SE"}]}},"_links":{"self":[{"href":"https:\/\/helsinki-stockholm.info\/sv\/wp-json\/wp\/v2\/pages\/834","targetHints":{"allow":["GET"]}}],"collection":[{"href":"https:\/\/helsinki-stockholm.info\/sv\/wp-json\/wp\/v2\/pages"}],"about":[{"href":"https:\/\/helsinki-stockholm.info\/sv\/wp-json\/wp\/v2\/types\/page"}],"author":[{"embeddable":true,"href":"https:\/\/helsinki-stockholm.info\/sv\/wp-json\/wp\/v2\/users\/1"}],"replies":[{"embeddable":true,"href":"https:\/\/helsinki-stockholm.info\/sv\/wp-json\/wp\/v2\/comments?post=834"}],"version-history":[{"count":2,"href":"https:\/\/helsinki-stockholm.info\/sv\/wp-json\/wp\/v2\/pages\/834\/revisions"}],"predecessor-version":[{"id":1108,"href":"https:\/\/helsinki-stockholm.info\/sv\/wp-json\/wp\/v2\/pages\/834\/revisions\/1108"}],"wp:attachment":[{"href":"https:\/\/helsinki-stockholm.info\/sv\/wp-json\/wp\/v2\/media?parent=834"}],"curies":[{"name":"wp","href":"https:\/\/api.w.org\/{rel}","templated":true}]}}