{"id":816,"date":"2025-08-15T11:28:51","date_gmt":"2025-08-15T11:28:51","guid":{"rendered":"https:\/\/helsinki-stockholm.info\/?page_id=816"},"modified":"2025-08-25T08:25:15","modified_gmt":"2025-08-25T08:25:15","slug":"integritetspolicy","status":"publish","type":"page","link":"https:\/\/helsinki-stockholm.info\/sv\/integritetspolicy\/","title":{"rendered":"Integritetspolicy"},"content":{"rendered":"\n<h1 class=\"wp-block-heading\">Integritetspolicy<\/h1>\n\n\n\n<p>Denna webbplats \u00e4gs av FerryGoGo B.V. P\u00e5 denna sida kan du l\u00e4sa mer om hur vi hanterar personuppgifter och cookies p\u00e5 v\u00e5r webbplats. Om du har n\u00e5gra fr\u00e5gor om behandlingen av dina personuppgifter efter att ha l\u00e4st integritetspolicyn, v\u00e4nligen kontakta oss.<\/p>\n\n\n\n<p>Om oss: Om du vill ha mer information om anv\u00e4ndningen av denna webbplats kan du kontakta oss via uppgifterna nedan:<\/p>\n\n\n\n<p>F\u00f6retagsuppgifter (ingen bes\u00f6ksadress)<\/p>\n\n\n\n<p>FerryGoGo B.V.<br>Jufferstraat 3<br>3701AD<br>Zeist<\/p>\n\n\n\n<ol class=\"wp-block-list\">\n<li>Personuppgifter vi behandlar<br>FerryGoGo B.V. behandlar dina personuppgifter eftersom du anv\u00e4nder v\u00e5ra tj\u00e4nster och\/eller f\u00f6r att du sj\u00e4lv tillhandah\u00e5ller dessa uppgifter.<\/li>\n<\/ol>\n\n\n\n<p>Nedan f\u00f6ljer en \u00f6versikt \u00f6ver vilka personuppgifter vi (eventuellt) behandlar:<\/p>\n\n\n\n<ul class=\"wp-block-list\">\n<li>F\u00f6r- och efternamn (endast om du aktivt l\u00e4mnar detta, vi g\u00f6r inget mer med det)<\/li>\n\n\n\n<li>E-postadress (om du aktivt l\u00e4mnar detta i kommentarer eller din profil, vi g\u00f6r inget mer med det)<\/li>\n\n\n\n<li>IP-adress<\/li>\n\n\n\n<li>Webbl\u00e4sare och enhetstyp<\/li>\n\n\n\n<li>Loggfiler<\/li>\n<\/ul>\n\n\n\n<p>Om loggfiler:<\/p>\n\n\n\n<p>Likt de flesta andra webbplatser samlar vi in anonym data om anv\u00e4ndningen av denna webbplats i loggfiler. Informationen vi lagrar i loggfilerna inkluderar bland annat din IP-adress, din internetleverant\u00f6r (t.ex. XS4ALL, KPN, Tele2), webbl\u00e4saren du anv\u00e4nder (t.ex. Microsoft Edge, Google Chrome, Safari eller Firefox), tidpunkten f\u00f6r ditt bes\u00f6k, l\u00e4ngden p\u00e5 bes\u00f6ket och vilka sidor du bes\u00f6kt.<\/p>\n\n\n\n<p>Vi behandlar inte k\u00e4nsliga personuppgifter.<\/p>\n\n\n\n<ol start=\"2\" class=\"wp-block-list\">\n<li>Syfte och r\u00e4ttslig grund f\u00f6r behandlingen av personuppgifter<br>FerryGoGo B.V. behandlar dina personuppgifter f\u00f6r f\u00f6ljande \u00e4ndam\u00e5l:<\/li>\n<\/ol>\n\n\n\n<ul class=\"wp-block-list\">\n<li>Utskick av v\u00e5rt nyhetsbrev och\/eller reklamblad (om du prenumererar \u2013 opt-in), som vi beh\u00e5ller tills du avanm\u00e4ler dig.<\/li>\n\n\n\n<li>FerryGoGo B.V. analyserar ditt beteende p\u00e5 webbplatsen f\u00f6r att f\u00f6rb\u00e4ttra sidan och anpassa produkt- och tj\u00e4nsteutbudet efter dina preferenser.<\/li>\n\n\n\n<li>Fr\u00e5gor, svar och annan kontakt: Om du skickar en fr\u00e5ga eller beg\u00e4r information behandlar vi ditt namn och e-postadress f\u00f6r att kunna svara dig.<\/li>\n\n\n\n<li>IP-adress: vi behandlar din IP-adress n\u00e4r du bes\u00f6ker v\u00e5r webbplats, och den raderas efter 30 dagar. Dessa uppgifter kombineras inte med andra datak\u00e4llor. Den tillf\u00e4lliga lagringen av IP-adresser i loggfiler \u00e4r tekniskt n\u00f6dv\u00e4ndig.<\/li>\n<\/ul>\n\n\n\n<p>Delning av personuppgifter med tredje part:<\/p>\n\n\n\n<ul class=\"wp-block-list\">\n<li>Webbplatsens webbhotell<\/li>\n\n\n\n<li>Google Adsense &amp; Google Analytics<\/li>\n<\/ul>\n\n\n\n<p>Mer om annonser fr\u00e5n tredje part:<\/p>\n\n\n\n<p>F\u00f6r att st\u00f6dja webbplatsen anv\u00e4nder vi annonser fr\u00e5n tredje part. Vissa av dessa annons\u00f6rer kan anv\u00e4nda teknologier s\u00e5som cookies och web beacons. Dessa skickar information till annons\u00f6rer (t.ex. Google via Google AdSense) inklusive din IP-adress, vilken webbl\u00e4sare du anv\u00e4nder och ibland om du har Flash installerat.<\/p>\n\n\n\n<ol start=\"3\" class=\"wp-block-list\">\n<li>Cookies eller liknande tekniker vi anv\u00e4nder<br>Vi anv\u00e4nder cookies p\u00e5 denna webbplats f\u00f6r funktionalitet, webbstatistik och marknadsf\u00f6ring.<\/li>\n<\/ol>\n\n\n\n<p>FerryGoGo B.V. anv\u00e4nder funktionella, analytiska och sp\u00e5rningscookies. En cookie \u00e4r en liten textfil som sparas i din webbl\u00e4sare vid f\u00f6rsta bes\u00f6ket. hoekvanholland-harwich.nl anv\u00e4nder cookies f\u00f6r rent teknisk funktionalitet. Dessa s\u00e4kerst\u00e4ller att webbplatsen fungerar korrekt och att dina inst\u00e4llningar sparas. De analytiska och funktionella cookies anv\u00e4nds \u00e4ven f\u00f6r att optimera webbplatsen. Vi placerar \u00e4ven cookies som f\u00f6ljer ditt surfbeteende f\u00f6r att kunna erbjuda anpassat inneh\u00e5ll och annonser.<\/p>\n\n\n\n<p>Cookies vi anv\u00e4nder:<\/p>\n\n\n\n<ul class=\"wp-block-list\">\n<li>Affiliate-n\u00e4tverkscookies: I vissa artiklar l\u00e4nkar vi till webbutiker vi samarbetar med via ett affiliate-n\u00e4tverk. En cookie placeras p\u00e5 en mellanliggande sida n\u00e4r du klickar. Dessa cookies \u00e4r n\u00f6dv\u00e4ndiga f\u00f6r att behandla potentiella transaktioner och \u00e4r en stor del av v\u00e5r int\u00e4ktsmodell. Mer information finns hos respektive webbutik.<\/li>\n\n\n\n<li>Google Adsense-cookies: Cookies fr\u00e5n Google Adsense placeras ocks\u00e5 p\u00e5 v\u00e5r webbplats. Dessa hj\u00e4lper till att visa relevanta annonser, vilket utg\u00f6r en del av v\u00e5r int\u00e4kt. Mer information finns h\u00e4r: <a href=\"https:\/\/policies.google.com\/technologies\/cookies?hl=sv\">https:\/\/policies.google.com\/technologies\/cookies?hl=sv<\/a><\/li>\n\n\n\n<li>Analytiska och funktionella cookies: Vi anv\u00e4nder Google Analytics f\u00f6r att analysera anv\u00e4ndarbeteende och f\u00f6rb\u00e4ttra webbplatsen. Analytiska cookies sparas i h\u00f6gst 50 m\u00e5nader.<br>Vid ditt f\u00f6rsta bes\u00f6k har vi informerat dig om dessa cookies och bett om ditt samtycke.<\/li>\n<\/ul>\n\n\n\n<p>Du kan v\u00e4lja bort cookies genom att st\u00e4lla in din webbl\u00e4sare s\u00e5 att den inte sparar cookies. Du kan ocks\u00e5 radera tidigare sparad information via webbl\u00e4sarens inst\u00e4llningar.<\/p>\n\n\n\n<p>Mer information om hantering av cookies finns p\u00e5 <a href=\"http:\/\/www.allaboutcookies.org\/\">www.allaboutcookies.org<\/a>.<\/p>\n\n\n\n<p>Opt-out: Om du har ett Google-konto kan du st\u00e4nga av anpassade annonser via inst\u00e4llningarna i Google Ads.<\/p>\n\n\n\n<ol start=\"4\" class=\"wp-block-list\">\n<li>Granska, \u00e4ndra eller radera uppgifter<br>Du har r\u00e4tt att se, korrigera eller radera dina personuppgifter. Du har ocks\u00e5 r\u00e4tt att \u00e5terkalla ditt samtycke eller inv\u00e4nda mot behandlingen, samt r\u00e4tt till dataportabilitet.<\/li>\n<\/ol>\n\n\n\n<p>Skicka din beg\u00e4ran om \u00e5tkomst, \u00e4ndring, radering, data\u00f6verf\u00f6ring, \u00e5terkallande av samtycke eller inv\u00e4ndning till <a href=\"mailto:info@ferrygogo.com\">info@ferrygogo.com<\/a>.<\/p>\n\n\n\n<p>F\u00f6r att s\u00e4kerst\u00e4lla att beg\u00e4ran kommer fr\u00e5n dig ber vi dig att bifoga en kopia av ditt ID. I kopian, svartmarkera g\u00e4rna foto, MRZ (maskinl\u00e4sbara zonen), passnummer och personnummer. Detta f\u00f6r att skydda din integritet. Vi svarar s\u00e5 snart som m\u00f6jligt, men inom fyra veckor.<\/p>\n\n\n\n<ol start=\"5\" class=\"wp-block-list\">\n<li>Hur vi skyddar personuppgifter<br>FerryGoGo B.V. tar skyddet av dina uppgifter p\u00e5 allvar och vidtar l\u00e4mpliga \u00e5tg\u00e4rder f\u00f6r att f\u00f6rhindra missbruk, f\u00f6rlust, obeh\u00f6rig \u00e5tkomst, o\u00f6nskat avsl\u00f6jande och otill\u00e5ten \u00e4ndring. Om du misst\u00e4nker att dina uppgifter inte \u00e4r s\u00e4kra, v\u00e4nligen kontakta v\u00e5r kundtj\u00e4nst eller e-posta <a href=\"mailto:info@ferrygogo.com\">info@ferrygogo.com<\/a>.<\/li>\n<\/ol>\n","protected":false},"excerpt":{"rendered":"<p>Integritetspolicy Denna webbplats \u00e4gs av FerryGoGo B.V. P\u00e5 denna sida kan du l\u00e4sa mer om hur vi hanterar personuppgifter och [&hellip;]<\/p>\n","protected":false},"author":1,"featured_media":0,"parent":0,"menu_order":0,"comment_status":"closed","ping_status":"closed","template":"","meta":{"inline_featured_image":false,"site-sidebar-layout":"default","site-content-layout":"","ast-site-content-layout":"default","site-content-style":"default","site-sidebar-style":"default","ast-global-header-display":"","ast-banner-title-visibility":"","ast-main-header-display":"","ast-hfb-above-header-display":"","ast-hfb-below-header-display":"","ast-hfb-mobile-header-display":"","site-post-title":"","ast-breadcrumbs-content":"","ast-featured-img":"","footer-sml-layout":"","theme-transparent-header-meta":"","adv-header-id-meta":"","stick-header-meta":"","header-above-stick-meta":"","header-main-stick-meta":"","header-below-stick-meta":"","astra-migrate-meta-layouts":"default","ast-page-background-enabled":"default","ast-page-background-meta":{"desktop":{"background-color":"var(--ast-global-color-5)","background-image":"","background-repeat":"repeat","background-position":"center center","background-size":"auto","background-attachment":"scroll","background-type":"","background-media":"","overlay-type":"","overlay-color":"","overlay-opacity":"","overlay-gradient":""},"tablet":{"background-color":"","background-image":"","background-repeat":"repeat","background-position":"center center","background-size":"auto","background-attachment":"scroll","background-type":"","background-media":"","overlay-type":"","overlay-color":"","overlay-opacity":"","overlay-gradient":""},"mobile":{"background-color":"","background-image":"","background-repeat":"repeat","background-position":"center center","background-size":"auto","background-attachment":"scroll","background-type":"","background-media":"","overlay-type":"","overlay-color":"","overlay-opacity":"","overlay-gradient":""}},"ast-content-background-meta":{"desktop":{"background-color":"var(--ast-global-color-4)","background-image":"","background-repeat":"repeat","background-position":"center center","background-size":"auto","background-attachment":"scroll","background-type":"","background-media":"","overlay-type":"","overlay-color":"","overlay-opacity":"","overlay-gradient":""},"tablet":{"background-color":"var(--ast-global-color-4)","background-image":"","background-repeat":"repeat","background-position":"center center","background-size":"auto","background-attachment":"scroll","background-type":"","background-media":"","overlay-type":"","overlay-color":"","overlay-opacity":"","overlay-gradient":""},"mobile":{"background-color":"var(--ast-global-color-4)","background-image":"","background-repeat":"repeat","background-position":"center center","background-size":"auto","background-attachment":"scroll","background-type":"","background-media":"","overlay-type":"","overlay-color":"","overlay-opacity":"","overlay-gradient":""}},"footnotes":""},"class_list":["post-816","page","type-page","status-publish","hentry"],"yoast_head":"<!-- This site is optimized with the Yoast SEO plugin v25.7 - https:\/\/yoast.com\/wordpress\/plugins\/seo\/ -->\n<title>Integritetspolicy - helsinki-stockholm.info<\/title>\n<meta name=\"description\" content=\"Ta reda p\u00e5 vilka uppgifter vi kan komma att samla in p\u00e5 Helsinki-Stockholm.info och varf\u00f6r.\" \/>\n<meta name=\"robots\" content=\"index, follow, max-snippet:-1, max-image-preview:large, max-video-preview:-1\" \/>\n<link rel=\"canonical\" href=\"https:\/\/helsinki-stockholm.info\/sv\/integritetspolicy\/\" \/>\n<meta property=\"og:locale\" content=\"sv_SE\" \/>\n<meta property=\"og:type\" content=\"article\" \/>\n<meta property=\"og:title\" content=\"Integritetspolicy - helsinki-stockholm.info\" \/>\n<meta property=\"og:description\" content=\"Ta reda p\u00e5 vilka uppgifter vi kan komma att samla in p\u00e5 Helsinki-Stockholm.info och varf\u00f6r.\" \/>\n<meta property=\"og:url\" content=\"https:\/\/helsinki-stockholm.info\/sv\/integritetspolicy\/\" \/>\n<meta property=\"og:site_name\" content=\"helsinki-stockholm.info\" \/>\n<meta property=\"article:modified_time\" content=\"2025-08-25T08:25:15+00:00\" \/>\n<meta name=\"twitter:card\" content=\"summary_large_image\" \/>\n<meta name=\"twitter:label1\" content=\"Ber\u00e4knad l\u00e4stid\" \/>\n\t<meta name=\"twitter:data1\" content=\"4 minuter\" \/>\n<script type=\"application\/ld+json\" class=\"yoast-schema-graph\">{\"@context\":\"https:\/\/schema.org\",\"@graph\":[{\"@type\":\"WebPage\",\"@id\":\"https:\/\/helsinki-stockholm.info\/sv\/integritetspolicy\/\",\"url\":\"https:\/\/helsinki-stockholm.info\/sv\/integritetspolicy\/\",\"name\":\"Integritetspolicy - helsinki-stockholm.info\",\"isPartOf\":{\"@id\":\"https:\/\/helsinki-stockholm.info\/fi\/#website\"},\"datePublished\":\"2025-08-15T11:28:51+00:00\",\"dateModified\":\"2025-08-25T08:25:15+00:00\",\"description\":\"Ta reda p\u00e5 vilka uppgifter vi kan komma att samla in p\u00e5 Helsinki-Stockholm.info och varf\u00f6r.\",\"breadcrumb\":{\"@id\":\"https:\/\/helsinki-stockholm.info\/sv\/integritetspolicy\/#breadcrumb\"},\"inLanguage\":\"sv-SE\",\"potentialAction\":[{\"@type\":\"ReadAction\",\"target\":[\"https:\/\/helsinki-stockholm.info\/sv\/integritetspolicy\/\"]}]},{\"@type\":\"BreadcrumbList\",\"@id\":\"https:\/\/helsinki-stockholm.info\/sv\/integritetspolicy\/#breadcrumb\",\"itemListElement\":[{\"@type\":\"ListItem\",\"position\":1,\"name\":\"Home\",\"item\":\"https:\/\/helsinki-stockholm.info\/sv\/\"},{\"@type\":\"ListItem\",\"position\":2,\"name\":\"Integritetspolicy\"}]},{\"@type\":\"WebSite\",\"@id\":\"https:\/\/helsinki-stockholm.info\/fi\/#website\",\"url\":\"https:\/\/helsinki-stockholm.info\/fi\/\",\"name\":\"helsinki-stockholm.info\",\"description\":\"\",\"publisher\":{\"@id\":\"https:\/\/helsinki-stockholm.info\/fi\/#organization\"},\"potentialAction\":[{\"@type\":\"SearchAction\",\"target\":{\"@type\":\"EntryPoint\",\"urlTemplate\":\"https:\/\/helsinki-stockholm.info\/fi\/?s={search_term_string}\"},\"query-input\":{\"@type\":\"PropertyValueSpecification\",\"valueRequired\":true,\"valueName\":\"search_term_string\"}}],\"inLanguage\":\"sv-SE\"},{\"@type\":\"Organization\",\"@id\":\"https:\/\/helsinki-stockholm.info\/fi\/#organization\",\"name\":\"helsinki-stockholm.info\",\"url\":\"https:\/\/helsinki-stockholm.info\/fi\/\",\"logo\":{\"@type\":\"ImageObject\",\"inLanguage\":\"sv-SE\",\"@id\":\"https:\/\/helsinki-stockholm.info\/fi\/#\/schema\/logo\/image\/\",\"url\":\"https:\/\/helsinki-stockholm.info\/wp-content\/uploads\/2025\/07\/helsinki-stockholm-ferry-logo.svg\",\"contentUrl\":\"https:\/\/helsinki-stockholm.info\/wp-content\/uploads\/2025\/07\/helsinki-stockholm-ferry-logo.svg\",\"width\":422,\"height\":130,\"caption\":\"helsinki-stockholm.info\"},\"image\":{\"@id\":\"https:\/\/helsinki-stockholm.info\/fi\/#\/schema\/logo\/image\/\"}}]}<\/script>\n<!-- \/ Yoast SEO plugin. -->","yoast_head_json":{"title":"Integritetspolicy - helsinki-stockholm.info","description":"Ta reda p\u00e5 vilka uppgifter vi kan komma att samla in p\u00e5 Helsinki-Stockholm.info och varf\u00f6r.","robots":{"index":"index","follow":"follow","max-snippet":"max-snippet:-1","max-image-preview":"max-image-preview:large","max-video-preview":"max-video-preview:-1"},"canonical":"https:\/\/helsinki-stockholm.info\/sv\/integritetspolicy\/","og_locale":"sv_SE","og_type":"article","og_title":"Integritetspolicy - helsinki-stockholm.info","og_description":"Ta reda p\u00e5 vilka uppgifter vi kan komma att samla in p\u00e5 Helsinki-Stockholm.info och varf\u00f6r.","og_url":"https:\/\/helsinki-stockholm.info\/sv\/integritetspolicy\/","og_site_name":"helsinki-stockholm.info","article_modified_time":"2025-08-25T08:25:15+00:00","twitter_card":"summary_large_image","twitter_misc":{"Ber\u00e4knad l\u00e4stid":"4 minuter"},"schema":{"@context":"https:\/\/schema.org","@graph":[{"@type":"WebPage","@id":"https:\/\/helsinki-stockholm.info\/sv\/integritetspolicy\/","url":"https:\/\/helsinki-stockholm.info\/sv\/integritetspolicy\/","name":"Integritetspolicy - helsinki-stockholm.info","isPartOf":{"@id":"https:\/\/helsinki-stockholm.info\/fi\/#website"},"datePublished":"2025-08-15T11:28:51+00:00","dateModified":"2025-08-25T08:25:15+00:00","description":"Ta reda p\u00e5 vilka uppgifter vi kan komma att samla in p\u00e5 Helsinki-Stockholm.info och varf\u00f6r.","breadcrumb":{"@id":"https:\/\/helsinki-stockholm.info\/sv\/integritetspolicy\/#breadcrumb"},"inLanguage":"sv-SE","potentialAction":[{"@type":"ReadAction","target":["https:\/\/helsinki-stockholm.info\/sv\/integritetspolicy\/"]}]},{"@type":"BreadcrumbList","@id":"https:\/\/helsinki-stockholm.info\/sv\/integritetspolicy\/#breadcrumb","itemListElement":[{"@type":"ListItem","position":1,"name":"Home","item":"https:\/\/helsinki-stockholm.info\/sv\/"},{"@type":"ListItem","position":2,"name":"Integritetspolicy"}]},{"@type":"WebSite","@id":"https:\/\/helsinki-stockholm.info\/fi\/#website","url":"https:\/\/helsinki-stockholm.info\/fi\/","name":"helsinki-stockholm.info","description":"","publisher":{"@id":"https:\/\/helsinki-stockholm.info\/fi\/#organization"},"potentialAction":[{"@type":"SearchAction","target":{"@type":"EntryPoint","urlTemplate":"https:\/\/helsinki-stockholm.info\/fi\/?s={search_term_string}"},"query-input":{"@type":"PropertyValueSpecification","valueRequired":true,"valueName":"search_term_string"}}],"inLanguage":"sv-SE"},{"@type":"Organization","@id":"https:\/\/helsinki-stockholm.info\/fi\/#organization","name":"helsinki-stockholm.info","url":"https:\/\/helsinki-stockholm.info\/fi\/","logo":{"@type":"ImageObject","inLanguage":"sv-SE","@id":"https:\/\/helsinki-stockholm.info\/fi\/#\/schema\/logo\/image\/","url":"https:\/\/helsinki-stockholm.info\/wp-content\/uploads\/2025\/07\/helsinki-stockholm-ferry-logo.svg","contentUrl":"https:\/\/helsinki-stockholm.info\/wp-content\/uploads\/2025\/07\/helsinki-stockholm-ferry-logo.svg","width":422,"height":130,"caption":"helsinki-stockholm.info"},"image":{"@id":"https:\/\/helsinki-stockholm.info\/fi\/#\/schema\/logo\/image\/"}}]}},"_links":{"self":[{"href":"https:\/\/helsinki-stockholm.info\/sv\/wp-json\/wp\/v2\/pages\/816","targetHints":{"allow":["GET"]}}],"collection":[{"href":"https:\/\/helsinki-stockholm.info\/sv\/wp-json\/wp\/v2\/pages"}],"about":[{"href":"https:\/\/helsinki-stockholm.info\/sv\/wp-json\/wp\/v2\/types\/page"}],"author":[{"embeddable":true,"href":"https:\/\/helsinki-stockholm.info\/sv\/wp-json\/wp\/v2\/users\/1"}],"replies":[{"embeddable":true,"href":"https:\/\/helsinki-stockholm.info\/sv\/wp-json\/wp\/v2\/comments?post=816"}],"version-history":[{"count":1,"href":"https:\/\/helsinki-stockholm.info\/sv\/wp-json\/wp\/v2\/pages\/816\/revisions"}],"predecessor-version":[{"id":817,"href":"https:\/\/helsinki-stockholm.info\/sv\/wp-json\/wp\/v2\/pages\/816\/revisions\/817"}],"wp:attachment":[{"href":"https:\/\/helsinki-stockholm.info\/sv\/wp-json\/wp\/v2\/media?parent=816"}],"curies":[{"name":"wp","href":"https:\/\/api.w.org\/{rel}","templated":true}]}}