{"id":710,"date":"2025-08-12T12:14:00","date_gmt":"2025-08-12T12:14:00","guid":{"rendered":"https:\/\/helsinki-stockholm.info\/?page_id=710"},"modified":"2025-08-25T08:25:35","modified_gmt":"2025-08-25T08:25:35","slug":"priser","status":"publish","type":"page","link":"https:\/\/helsinki-stockholm.info\/sv\/priser\/","title":{"rendered":"Priser"},"content":{"rendered":"\t\t<div data-elementor-type=\"wp-page\" data-elementor-id=\"710\" class=\"elementor elementor-710 elementor-580\">\n\t\t\t\t<div class=\"elementor-element elementor-element-7705637 e-con-full e-flex e-con e-parent\" data-id=\"7705637\" data-element_type=\"container\" data-settings=\"{&quot;background_background&quot;:&quot;classic&quot;}\">\n\t\t<div class=\"elementor-element elementor-element-608b1f8 e-con-full e-flex e-con e-child\" data-id=\"608b1f8\" data-element_type=\"container\">\n\t\t\t\t<div class=\"elementor-element elementor-element-ee5d0ff elementor-widget elementor-widget-heading\" data-id=\"ee5d0ff\" data-element_type=\"widget\" data-widget_type=\"heading.default\">\n\t\t\t\t\t<h1 class=\"elementor-heading-title elementor-size-default\">Priser<\/h1>\t\t\t\t<\/div>\n\t\t\t\t<div class=\"elementor-element elementor-element-ab3fba4 elementor-widget elementor-widget-text-editor\" data-id=\"ab3fba4\" data-element_type=\"widget\" data-widget_type=\"text-editor.default\">\n\t\t\t\t\t\t\t\t\t<p>Ta reda p\u00e5 hur mycket en f\u00e4rjebiljett kostar p\u00e5 rutten mellan Helsingfors och Stockholm.<\/p>\t\t\t\t\t\t\t\t<\/div>\n\t\t\t\t<\/div>\n\t\t<div class=\"elementor-element elementor-element-d5033d2 e-con-full e-flex e-con e-child\" data-id=\"d5033d2\" data-element_type=\"container\" data-settings=\"{&quot;background_background&quot;:&quot;classic&quot;}\">\n\t\t\t\t<\/div>\n\t\t\t\t<\/div>\n\t\t<div class=\"elementor-element elementor-element-1073141 e-flex e-con-boxed e-con e-parent\" data-id=\"1073141\" data-element_type=\"container\">\n\t\t\t\t\t<div class=\"e-con-inner\">\n\t\t<div class=\"elementor-element elementor-element-9b79236 e-con-full e-flex e-con e-child\" data-id=\"9b79236\" data-element_type=\"container\">\n\t\t\t\t<div class=\"elementor-element elementor-element-a8973e4 elementor-widget elementor-widget-heading\" data-id=\"a8973e4\" data-element_type=\"widget\" data-widget_type=\"heading.default\">\n\t\t\t\t\t<h2 class=\"elementor-heading-title elementor-size-default\">Biljetter fr\u00e5n 168,50 \u20ac<\/h2>\t\t\t\t<\/div>\n\t\t\t\t<div class=\"elementor-element elementor-element-ff457b9 elementor-widget elementor-widget-text-editor\" data-id=\"ff457b9\" data-element_type=\"widget\" data-widget_type=\"text-editor.default\">\n\t\t\t\t\t\t\t\t\t<p>F\u00e4rjebiljetter mellan Helsingfors och Stockholm b\u00f6rjar p\u00e5 168,50 \u20ac (Viking Line). Priset \u00e4r baserat p\u00e5 en enkelresa med en bil i standardstorlek och tv\u00e5 vuxna. Det exakta priset beror p\u00e5 faktorer som n\u00e4r du bokar, antalet passagerare och storleken p\u00e5 ditt fordon. Du kan ocks\u00e5 v\u00e4lja mellan olika hytter d\u00e4r du kan sova under \u00f6verfarten.<\/p>\t\t\t\t\t\t\t\t<\/div>\n\t\t\t\t<\/div>\n\t\t<div class=\"elementor-element elementor-element-063770a e-con-full e-flex e-con e-child\" data-id=\"063770a\" data-element_type=\"container\">\n\t\t\t\t<div class=\"elementor-element elementor-element-94ac58d ferry-widget elementor-widget elementor-widget-shortcode\" data-id=\"94ac58d\" data-element_type=\"widget\" data-widget_type=\"shortcode.default\">\n\t\t\t\t\t\t\t<div class=\"elementor-shortcode\">    <style>\n        #ferry-booking-form {\n            display: flex;\n            justify-content: space-between;\n            border: 3px solid #046bd2;\n            padding: 25px;\n            flex-wrap: wrap;\n            border-radius: 0px;\n            background-color: white;\n            box-sizing: border-box;\n        }\n        #ferry-booking-form div {\n            width: 22%;\n            margin-right: 2%;\n            margin-bottom: 10px;\n            display: flex;\n            flex-direction: column;\n            justify-content: center;\n        }\n        #ferry-booking-form div:last-child {\n            margin-right: 0;\n        }\n        #ferry-booking-form label {\n            display: block;\n            margin-bottom: 5px;\n            text-align: left;\n            color: #a9a9a9;\n            font-size: 13px;\n        }\n        #ferry-booking-form select {\n            width: 100%;\n            padding: 5px;\n        }\n        #ferry-booking-form select:disabled {\n            background-color: #e0e0e0;\n        }\n        #ferry-booking-form button {\n            padding: 15px 30px;\n            background-color: #ffa525;\n            color: white;\n            border: none;\n            border-radius: 10px;\n            cursor: pointer;\n            transition: background-color 0.3s ease;\n            display: flex;\n            align-items: center;\n            justify-content: center;\n            text-align: center;\n        }\n        #ferry-booking-form button:hover {\n            background-color: #e88b13;\n        }\n        #ferry-booking-form button::after {\n            content: \" \u2197\";\n            font-size: 18px;\n            margin-left: 5px;\n        }\n        @media (max-width: 768px) {\n            #ferry-booking-form {\n                flex-direction: column;\n                align-items: center;\n                padding: 15px;\n            }\n            #ferry-booking-form div {\n                width: 100%;\n                margin-right: 0;\n                margin-bottom: 15px;\n            }\n            #ferry-booking-form button {\n                width: 100%;\n                padding: 15px;\n            }\n        }\n    <\/style>\n\n    <form id=\"ferry-booking-form\">\n        <div>\n            <label for=\"departure\">AVG\u00c5NGSHAMN:<\/label>\n            <select id=\"departure\" name=\"departure\">\n                <!-- value = canonieke slug voor URL; label = Zweedse naam -->\n                <option value=\"Helsinki\">Helsingfors<\/option>\n                <option value=\"Stockholm\">Stockholm<\/option>\n            <\/select>\n        <\/div>\n\n        <div>\n            <label for=\"arrival\">ANKOMSTHAMN:<\/label>\n            <select id=\"arrival\" name=\"arrival\" disabled>\n                <option value=\"Stockholm\">Stockholm<\/option>\n                <option value=\"Helsinki\">Helsingfors<\/option>\n            <\/select>\n        <\/div>\n\n        <div>\n            <label for=\"operator\">F\u00c4RJEREDEDI:<\/label>\n            <select id=\"operator\" name=\"operator\">\n                <option value=\"none\">Ingen preferens<\/option>\n                <option value=\"VikingLine\">Viking Line<\/option>\n                <option value=\"TallinkSilja\">Tallink (Silja Line)<\/option>\n            <\/select>\n        <\/div>\n\n        <div>\n            <button type=\"button\" id=\"book-ticket\">Boka biljetter<\/button>\n        <\/div>\n    <\/form>\n\n    <script>\n        document.addEventListener('DOMContentLoaded', function() {\n            const departureSelect = document.getElementById('departure');\n            const arrivalSelect = document.getElementById('arrival');\n            const operatorSelect = document.getElementById('operator');\n            const bookButton = document.getElementById('book-ticket');\n\n            \/\/ Standard: Helsingfors (Helsinki) -> Stockholm\n            if (departureSelect.value === 'Helsinki') {\n                arrivalSelect.value = 'Stockholm';\n            }\n\n            \/\/ V\u00e4xla ankomst n\u00e4r avresa \u00e4ndras\n            departureSelect.addEventListener('change', function() {\n                arrivalSelect.value = (departureSelect.value === 'Helsinki') ? 'Stockholm' : 'Helsinki';\n            });\n\n            \/\/ Knapp \u2192 \u00f6ppna i ny flik\n            bookButton.addEventListener('click', function() {\n                const departure = departureSelect.value; \/\/ beh\u00e5ll canoniek 'Helsinki'\/'Stockholm'\n                const arrival = arrivalSelect.value;\n                const operator = operatorSelect.value;\n\n                let link = \"https:\/\/helsinki-stockholm.info\/sv\/go\/directferries\"; \/\/ standardl\u00e4nk\n\n                if (departure && arrival) {\n                    link = `https:\/\/helsinki-stockholm.info\/sv\/go\/${departure.toLowerCase()}-${arrival.toLowerCase()}`;\n                    if (operator !== 'none') {\n                        link += `\/${operator.toLowerCase()}`;\n                    }\n                }\n\n                window.open(link, '_blank');\n            });\n        });\n    <\/script>\n    <\/div>\n\t\t\t\t\t\t<\/div>\n\t\t\t\t<\/div>\n\t\t\t\t\t<\/div>\n\t\t\t\t<\/div>\n\t\t<div class=\"elementor-element elementor-element-5fb8f23 e-flex e-con-boxed e-con e-parent\" data-id=\"5fb8f23\" data-element_type=\"container\">\n\t\t\t\t\t<div class=\"e-con-inner\">\n\t\t<div class=\"elementor-element elementor-element-3c18acc e-con-full e-flex e-con e-child\" data-id=\"3c18acc\" data-element_type=\"container\">\n\t\t\t\t<div class=\"elementor-element elementor-element-a7f4dd8 elementor-widget elementor-widget-image\" data-id=\"a7f4dd8\" data-element_type=\"widget\" data-widget_type=\"image.default\">\n\t\t\t\t\t\t\t\t\t\t\t\t\t\t\t<img fetchpriority=\"high\" decoding=\"async\" width=\"1024\" height=\"683\" src=\"https:\/\/helsinki-stockholm.info\/wp-content\/uploads\/2025\/08\/helsinki-port-1024x683.jpg\" class=\"attachment-large size-large wp-image-398\" alt=\"helsinki port\" srcset=\"https:\/\/helsinki-stockholm.info\/wp-content\/uploads\/2025\/08\/helsinki-port-1024x683.jpg 1024w, https:\/\/helsinki-stockholm.info\/wp-content\/uploads\/2025\/08\/helsinki-port-300x200.jpg 300w, https:\/\/helsinki-stockholm.info\/wp-content\/uploads\/2025\/08\/helsinki-port-768x512.jpg 768w, https:\/\/helsinki-stockholm.info\/wp-content\/uploads\/2025\/08\/helsinki-port.jpg 1200w\" sizes=\"(max-width: 1024px) 100vw, 1024px\" \/>\t\t\t\t\t\t\t\t\t\t\t\t\t\t\t<\/div>\n\t\t\t\t<\/div>\n\t\t<div class=\"elementor-element elementor-element-caba26a e-con-full e-flex e-con e-child\" data-id=\"caba26a\" data-element_type=\"container\">\n\t\t\t\t<div class=\"elementor-element elementor-element-6c5dce0 elementor-widget elementor-widget-heading\" data-id=\"6c5dce0\" data-element_type=\"widget\" data-widget_type=\"heading.default\">\n\t\t\t\t\t<h2 class=\"elementor-heading-title elementor-size-default\">Faktorer som p\u00e5verkar priset<\/h2>\t\t\t\t<\/div>\n\t\t\t\t<div class=\"elementor-element elementor-element-6a35699 elementor-widget elementor-widget-text-editor\" data-id=\"6a35699\" data-element_type=\"widget\" data-widget_type=\"text-editor.default\">\n\t\t\t\t\t\t\t\t\t<p>Flera faktorer p\u00e5verkar ditt slutgiltiga pris f\u00f6r f\u00e4rjebiljetten. H\u00e4r \u00e4r en lista:<\/p><ul><li>Antal passagerare (barn och vuxna)<br \/>Fordonstyp (och storlek) och eventuella sl\u00e4pvagnar (husvagnar)<\/li><li>Typ av resa: enkel resa eller tur och retur<\/li><li>Bokningstid (ju tidigare desto billigare)<\/li><li>Tidtabell: Biljetter \u00e4r dyrare p\u00e5 helger och helgdagar (<a href=\"https:\/\/helsinki-stockholm.info\/sv\/tidtabell\/\">kolla tidtabellen h\u00e4r<\/a>)<\/li><\/ul>\t\t\t\t\t\t\t\t<\/div>\n\t\t\t\t<\/div>\n\t\t\t\t\t<\/div>\n\t\t\t\t<\/div>\n\t\t<div class=\"elementor-element elementor-element-f10b05a e-flex e-con-boxed e-con e-parent\" data-id=\"f10b05a\" data-element_type=\"container\">\n\t\t\t\t\t<div class=\"e-con-inner\">\n\t\t<div class=\"elementor-element elementor-element-30ba224 e-con-full e-flex e-con e-child\" data-id=\"30ba224\" data-element_type=\"container\" data-settings=\"{&quot;background_background&quot;:&quot;classic&quot;}\">\n\t\t\t\t<\/div>\n\t\t<div class=\"elementor-element elementor-element-f4ca8c6 e-con-full e-flex e-con e-child\" data-id=\"f4ca8c6\" data-element_type=\"container\" data-settings=\"{&quot;background_background&quot;:&quot;classic&quot;}\">\n\t\t\t\t<div class=\"elementor-element elementor-element-1948cfb elementor-widget elementor-widget-heading\" data-id=\"1948cfb\" data-element_type=\"widget\" data-widget_type=\"heading.default\">\n\t\t\t\t\t<h2 class=\"elementor-heading-title elementor-size-default\">Hur du sparar pengar p\u00e5 dina biljetter<\/h2>\t\t\t\t<\/div>\n\t\t\t\t<div class=\"elementor-element elementor-element-01f361d elementor-widget elementor-widget-text-editor\" data-id=\"01f361d\" data-element_type=\"widget\" data-widget_type=\"text-editor.default\">\n\t\t\t\t\t\t\t\t\t<ul><li>Boka dina f\u00e4rjebiljetter i god tid, ist\u00e4llet f\u00f6r i sista minuten.<\/li><li>Vill du ocks\u00e5 resa tillbaka K\u00f6p d\u00e5 en tur- och returbiljett med f\u00e4rjan nu.<\/li><li>J\u00e4mf\u00f6r priser fr\u00e5n olika leverant\u00f6rer (Viking Line vs. Tallink).<\/li><\/ul>\t\t\t\t\t\t\t\t<\/div>\n\t\t\t\t<div class=\"elementor-element elementor-element-5269169 elementor-mobile-align-justify elementor-widget elementor-widget-button\" data-id=\"5269169\" data-element_type=\"widget\" data-widget_type=\"button.default\">\n\t\t\t\t\t\t\t\t\t\t<a class=\"elementor-button elementor-button-link elementor-size-sm\" href=\"https:\/\/helsinki-stockholm.info\/sv\/go\/directferries\" target=\"_blank\">\n\t\t\t\t\t\t<span class=\"elementor-button-content-wrapper\">\n\t\t\t\t\t\t\t\t\t<span class=\"elementor-button-text\">Boka dina biljetter nu \u2197<\/span>\n\t\t\t\t\t<\/span>\n\t\t\t\t\t<\/a>\n\t\t\t\t\t\t\t\t<\/div>\n\t\t\t\t<\/div>\n\t\t\t\t\t<\/div>\n\t\t\t\t<\/div>\n\t\t\t\t<\/div>\n\t\t","protected":false},"excerpt":{"rendered":"<p>Priser Ta reda p\u00e5 hur mycket en f\u00e4rjebiljett kostar p\u00e5 rutten mellan Helsingfors och Stockholm. Biljetter fr\u00e5n 168,50 \u20ac F\u00e4rjebiljetter [&hellip;]<\/p>\n","protected":false},"author":1,"featured_media":0,"parent":0,"menu_order":0,"comment_status":"closed","ping_status":"closed","template":"","meta":{"inline_featured_image":false,"site-sidebar-layout":"no-sidebar","site-content-layout":"","ast-site-content-layout":"full-width-container","site-content-style":"default","site-sidebar-style":"default","ast-global-header-display":"","ast-banner-title-visibility":"","ast-main-header-display":"","ast-hfb-above-header-display":"","ast-hfb-below-header-display":"","ast-hfb-mobile-header-display":"","site-post-title":"","ast-breadcrumbs-content":"","ast-featured-img":"disabled","footer-sml-layout":"","theme-transparent-header-meta":"","adv-header-id-meta":"","stick-header-meta":"","header-above-stick-meta":"","header-main-stick-meta":"","header-below-stick-meta":"","astra-migrate-meta-layouts":"default","ast-page-background-enabled":"default","ast-page-background-meta":{"desktop":{"background-color":"var(--ast-global-color-5)","background-image":"","background-repeat":"repeat","background-position":"center center","background-size":"auto","background-attachment":"scroll","background-type":"","background-media":"","overlay-type":"","overlay-color":"","overlay-opacity":"","overlay-gradient":""},"tablet":{"background-color":"","background-image":"","background-repeat":"repeat","background-position":"center center","background-size":"auto","background-attachment":"scroll","background-type":"","background-media":"","overlay-type":"","overlay-color":"","overlay-opacity":"","overlay-gradient":""},"mobile":{"background-color":"","background-image":"","background-repeat":"repeat","background-position":"center center","background-size":"auto","background-attachment":"scroll","background-type":"","background-media":"","overlay-type":"","overlay-color":"","overlay-opacity":"","overlay-gradient":""}},"ast-content-background-meta":{"desktop":{"background-color":"var(--ast-global-color-4)","background-image":"","background-repeat":"repeat","background-position":"center center","background-size":"auto","background-attachment":"scroll","background-type":"","background-media":"","overlay-type":"","overlay-color":"","overlay-opacity":"","overlay-gradient":""},"tablet":{"background-color":"var(--ast-global-color-4)","background-image":"","background-repeat":"repeat","background-position":"center center","background-size":"auto","background-attachment":"scroll","background-type":"","background-media":"","overlay-type":"","overlay-color":"","overlay-opacity":"","overlay-gradient":""},"mobile":{"background-color":"var(--ast-global-color-4)","background-image":"","background-repeat":"repeat","background-position":"center center","background-size":"auto","background-attachment":"scroll","background-type":"","background-media":"","overlay-type":"","overlay-color":"","overlay-opacity":"","overlay-gradient":""}},"footnotes":""},"class_list":["post-710","page","type-page","status-publish","hentry"],"yoast_head":"<!-- This site is optimized with the Yoast SEO plugin v25.7 - https:\/\/yoast.com\/wordpress\/plugins\/seo\/ -->\n<title>Helsingfors Stockholm f\u00e4rjepriser<\/title>\n<meta name=\"description\" content=\"\u00d6versikt \u00f6ver f\u00e4rjepriser f\u00f6r Helsingfors Stockholm (Viking Line vs Tallink Silja Line).\" \/>\n<meta name=\"robots\" content=\"index, follow, max-snippet:-1, max-image-preview:large, max-video-preview:-1\" \/>\n<link rel=\"canonical\" href=\"https:\/\/helsinki-stockholm.info\/sv\/priser\/\" \/>\n<meta property=\"og:locale\" content=\"sv_SE\" \/>\n<meta property=\"og:type\" content=\"article\" \/>\n<meta property=\"og:title\" content=\"Helsingfors Stockholm f\u00e4rjepriser\" \/>\n<meta property=\"og:description\" content=\"\u00d6versikt \u00f6ver f\u00e4rjepriser f\u00f6r Helsingfors Stockholm (Viking Line vs Tallink Silja Line).\" \/>\n<meta property=\"og:url\" content=\"https:\/\/helsinki-stockholm.info\/sv\/priser\/\" \/>\n<meta property=\"og:site_name\" content=\"helsinki-stockholm.info\" \/>\n<meta property=\"article:modified_time\" content=\"2025-08-25T08:25:35+00:00\" \/>\n<meta property=\"og:image\" content=\"https:\/\/helsinki-stockholm.info\/wp-content\/uploads\/2025\/08\/helsinki-port-1024x683.jpg\" \/>\n<meta name=\"twitter:card\" content=\"summary_large_image\" \/>\n<meta name=\"twitter:label1\" content=\"Ber\u00e4knad l\u00e4stid\" \/>\n\t<meta name=\"twitter:data1\" content=\"1 minut\" \/>\n<script type=\"application\/ld+json\" class=\"yoast-schema-graph\">{\"@context\":\"https:\/\/schema.org\",\"@graph\":[{\"@type\":\"WebPage\",\"@id\":\"https:\/\/helsinki-stockholm.info\/sv\/priser\/\",\"url\":\"https:\/\/helsinki-stockholm.info\/sv\/priser\/\",\"name\":\"Helsingfors Stockholm f\u00e4rjepriser\",\"isPartOf\":{\"@id\":\"https:\/\/helsinki-stockholm.info\/fi\/#website\"},\"primaryImageOfPage\":{\"@id\":\"https:\/\/helsinki-stockholm.info\/sv\/priser\/#primaryimage\"},\"image\":{\"@id\":\"https:\/\/helsinki-stockholm.info\/sv\/priser\/#primaryimage\"},\"thumbnailUrl\":\"https:\/\/helsinki-stockholm.info\/wp-content\/uploads\/2025\/08\/helsinki-port-1024x683.jpg\",\"datePublished\":\"2025-08-12T12:14:00+00:00\",\"dateModified\":\"2025-08-25T08:25:35+00:00\",\"description\":\"\u00d6versikt \u00f6ver f\u00e4rjepriser f\u00f6r Helsingfors Stockholm (Viking Line vs Tallink Silja Line).\",\"breadcrumb\":{\"@id\":\"https:\/\/helsinki-stockholm.info\/sv\/priser\/#breadcrumb\"},\"inLanguage\":\"sv-SE\",\"potentialAction\":[{\"@type\":\"ReadAction\",\"target\":[\"https:\/\/helsinki-stockholm.info\/sv\/priser\/\"]}]},{\"@type\":\"ImageObject\",\"inLanguage\":\"sv-SE\",\"@id\":\"https:\/\/helsinki-stockholm.info\/sv\/priser\/#primaryimage\",\"url\":\"https:\/\/helsinki-stockholm.info\/wp-content\/uploads\/2025\/08\/helsinki-port-1024x683.jpg\",\"contentUrl\":\"https:\/\/helsinki-stockholm.info\/wp-content\/uploads\/2025\/08\/helsinki-port-1024x683.jpg\"},{\"@type\":\"BreadcrumbList\",\"@id\":\"https:\/\/helsinki-stockholm.info\/sv\/priser\/#breadcrumb\",\"itemListElement\":[{\"@type\":\"ListItem\",\"position\":1,\"name\":\"Home\",\"item\":\"https:\/\/helsinki-stockholm.info\/sv\/\"},{\"@type\":\"ListItem\",\"position\":2,\"name\":\"Priser\"}]},{\"@type\":\"WebSite\",\"@id\":\"https:\/\/helsinki-stockholm.info\/fi\/#website\",\"url\":\"https:\/\/helsinki-stockholm.info\/fi\/\",\"name\":\"helsinki-stockholm.info\",\"description\":\"\",\"publisher\":{\"@id\":\"https:\/\/helsinki-stockholm.info\/fi\/#organization\"},\"potentialAction\":[{\"@type\":\"SearchAction\",\"target\":{\"@type\":\"EntryPoint\",\"urlTemplate\":\"https:\/\/helsinki-stockholm.info\/fi\/?s={search_term_string}\"},\"query-input\":{\"@type\":\"PropertyValueSpecification\",\"valueRequired\":true,\"valueName\":\"search_term_string\"}}],\"inLanguage\":\"sv-SE\"},{\"@type\":\"Organization\",\"@id\":\"https:\/\/helsinki-stockholm.info\/fi\/#organization\",\"name\":\"helsinki-stockholm.info\",\"url\":\"https:\/\/helsinki-stockholm.info\/fi\/\",\"logo\":{\"@type\":\"ImageObject\",\"inLanguage\":\"sv-SE\",\"@id\":\"https:\/\/helsinki-stockholm.info\/fi\/#\/schema\/logo\/image\/\",\"url\":\"https:\/\/helsinki-stockholm.info\/wp-content\/uploads\/2025\/07\/helsinki-stockholm-ferry-logo.svg\",\"contentUrl\":\"https:\/\/helsinki-stockholm.info\/wp-content\/uploads\/2025\/07\/helsinki-stockholm-ferry-logo.svg\",\"width\":422,\"height\":130,\"caption\":\"helsinki-stockholm.info\"},\"image\":{\"@id\":\"https:\/\/helsinki-stockholm.info\/fi\/#\/schema\/logo\/image\/\"}}]}<\/script>\n<!-- \/ Yoast SEO plugin. -->","yoast_head_json":{"title":"Helsingfors Stockholm f\u00e4rjepriser","description":"\u00d6versikt \u00f6ver f\u00e4rjepriser f\u00f6r Helsingfors Stockholm (Viking Line vs Tallink Silja Line).","robots":{"index":"index","follow":"follow","max-snippet":"max-snippet:-1","max-image-preview":"max-image-preview:large","max-video-preview":"max-video-preview:-1"},"canonical":"https:\/\/helsinki-stockholm.info\/sv\/priser\/","og_locale":"sv_SE","og_type":"article","og_title":"Helsingfors Stockholm f\u00e4rjepriser","og_description":"\u00d6versikt \u00f6ver f\u00e4rjepriser f\u00f6r Helsingfors Stockholm (Viking Line vs Tallink Silja Line).","og_url":"https:\/\/helsinki-stockholm.info\/sv\/priser\/","og_site_name":"helsinki-stockholm.info","article_modified_time":"2025-08-25T08:25:35+00:00","og_image":[{"url":"https:\/\/helsinki-stockholm.info\/wp-content\/uploads\/2025\/08\/helsinki-port-1024x683.jpg","type":"","width":"","height":""}],"twitter_card":"summary_large_image","twitter_misc":{"Ber\u00e4knad l\u00e4stid":"1 minut"},"schema":{"@context":"https:\/\/schema.org","@graph":[{"@type":"WebPage","@id":"https:\/\/helsinki-stockholm.info\/sv\/priser\/","url":"https:\/\/helsinki-stockholm.info\/sv\/priser\/","name":"Helsingfors Stockholm f\u00e4rjepriser","isPartOf":{"@id":"https:\/\/helsinki-stockholm.info\/fi\/#website"},"primaryImageOfPage":{"@id":"https:\/\/helsinki-stockholm.info\/sv\/priser\/#primaryimage"},"image":{"@id":"https:\/\/helsinki-stockholm.info\/sv\/priser\/#primaryimage"},"thumbnailUrl":"https:\/\/helsinki-stockholm.info\/wp-content\/uploads\/2025\/08\/helsinki-port-1024x683.jpg","datePublished":"2025-08-12T12:14:00+00:00","dateModified":"2025-08-25T08:25:35+00:00","description":"\u00d6versikt \u00f6ver f\u00e4rjepriser f\u00f6r Helsingfors Stockholm (Viking Line vs Tallink Silja Line).","breadcrumb":{"@id":"https:\/\/helsinki-stockholm.info\/sv\/priser\/#breadcrumb"},"inLanguage":"sv-SE","potentialAction":[{"@type":"ReadAction","target":["https:\/\/helsinki-stockholm.info\/sv\/priser\/"]}]},{"@type":"ImageObject","inLanguage":"sv-SE","@id":"https:\/\/helsinki-stockholm.info\/sv\/priser\/#primaryimage","url":"https:\/\/helsinki-stockholm.info\/wp-content\/uploads\/2025\/08\/helsinki-port-1024x683.jpg","contentUrl":"https:\/\/helsinki-stockholm.info\/wp-content\/uploads\/2025\/08\/helsinki-port-1024x683.jpg"},{"@type":"BreadcrumbList","@id":"https:\/\/helsinki-stockholm.info\/sv\/priser\/#breadcrumb","itemListElement":[{"@type":"ListItem","position":1,"name":"Home","item":"https:\/\/helsinki-stockholm.info\/sv\/"},{"@type":"ListItem","position":2,"name":"Priser"}]},{"@type":"WebSite","@id":"https:\/\/helsinki-stockholm.info\/fi\/#website","url":"https:\/\/helsinki-stockholm.info\/fi\/","name":"helsinki-stockholm.info","description":"","publisher":{"@id":"https:\/\/helsinki-stockholm.info\/fi\/#organization"},"potentialAction":[{"@type":"SearchAction","target":{"@type":"EntryPoint","urlTemplate":"https:\/\/helsinki-stockholm.info\/fi\/?s={search_term_string}"},"query-input":{"@type":"PropertyValueSpecification","valueRequired":true,"valueName":"search_term_string"}}],"inLanguage":"sv-SE"},{"@type":"Organization","@id":"https:\/\/helsinki-stockholm.info\/fi\/#organization","name":"helsinki-stockholm.info","url":"https:\/\/helsinki-stockholm.info\/fi\/","logo":{"@type":"ImageObject","inLanguage":"sv-SE","@id":"https:\/\/helsinki-stockholm.info\/fi\/#\/schema\/logo\/image\/","url":"https:\/\/helsinki-stockholm.info\/wp-content\/uploads\/2025\/07\/helsinki-stockholm-ferry-logo.svg","contentUrl":"https:\/\/helsinki-stockholm.info\/wp-content\/uploads\/2025\/07\/helsinki-stockholm-ferry-logo.svg","width":422,"height":130,"caption":"helsinki-stockholm.info"},"image":{"@id":"https:\/\/helsinki-stockholm.info\/fi\/#\/schema\/logo\/image\/"}}]}},"_links":{"self":[{"href":"https:\/\/helsinki-stockholm.info\/sv\/wp-json\/wp\/v2\/pages\/710","targetHints":{"allow":["GET"]}}],"collection":[{"href":"https:\/\/helsinki-stockholm.info\/sv\/wp-json\/wp\/v2\/pages"}],"about":[{"href":"https:\/\/helsinki-stockholm.info\/sv\/wp-json\/wp\/v2\/types\/page"}],"author":[{"embeddable":true,"href":"https:\/\/helsinki-stockholm.info\/sv\/wp-json\/wp\/v2\/users\/1"}],"replies":[{"embeddable":true,"href":"https:\/\/helsinki-stockholm.info\/sv\/wp-json\/wp\/v2\/comments?post=710"}],"version-history":[{"count":4,"href":"https:\/\/helsinki-stockholm.info\/sv\/wp-json\/wp\/v2\/pages\/710\/revisions"}],"predecessor-version":[{"id":714,"href":"https:\/\/helsinki-stockholm.info\/sv\/wp-json\/wp\/v2\/pages\/710\/revisions\/714"}],"wp:attachment":[{"href":"https:\/\/helsinki-stockholm.info\/sv\/wp-json\/wp\/v2\/media?parent=710"}],"curies":[{"name":"wp","href":"https:\/\/api.w.org\/{rel}","templated":true}]}}