{"id":1012,"date":"2025-08-15T12:22:00","date_gmt":"2025-08-15T12:22:00","guid":{"rendered":"https:\/\/helsinki-stockholm.info\/?page_id=1012"},"modified":"2025-08-25T08:26:30","modified_gmt":"2025-08-25T08:26:30","slug":"tallink","status":"publish","type":"page","link":"https:\/\/helsinki-stockholm.info\/sv\/tallink\/","title":{"rendered":"Tallink (Silja Line)"},"content":{"rendered":"\t\t<div data-elementor-type=\"wp-page\" data-elementor-id=\"1012\" class=\"elementor elementor-1012 elementor-847\">\n\t\t\t\t<div class=\"elementor-element elementor-element-b42fe73 e-con-full e-flex e-con e-parent\" data-id=\"b42fe73\" data-element_type=\"container\" data-settings=\"{&quot;background_background&quot;:&quot;classic&quot;}\">\n\t\t<div class=\"elementor-element elementor-element-43227c5 e-con-full e-flex e-con e-child\" data-id=\"43227c5\" data-element_type=\"container\">\n\t\t\t\t<div class=\"elementor-element elementor-element-b806d89 elementor-widget elementor-widget-heading\" data-id=\"b806d89\" data-element_type=\"widget\" data-widget_type=\"heading.default\">\n\t\t\t\t\t<h1 class=\"elementor-heading-title elementor-size-default\">Tallink (Silja Line)<\/h1>\t\t\t\t<\/div>\n\t\t\t\t<div class=\"elementor-element elementor-element-ea78ce2 elementor-widget elementor-widget-text-editor\" data-id=\"ea78ce2\" data-element_type=\"widget\" data-widget_type=\"text-editor.default\">\n\t\t\t\t\t\t\t\t\t<p>Ett av de aktiva f\u00e4rjerederierna p\u00e5 rutten mellan Helsingfors och Stockholm \u00e4r Tallink (Silja Line).<\/p>\t\t\t\t\t\t\t\t<\/div>\n\t\t\t\t<\/div>\n\t\t<div class=\"elementor-element elementor-element-d351e70 e-con-full e-flex e-con e-child\" data-id=\"d351e70\" data-element_type=\"container\" data-settings=\"{&quot;background_background&quot;:&quot;classic&quot;}\">\n\t\t\t\t<\/div>\n\t\t\t\t<\/div>\n\t\t<div class=\"elementor-element elementor-element-f8606b7 e-flex e-con-boxed e-con e-parent\" data-id=\"f8606b7\" data-element_type=\"container\">\n\t\t\t\t\t<div class=\"e-con-inner\">\n\t\t<div class=\"elementor-element elementor-element-fa5fb4b e-con-full e-flex e-con e-child\" data-id=\"fa5fb4b\" data-element_type=\"container\">\n\t\t\t\t<div class=\"elementor-element elementor-element-66e106c elementor-widget elementor-widget-heading\" data-id=\"66e106c\" data-element_type=\"widget\" data-widget_type=\"heading.default\">\n\t\t\t\t\t<h2 class=\"elementor-heading-title elementor-size-default\">Res mellan Stockholm och Helsingfors med Tallink<\/h2>\t\t\t\t<\/div>\n\t\t\t\t<div class=\"elementor-element elementor-element-8ef99a2 elementor-widget elementor-widget-text-editor\" data-id=\"8ef99a2\" data-element_type=\"widget\" data-widget_type=\"text-editor.default\">\n\t\t\t\t\t\t\t\t\t<p>Tallink (Silja Line) har trafikerat f\u00e4rjor mellan Stockholm och Helsingfors i m\u00e5nga \u00e5r. Tallink trafikerar dagliga f\u00e4rjor, inklusive Silja Serenade och Silja Symphony.<\/p>\t\t\t\t\t\t\t\t<\/div>\n\t\t\t\t<div class=\"elementor-element elementor-element-6842d50 elementor-widget elementor-widget-heading\" data-id=\"6842d50\" data-element_type=\"widget\" data-widget_type=\"heading.default\">\n\t\t\t\t\t<h3 class=\"elementor-heading-title elementor-size-default\">F\u00e4rjebiljetter fr\u00e5n 174,30 \u20ac<\/h3>\t\t\t\t<\/div>\n\t\t\t\t<div class=\"elementor-element elementor-element-18c8a5f elementor-widget elementor-widget-text-editor\" data-id=\"18c8a5f\" data-element_type=\"widget\" data-widget_type=\"text-editor.default\">\n\t\t\t\t\t\t\t\t\t<p>Tallink Silja Line erbjuder f\u00e4rjebiljetter fr\u00e5n 174,30 \u20ac. Priset \u00e4r baserat p\u00e5 tv\u00e5 personer, en vanlig sovhytt och ett fordon. <a href=\"https:\/\/helsinki-stockholm.info\/sv\/priser\/\">Se mer information om priser<\/a>.<\/p>\t\t\t\t\t\t\t\t<\/div>\n\t\t\t\t<\/div>\n\t\t<div class=\"elementor-element elementor-element-b6ce578 e-con-full e-flex e-con e-child\" data-id=\"b6ce578\" data-element_type=\"container\">\n\t\t\t\t<div class=\"elementor-element elementor-element-fe00fea ferry-widget elementor-widget elementor-widget-shortcode\" data-id=\"fe00fea\" data-element_type=\"widget\" data-widget_type=\"shortcode.default\">\n\t\t\t\t\t\t\t<div class=\"elementor-shortcode\">    <style>\n        #ferry-booking-form {\n            display: flex;\n            justify-content: space-between;\n            border: 3px solid #046bd2;\n            padding: 25px;\n            flex-wrap: wrap;\n            border-radius: 0px;\n            background-color: white;\n            box-sizing: border-box;\n        }\n        #ferry-booking-form div {\n            width: 22%;\n            margin-right: 2%;\n            margin-bottom: 10px;\n            display: flex;\n            flex-direction: column;\n            justify-content: center;\n        }\n        #ferry-booking-form div:last-child {\n            margin-right: 0;\n        }\n        #ferry-booking-form label {\n            display: block;\n            margin-bottom: 5px;\n            text-align: left;\n            color: #a9a9a9;\n            font-size: 13px;\n        }\n        #ferry-booking-form select {\n            width: 100%;\n            padding: 5px;\n        }\n        #ferry-booking-form select:disabled {\n            background-color: #e0e0e0;\n        }\n        #ferry-booking-form button {\n            padding: 15px 30px;\n            background-color: #ffa525;\n            color: white;\n            border: none;\n            border-radius: 10px;\n            cursor: pointer;\n            transition: background-color 0.3s ease;\n            display: flex;\n            align-items: center;\n            justify-content: center;\n            text-align: center;\n        }\n        #ferry-booking-form button:hover {\n            background-color: #e88b13;\n        }\n        #ferry-booking-form button::after {\n            content: \" \u2197\";\n            font-size: 18px;\n            margin-left: 5px;\n        }\n        @media (max-width: 768px) {\n            #ferry-booking-form {\n                flex-direction: column;\n                align-items: center;\n                padding: 15px;\n            }\n            #ferry-booking-form div {\n                width: 100%;\n                margin-right: 0;\n                margin-bottom: 15px;\n            }\n            #ferry-booking-form button {\n                width: 100%;\n                padding: 15px;\n            }\n        }\n    <\/style>\n\n    <form id=\"ferry-booking-form\">\n        <div>\n            <label for=\"departure\">AVG\u00c5NGSHAMN:<\/label>\n            <select id=\"departure\" name=\"departure\">\n                <!-- value = canonieke slug voor URL; label = Zweedse naam -->\n                <option value=\"Helsinki\">Helsingfors<\/option>\n                <option value=\"Stockholm\">Stockholm<\/option>\n            <\/select>\n        <\/div>\n\n        <div>\n            <label for=\"arrival\">ANKOMSTHAMN:<\/label>\n            <select id=\"arrival\" name=\"arrival\" disabled>\n                <option value=\"Stockholm\">Stockholm<\/option>\n                <option value=\"Helsinki\">Helsingfors<\/option>\n            <\/select>\n        <\/div>\n\n        <div>\n            <label for=\"operator\">F\u00c4RJEREDEDI:<\/label>\n            <select id=\"operator\" name=\"operator\">\n                <option value=\"none\">Ingen preferens<\/option>\n                <option value=\"VikingLine\">Viking Line<\/option>\n                <option value=\"TallinkSilja\">Tallink (Silja Line)<\/option>\n            <\/select>\n        <\/div>\n\n        <div>\n            <button type=\"button\" id=\"book-ticket\">Boka biljetter<\/button>\n        <\/div>\n    <\/form>\n\n    <script>\n        document.addEventListener('DOMContentLoaded', function() {\n            const departureSelect = document.getElementById('departure');\n            const arrivalSelect = document.getElementById('arrival');\n            const operatorSelect = document.getElementById('operator');\n            const bookButton = document.getElementById('book-ticket');\n\n            \/\/ Standard: Helsingfors (Helsinki) -> Stockholm\n            if (departureSelect.value === 'Helsinki') {\n                arrivalSelect.value = 'Stockholm';\n            }\n\n            \/\/ V\u00e4xla ankomst n\u00e4r avresa \u00e4ndras\n            departureSelect.addEventListener('change', function() {\n                arrivalSelect.value = (departureSelect.value === 'Helsinki') ? 'Stockholm' : 'Helsinki';\n            });\n\n            \/\/ Knapp \u2192 \u00f6ppna i ny flik\n            bookButton.addEventListener('click', function() {\n                const departure = departureSelect.value; \/\/ beh\u00e5ll canoniek 'Helsinki'\/'Stockholm'\n                const arrival = arrivalSelect.value;\n                const operator = operatorSelect.value;\n\n                let link = \"https:\/\/helsinki-stockholm.info\/sv\/go\/directferries\"; \/\/ standardl\u00e4nk\n\n                if (departure && arrival) {\n                    link = `https:\/\/helsinki-stockholm.info\/sv\/go\/${departure.toLowerCase()}-${arrival.toLowerCase()}`;\n                    if (operator !== 'none') {\n                        link += `\/${operator.toLowerCase()}`;\n                    }\n                }\n\n                window.open(link, '_blank');\n            });\n        });\n    <\/script>\n    <\/div>\n\t\t\t\t\t\t<\/div>\n\t\t\t\t<\/div>\n\t\t\t\t\t<\/div>\n\t\t\t\t<\/div>\n\t\t<div class=\"elementor-element elementor-element-14349d4 e-flex e-con-boxed e-con e-parent\" data-id=\"14349d4\" data-element_type=\"container\">\n\t\t\t\t\t<div class=\"e-con-inner\">\n\t\t<div class=\"elementor-element elementor-element-ea113fe e-con-full e-flex e-con e-child\" data-id=\"ea113fe\" data-element_type=\"container\" data-settings=\"{&quot;background_background&quot;:&quot;classic&quot;}\">\n\t\t\t\t<\/div>\n\t\t<div class=\"elementor-element elementor-element-30a7bd9 e-con-full e-flex e-con e-child\" data-id=\"30a7bd9\" data-element_type=\"container\" data-settings=\"{&quot;background_background&quot;:&quot;classic&quot;}\">\n\t\t\t\t<div class=\"elementor-element elementor-element-e23dbe7 elementor-widget elementor-widget-heading\" data-id=\"e23dbe7\" data-element_type=\"widget\" data-widget_type=\"heading.default\">\n\t\t\t\t\t<h2 class=\"elementor-heading-title elementor-size-default\">Faciliteter ombord p\u00e5 Tallinkf\u00e4rjan<\/h2>\t\t\t\t<\/div>\n\t\t\t\t<div class=\"elementor-element elementor-element-ed1cca7 elementor-widget elementor-widget-text-editor\" data-id=\"ed1cca7\" data-element_type=\"widget\" data-widget_type=\"text-editor.default\">\n\t\t\t\t\t\t\t\t\t<p>Tallink trafikerar f\u00e4rjorna Silja Serenade och Silja Symphony mellan Helsingfors och Stockholm. Se nedan f\u00f6r de bekv\u00e4mligheter du kan f\u00f6rv\u00e4nta dig ombord p\u00e5 f\u00e4rjorna.<\/p>\t\t\t\t\t\t\t\t<\/div>\n\t\t\t\t<div class=\"elementor-element elementor-element-18be722 elementor-widget elementor-widget-text-editor\" data-id=\"18be722\" data-element_type=\"widget\" data-widget_type=\"text-editor.default\">\n\t\t\t\t\t\t\t\t\t<ul><li>Olika typer av \u00f6vernattningsm\u00f6jligheter<\/li><li>Butiker, restauranger och barer<\/li><li>Underh\u00e5llning (\u00e4ven f\u00f6r barn)<\/li><\/ul>\t\t\t\t\t\t\t\t<\/div>\n\t\t\t\t<div class=\"elementor-element elementor-element-cd634c7 elementor-mobile-align-justify elementor-widget elementor-widget-button\" data-id=\"cd634c7\" data-element_type=\"widget\" data-widget_type=\"button.default\">\n\t\t\t\t\t\t\t\t\t\t<a class=\"elementor-button elementor-button-link elementor-size-sm\" href=\"https:\/\/helsinki-stockholm.info\/sv\/go\/directferries\" target=\"_blank\">\n\t\t\t\t\t\t<span class=\"elementor-button-content-wrapper\">\n\t\t\t\t\t\t\t\t\t<span class=\"elementor-button-text\">Boka dina biljetter nu \u2197<\/span>\n\t\t\t\t\t<\/span>\n\t\t\t\t\t<\/a>\n\t\t\t\t\t\t\t\t<\/div>\n\t\t\t\t<\/div>\n\t\t\t\t\t<\/div>\n\t\t\t\t<\/div>\n\t\t<div class=\"elementor-element elementor-element-434d9c0 e-flex e-con-boxed e-con e-parent\" data-id=\"434d9c0\" data-element_type=\"container\">\n\t\t\t\t\t<div class=\"e-con-inner\">\n\t\t\t\t<div class=\"elementor-element elementor-element-3e3dfed elementor-widget elementor-widget-heading\" data-id=\"3e3dfed\" data-element_type=\"widget\" data-widget_type=\"heading.default\">\n\t\t\t\t\t<h2 class=\"elementor-heading-title elementor-size-default\">Adressuppgifter till Tallink-terminalen<\/h2>\t\t\t\t<\/div>\n\t\t\t\t\t<\/div>\n\t\t\t\t<\/div>\n\t\t<div class=\"elementor-element elementor-element-9fd6cfd e-flex e-con-boxed e-con e-parent\" data-id=\"9fd6cfd\" data-element_type=\"container\">\n\t\t\t\t\t<div class=\"e-con-inner\">\n\t\t<div class=\"elementor-element elementor-element-46e3d9d e-con-full e-flex e-con e-child\" data-id=\"46e3d9d\" data-element_type=\"container\">\n\t\t\t\t<div class=\"elementor-element elementor-element-09c42bb elementor-widget elementor-widget-heading\" data-id=\"09c42bb\" data-element_type=\"widget\" data-widget_type=\"heading.default\">\n\t\t\t\t\t<h3 class=\"elementor-heading-title elementor-size-default\">Viking Line-terminalen i Stockholm<\/h3>\t\t\t\t<\/div>\n\t\t\t\t<div class=\"elementor-element elementor-element-b000ebf elementor-widget elementor-widget-text-editor\" data-id=\"b000ebf\" data-element_type=\"widget\" data-widget_type=\"text-editor.default\">\n\t\t\t\t\t\t\t\t\t<p>Se nedan f\u00f6r adressuppgifter till Tallinkterminalen i <a href=\"https:\/\/helsinki-stockholm.info\/sv\/stockholms-hamn\/\">Stockholms hamn<\/a>.<\/p><ul><li>Tallink Silja Line Terminal Stockholm<\/li><li>Hamnpirsv\u00e4gen 10<\/li><li>Stockholm, Sverige<\/li><\/ul>\t\t\t\t\t\t\t\t<\/div>\n\t\t\t\t<\/div>\n\t\t<div class=\"elementor-element elementor-element-25a79df e-con-full e-flex e-con e-child\" data-id=\"25a79df\" data-element_type=\"container\">\n\t\t\t\t<div class=\"elementor-element elementor-element-3aee130 elementor-widget elementor-widget-heading\" data-id=\"3aee130\" data-element_type=\"widget\" data-widget_type=\"heading.default\">\n\t\t\t\t\t<h3 class=\"elementor-heading-title elementor-size-default\">Tallinkterminalen i Helsingfors<\/h3>\t\t\t\t<\/div>\n\t\t\t\t<div class=\"elementor-element elementor-element-90c24d1 elementor-widget elementor-widget-text-editor\" data-id=\"90c24d1\" data-element_type=\"widget\" data-widget_type=\"text-editor.default\">\n\t\t\t\t\t\t\t\t\t<p>Kontrollera adressuppgifterna f\u00f6r Tallink-terminalen i <a href=\"https:\/\/helsinki-stockholm.info\/sv\/helsingfors-hamn\/\">Helsingfors hamn<\/a>.<\/p><ul><li>Tallink Silja Lines terminal Helsingfors<\/li><li>Olympiastrand 1<\/li><li>Helsingfors, Finland<\/li><\/ul>\t\t\t\t\t\t\t\t<\/div>\n\t\t\t\t<\/div>\n\t\t\t\t\t<\/div>\n\t\t\t\t<\/div>\n\t\t\t\t<\/div>\n\t\t","protected":false},"excerpt":{"rendered":"<p>Tallink (Silja Line) Ett av de aktiva f\u00e4rjerederierna p\u00e5 rutten mellan Helsingfors och Stockholm \u00e4r Tallink (Silja Line). Res mellan [&hellip;]<\/p>\n","protected":false},"author":1,"featured_media":0,"parent":0,"menu_order":0,"comment_status":"closed","ping_status":"closed","template":"","meta":{"inline_featured_image":false,"site-sidebar-layout":"no-sidebar","site-content-layout":"","ast-site-content-layout":"full-width-container","site-content-style":"default","site-sidebar-style":"default","ast-global-header-display":"","ast-banner-title-visibility":"","ast-main-header-display":"","ast-hfb-above-header-display":"","ast-hfb-below-header-display":"","ast-hfb-mobile-header-display":"","site-post-title":"","ast-breadcrumbs-content":"","ast-featured-img":"disabled","footer-sml-layout":"","theme-transparent-header-meta":"","adv-header-id-meta":"","stick-header-meta":"","header-above-stick-meta":"","header-main-stick-meta":"","header-below-stick-meta":"","astra-migrate-meta-layouts":"default","ast-page-background-enabled":"default","ast-page-background-meta":{"desktop":{"background-color":"var(--ast-global-color-5)","background-image":"","background-repeat":"repeat","background-position":"center center","background-size":"auto","background-attachment":"scroll","background-type":"","background-media":"","overlay-type":"","overlay-color":"","overlay-opacity":"","overlay-gradient":""},"tablet":{"background-color":"","background-image":"","background-repeat":"repeat","background-position":"center center","background-size":"auto","background-attachment":"scroll","background-type":"","background-media":"","overlay-type":"","overlay-color":"","overlay-opacity":"","overlay-gradient":""},"mobile":{"background-color":"","background-image":"","background-repeat":"repeat","background-position":"center center","background-size":"auto","background-attachment":"scroll","background-type":"","background-media":"","overlay-type":"","overlay-color":"","overlay-opacity":"","overlay-gradient":""}},"ast-content-background-meta":{"desktop":{"background-color":"var(--ast-global-color-4)","background-image":"","background-repeat":"repeat","background-position":"center center","background-size":"auto","background-attachment":"scroll","background-type":"","background-media":"","overlay-type":"","overlay-color":"","overlay-opacity":"","overlay-gradient":""},"tablet":{"background-color":"var(--ast-global-color-4)","background-image":"","background-repeat":"repeat","background-position":"center center","background-size":"auto","background-attachment":"scroll","background-type":"","background-media":"","overlay-type":"","overlay-color":"","overlay-opacity":"","overlay-gradient":""},"mobile":{"background-color":"var(--ast-global-color-4)","background-image":"","background-repeat":"repeat","background-position":"center center","background-size":"auto","background-attachment":"scroll","background-type":"","background-media":"","overlay-type":"","overlay-color":"","overlay-opacity":"","overlay-gradient":""}},"footnotes":""},"class_list":["post-1012","page","type-page","status-publish","hentry"],"yoast_head":"<!-- This site is optimized with the Yoast SEO plugin v25.7 - https:\/\/yoast.com\/wordpress\/plugins\/seo\/ -->\n<title>Tallink (Silja Line) Helsingfors Stockholmsf\u00e4rja<\/title>\n<meta name=\"description\" content=\"Information om Tallink p\u00e5 f\u00e4rjelinjen Helsingfors-Stockholm (priser, incheckning, faciliteter)\" \/>\n<meta name=\"robots\" content=\"index, follow, max-snippet:-1, max-image-preview:large, max-video-preview:-1\" \/>\n<link rel=\"canonical\" href=\"https:\/\/helsinki-stockholm.info\/sv\/tallink\/\" \/>\n<meta property=\"og:locale\" content=\"sv_SE\" \/>\n<meta property=\"og:type\" content=\"article\" \/>\n<meta property=\"og:title\" content=\"Tallink (Silja Line) Helsingfors Stockholmsf\u00e4rja\" \/>\n<meta property=\"og:description\" content=\"Information om Tallink p\u00e5 f\u00e4rjelinjen Helsingfors-Stockholm (priser, incheckning, faciliteter)\" \/>\n<meta property=\"og:url\" content=\"https:\/\/helsinki-stockholm.info\/sv\/tallink\/\" \/>\n<meta property=\"og:site_name\" content=\"helsinki-stockholm.info\" \/>\n<meta property=\"article:modified_time\" content=\"2025-08-25T08:26:30+00:00\" \/>\n<meta name=\"twitter:card\" content=\"summary_large_image\" \/>\n<meta name=\"twitter:label1\" content=\"Ber\u00e4knad l\u00e4stid\" \/>\n\t<meta name=\"twitter:data1\" content=\"1 minut\" \/>\n<script type=\"application\/ld+json\" class=\"yoast-schema-graph\">{\"@context\":\"https:\/\/schema.org\",\"@graph\":[{\"@type\":\"WebPage\",\"@id\":\"https:\/\/helsinki-stockholm.info\/sv\/tallink\/\",\"url\":\"https:\/\/helsinki-stockholm.info\/sv\/tallink\/\",\"name\":\"Tallink (Silja Line) Helsingfors Stockholmsf\u00e4rja\",\"isPartOf\":{\"@id\":\"https:\/\/helsinki-stockholm.info\/fi\/#website\"},\"datePublished\":\"2025-08-15T12:22:00+00:00\",\"dateModified\":\"2025-08-25T08:26:30+00:00\",\"description\":\"Information om Tallink p\u00e5 f\u00e4rjelinjen Helsingfors-Stockholm (priser, incheckning, faciliteter)\",\"breadcrumb\":{\"@id\":\"https:\/\/helsinki-stockholm.info\/sv\/tallink\/#breadcrumb\"},\"inLanguage\":\"sv-SE\",\"potentialAction\":[{\"@type\":\"ReadAction\",\"target\":[\"https:\/\/helsinki-stockholm.info\/sv\/tallink\/\"]}]},{\"@type\":\"BreadcrumbList\",\"@id\":\"https:\/\/helsinki-stockholm.info\/sv\/tallink\/#breadcrumb\",\"itemListElement\":[{\"@type\":\"ListItem\",\"position\":1,\"name\":\"Home\",\"item\":\"https:\/\/helsinki-stockholm.info\/sv\/\"},{\"@type\":\"ListItem\",\"position\":2,\"name\":\"Tallink (Silja Line)\"}]},{\"@type\":\"WebSite\",\"@id\":\"https:\/\/helsinki-stockholm.info\/fi\/#website\",\"url\":\"https:\/\/helsinki-stockholm.info\/fi\/\",\"name\":\"helsinki-stockholm.info\",\"description\":\"\",\"publisher\":{\"@id\":\"https:\/\/helsinki-stockholm.info\/fi\/#organization\"},\"potentialAction\":[{\"@type\":\"SearchAction\",\"target\":{\"@type\":\"EntryPoint\",\"urlTemplate\":\"https:\/\/helsinki-stockholm.info\/fi\/?s={search_term_string}\"},\"query-input\":{\"@type\":\"PropertyValueSpecification\",\"valueRequired\":true,\"valueName\":\"search_term_string\"}}],\"inLanguage\":\"sv-SE\"},{\"@type\":\"Organization\",\"@id\":\"https:\/\/helsinki-stockholm.info\/fi\/#organization\",\"name\":\"helsinki-stockholm.info\",\"url\":\"https:\/\/helsinki-stockholm.info\/fi\/\",\"logo\":{\"@type\":\"ImageObject\",\"inLanguage\":\"sv-SE\",\"@id\":\"https:\/\/helsinki-stockholm.info\/fi\/#\/schema\/logo\/image\/\",\"url\":\"https:\/\/helsinki-stockholm.info\/wp-content\/uploads\/2025\/07\/helsinki-stockholm-ferry-logo.svg\",\"contentUrl\":\"https:\/\/helsinki-stockholm.info\/wp-content\/uploads\/2025\/07\/helsinki-stockholm-ferry-logo.svg\",\"width\":422,\"height\":130,\"caption\":\"helsinki-stockholm.info\"},\"image\":{\"@id\":\"https:\/\/helsinki-stockholm.info\/fi\/#\/schema\/logo\/image\/\"}}]}<\/script>\n<!-- \/ Yoast SEO plugin. -->","yoast_head_json":{"title":"Tallink (Silja Line) Helsingfors Stockholmsf\u00e4rja","description":"Information om Tallink p\u00e5 f\u00e4rjelinjen Helsingfors-Stockholm (priser, incheckning, faciliteter)","robots":{"index":"index","follow":"follow","max-snippet":"max-snippet:-1","max-image-preview":"max-image-preview:large","max-video-preview":"max-video-preview:-1"},"canonical":"https:\/\/helsinki-stockholm.info\/sv\/tallink\/","og_locale":"sv_SE","og_type":"article","og_title":"Tallink (Silja Line) Helsingfors Stockholmsf\u00e4rja","og_description":"Information om Tallink p\u00e5 f\u00e4rjelinjen Helsingfors-Stockholm (priser, incheckning, faciliteter)","og_url":"https:\/\/helsinki-stockholm.info\/sv\/tallink\/","og_site_name":"helsinki-stockholm.info","article_modified_time":"2025-08-25T08:26:30+00:00","twitter_card":"summary_large_image","twitter_misc":{"Ber\u00e4knad l\u00e4stid":"1 minut"},"schema":{"@context":"https:\/\/schema.org","@graph":[{"@type":"WebPage","@id":"https:\/\/helsinki-stockholm.info\/sv\/tallink\/","url":"https:\/\/helsinki-stockholm.info\/sv\/tallink\/","name":"Tallink (Silja Line) Helsingfors Stockholmsf\u00e4rja","isPartOf":{"@id":"https:\/\/helsinki-stockholm.info\/fi\/#website"},"datePublished":"2025-08-15T12:22:00+00:00","dateModified":"2025-08-25T08:26:30+00:00","description":"Information om Tallink p\u00e5 f\u00e4rjelinjen Helsingfors-Stockholm (priser, incheckning, faciliteter)","breadcrumb":{"@id":"https:\/\/helsinki-stockholm.info\/sv\/tallink\/#breadcrumb"},"inLanguage":"sv-SE","potentialAction":[{"@type":"ReadAction","target":["https:\/\/helsinki-stockholm.info\/sv\/tallink\/"]}]},{"@type":"BreadcrumbList","@id":"https:\/\/helsinki-stockholm.info\/sv\/tallink\/#breadcrumb","itemListElement":[{"@type":"ListItem","position":1,"name":"Home","item":"https:\/\/helsinki-stockholm.info\/sv\/"},{"@type":"ListItem","position":2,"name":"Tallink (Silja Line)"}]},{"@type":"WebSite","@id":"https:\/\/helsinki-stockholm.info\/fi\/#website","url":"https:\/\/helsinki-stockholm.info\/fi\/","name":"helsinki-stockholm.info","description":"","publisher":{"@id":"https:\/\/helsinki-stockholm.info\/fi\/#organization"},"potentialAction":[{"@type":"SearchAction","target":{"@type":"EntryPoint","urlTemplate":"https:\/\/helsinki-stockholm.info\/fi\/?s={search_term_string}"},"query-input":{"@type":"PropertyValueSpecification","valueRequired":true,"valueName":"search_term_string"}}],"inLanguage":"sv-SE"},{"@type":"Organization","@id":"https:\/\/helsinki-stockholm.info\/fi\/#organization","name":"helsinki-stockholm.info","url":"https:\/\/helsinki-stockholm.info\/fi\/","logo":{"@type":"ImageObject","inLanguage":"sv-SE","@id":"https:\/\/helsinki-stockholm.info\/fi\/#\/schema\/logo\/image\/","url":"https:\/\/helsinki-stockholm.info\/wp-content\/uploads\/2025\/07\/helsinki-stockholm-ferry-logo.svg","contentUrl":"https:\/\/helsinki-stockholm.info\/wp-content\/uploads\/2025\/07\/helsinki-stockholm-ferry-logo.svg","width":422,"height":130,"caption":"helsinki-stockholm.info"},"image":{"@id":"https:\/\/helsinki-stockholm.info\/fi\/#\/schema\/logo\/image\/"}}]}},"_links":{"self":[{"href":"https:\/\/helsinki-stockholm.info\/sv\/wp-json\/wp\/v2\/pages\/1012","targetHints":{"allow":["GET"]}}],"collection":[{"href":"https:\/\/helsinki-stockholm.info\/sv\/wp-json\/wp\/v2\/pages"}],"about":[{"href":"https:\/\/helsinki-stockholm.info\/sv\/wp-json\/wp\/v2\/types\/page"}],"author":[{"embeddable":true,"href":"https:\/\/helsinki-stockholm.info\/sv\/wp-json\/wp\/v2\/users\/1"}],"replies":[{"embeddable":true,"href":"https:\/\/helsinki-stockholm.info\/sv\/wp-json\/wp\/v2\/comments?post=1012"}],"version-history":[{"count":7,"href":"https:\/\/helsinki-stockholm.info\/sv\/wp-json\/wp\/v2\/pages\/1012\/revisions"}],"predecessor-version":[{"id":1123,"href":"https:\/\/helsinki-stockholm.info\/sv\/wp-json\/wp\/v2\/pages\/1012\/revisions\/1123"}],"wp:attachment":[{"href":"https:\/\/helsinki-stockholm.info\/sv\/wp-json\/wp\/v2\/media?parent=1012"}],"curies":[{"name":"wp","href":"https:\/\/api.w.org\/{rel}","templated":true}]}}