{"id":860,"date":"2025-08-15T12:27:43","date_gmt":"2025-08-15T12:27:43","guid":{"rendered":"https:\/\/helsinki-stockholm.info\/?page_id=860"},"modified":"2025-08-20T12:08:23","modified_gmt":"2025-08-20T12:08:23","slug":"stockholm-haven","status":"publish","type":"page","link":"https:\/\/helsinki-stockholm.info\/nl\/stockholm-haven\/","title":{"rendered":"Stockholm haven"},"content":{"rendered":"\t\t<div data-elementor-type=\"wp-page\" data-elementor-id=\"860\" class=\"elementor elementor-860\">\n\t\t\t\t<div class=\"elementor-element elementor-element-13456de e-con-full e-flex e-con e-parent\" data-id=\"13456de\" data-element_type=\"container\" data-settings=\"{&quot;background_background&quot;:&quot;classic&quot;}\">\n\t\t<div class=\"elementor-element elementor-element-4a02942 e-con-full e-flex e-con e-child\" data-id=\"4a02942\" data-element_type=\"container\">\n\t\t\t\t<div class=\"elementor-element elementor-element-d739091 elementor-widget elementor-widget-heading\" data-id=\"d739091\" data-element_type=\"widget\" data-widget_type=\"heading.default\">\n\t\t\t\t\t<h1 class=\"elementor-heading-title elementor-size-default\">Stockholm haven<\/h1>\t\t\t\t<\/div>\n\t\t\t\t<div class=\"elementor-element elementor-element-7355e1d elementor-widget elementor-widget-text-editor\" data-id=\"7355e1d\" data-element_type=\"widget\" data-widget_type=\"text-editor.default\">\n\t\t\t\t\t\t\t\t\t<p>De haven van Stockholm in Zweden heeft een directe veerbootlijn met de haven van van Helsinki in Finland.\u00a0<\/p>\t\t\t\t\t\t\t\t<\/div>\n\t\t\t\t<\/div>\n\t\t<div class=\"elementor-element elementor-element-8ffed25 e-con-full e-flex e-con e-child\" data-id=\"8ffed25\" data-element_type=\"container\" data-settings=\"{&quot;background_background&quot;:&quot;classic&quot;}\">\n\t\t\t\t<\/div>\n\t\t\t\t<\/div>\n\t\t<div class=\"elementor-element elementor-element-81a7bed e-flex e-con-boxed e-con e-parent\" data-id=\"81a7bed\" data-element_type=\"container\">\n\t\t\t\t\t<div class=\"e-con-inner\">\n\t\t<div class=\"elementor-element elementor-element-2a13562 e-con-full e-flex e-con e-child\" data-id=\"2a13562\" data-element_type=\"container\">\n\t\t\t\t<div class=\"elementor-element elementor-element-0ed0a54 elementor-widget elementor-widget-heading\" data-id=\"0ed0a54\" data-element_type=\"widget\" data-widget_type=\"heading.default\">\n\t\t\t\t\t<h2 class=\"elementor-heading-title elementor-size-default\">De haven van Stockholm in Zweden<\/h2>\t\t\t\t<\/div>\n\t\t\t\t<div class=\"elementor-element elementor-element-27f3540 elementor-widget elementor-widget-text-editor\" data-id=\"27f3540\" data-element_type=\"widget\" data-widget_type=\"text-editor.default\">\n\t\t\t\t\t\t\t\t\t<p>De haven van Stockholm bestaat uit meerdere gebieden, waarvan V\u00e4rtahamnen, Frihamnen, Stadsg\u00e5rden en Skeppsbron de belangrijkste zijn. Vooral V\u00e4rtahamnen en Frihamnen spelen een centrale rol in de veerdiensten op de route tussen de <a href=\"https:\/\/helsinki-stockholm.info\/nl\/helsinki-haven\/\">haven van Helsinki<\/a> en Stockholm, terwijl Stadsg\u00e5rden en Skeppsbron dichter bij het centrum liggen en veel cruises ontvangen.<\/p>\t\t\t\t\t\t\t\t<\/div>\n\t\t\t\t<div class=\"elementor-element elementor-element-a0e4171 elementor-widget elementor-widget-heading\" data-id=\"a0e4171\" data-element_type=\"widget\" data-widget_type=\"heading.default\">\n\t\t\t\t\t<h3 class=\"elementor-heading-title elementor-size-default\">Adres en routebeschrijving<\/h3>\t\t\t\t<\/div>\n\t\t\t\t<div class=\"elementor-element elementor-element-8065e80 elementor-widget elementor-widget-text-editor\" data-id=\"8065e80\" data-element_type=\"widget\" data-widget_type=\"text-editor.default\">\n\t\t\t\t\t\t\t\t\t<p>Bekijk de adresgegevens van de haven van Stockholm hieronder of maak gebruik van het kaartje om direct een routebeschrijving te krijgen naar de haven.<\/p>\t\t\t\t\t\t\t\t<\/div>\n\t\t\t\t<div class=\"elementor-element elementor-element-91fe976 elementor-widget elementor-widget-text-editor\" data-id=\"91fe976\" data-element_type=\"widget\" data-widget_type=\"text-editor.default\">\n\t\t\t\t\t\t\t\t\t<ul><li>Ports of Stockholm<\/li><li>Box 27314<\/li><li>102 54<\/li><li>Stockholm, Zweden<\/li><\/ul>\t\t\t\t\t\t\t\t<\/div>\n\t\t\t\t<\/div>\n\t\t<div class=\"elementor-element elementor-element-4d57d4b e-con-full e-flex e-con e-child\" data-id=\"4d57d4b\" data-element_type=\"container\">\n\t\t\t\t<div class=\"elementor-element elementor-element-5c6d6b0 ferry-widget elementor-widget elementor-widget-shortcode\" data-id=\"5c6d6b0\" data-element_type=\"widget\" data-widget_type=\"shortcode.default\">\n\t\t\t\t\t\t\t<div class=\"elementor-shortcode\"><iframe src=\"https:\/\/www.google.com\/maps\/embed?pb=!1m18!1m12!1m3!1d8143.874793397103!2d18.085012584241017!3d59.31677964342352!2m3!1f0!2f0!3f0!3m2!1i1024!2i768!4f13.1!3m3!1m2!1s0x465f780180f9fbab%3A0xe425c740ae36024e!2sStadsg%C3%A5rden%2C%20Tegelvikshamn!5e0!3m2!1snl!2snl!4v1755591714982!5m2!1snl!2snl\" width=\"600\" height=\"450\" style=\"border:0;\" allowfullscreen=\"\" loading=\"lazy\" referrerpolicy=\"no-referrer-when-downgrade\"><\/iframe><\/div>\n\t\t\t\t\t\t<\/div>\n\t\t\t\t<\/div>\n\t\t\t\t\t<\/div>\n\t\t\t\t<\/div>\n\t\t<div class=\"elementor-element elementor-element-26fb0c3 e-flex e-con-boxed e-con e-parent\" data-id=\"26fb0c3\" data-element_type=\"container\">\n\t\t\t\t\t<div class=\"e-con-inner\">\n\t\t<div class=\"elementor-element elementor-element-fa74812 e-con-full e-flex e-con e-child\" data-id=\"fa74812\" data-element_type=\"container\" data-settings=\"{&quot;background_background&quot;:&quot;classic&quot;}\">\n\t\t\t\t<\/div>\n\t\t<div class=\"elementor-element elementor-element-3ed9afc e-con-full e-flex e-con e-child\" data-id=\"3ed9afc\" data-element_type=\"container\" data-settings=\"{&quot;background_background&quot;:&quot;classic&quot;}\">\n\t\t\t\t<div class=\"elementor-element elementor-element-dd7bea3 elementor-widget elementor-widget-heading\" data-id=\"dd7bea3\" data-element_type=\"widget\" data-widget_type=\"heading.default\">\n\t\t\t\t\t<h2 class=\"elementor-heading-title elementor-size-default\">Faciliteiten in de haven<\/h2>\t\t\t\t<\/div>\n\t\t\t\t<div class=\"elementor-element elementor-element-722aa72 elementor-widget elementor-widget-text-editor\" data-id=\"722aa72\" data-element_type=\"widget\" data-widget_type=\"text-editor.default\">\n\t\t\t\t\t\t\t\t\t<ul><li>Toiletten en verschoonruimtes<\/li><li>Kluisjes<\/li><li>Receptie en wachtruimte<\/li><li>Check in terminals (<a href=\"https:\/\/helsinki-stockholm.info\/nl\/viking-line\/\">Viking Line<\/a> en <a href=\"https:\/\/helsinki-stockholm.info\/nl\/tallink\/\">Tallink<\/a>)<\/li><li>Parkeerplaatsen<\/li><\/ul>\t\t\t\t\t\t\t\t<\/div>\n\t\t\t\t<\/div>\n\t\t\t\t\t<\/div>\n\t\t\t\t<\/div>\n\t\t<div class=\"elementor-element elementor-element-15612c2 e-flex e-con-boxed e-con e-parent\" data-id=\"15612c2\" data-element_type=\"container\">\n\t\t\t\t\t<div class=\"e-con-inner\">\n\t\t<div class=\"elementor-element elementor-element-3f20465 e-con-full e-flex e-con e-child\" data-id=\"3f20465\" data-element_type=\"container\">\n\t\t\t\t<div class=\"elementor-element elementor-element-72e41ab elementor-widget elementor-widget-image\" data-id=\"72e41ab\" data-element_type=\"widget\" data-widget_type=\"image.default\">\n\t\t\t\t\t\t\t\t\t\t\t\t\t\t\t<img fetchpriority=\"high\" decoding=\"async\" width=\"1024\" height=\"683\" src=\"https:\/\/helsinki-stockholm.info\/wp-content\/uploads\/2025\/08\/car-stockholm-parking-1024x683.jpg\" class=\"attachment-large size-large wp-image-906\" alt=\"car stockholm parking\" srcset=\"https:\/\/helsinki-stockholm.info\/wp-content\/uploads\/2025\/08\/car-stockholm-parking-1024x683.jpg 1024w, https:\/\/helsinki-stockholm.info\/wp-content\/uploads\/2025\/08\/car-stockholm-parking-300x200.jpg 300w, https:\/\/helsinki-stockholm.info\/wp-content\/uploads\/2025\/08\/car-stockholm-parking-768x512.jpg 768w, https:\/\/helsinki-stockholm.info\/wp-content\/uploads\/2025\/08\/car-stockholm-parking.jpg 1200w\" sizes=\"(max-width: 1024px) 100vw, 1024px\" \/>\t\t\t\t\t\t\t\t\t\t\t\t\t\t\t<\/div>\n\t\t\t\t<\/div>\n\t\t<div class=\"elementor-element elementor-element-6397565 e-con-full e-flex e-con e-child\" data-id=\"6397565\" data-element_type=\"container\">\n\t\t\t\t<div class=\"elementor-element elementor-element-17fd340 elementor-widget elementor-widget-heading\" data-id=\"17fd340\" data-element_type=\"widget\" data-widget_type=\"heading.default\">\n\t\t\t\t\t<h2 class=\"elementor-heading-title elementor-size-default\">Parkeren in de haven van Stockholm<\/h2>\t\t\t\t<\/div>\n\t\t\t\t<div class=\"elementor-element elementor-element-2d20bab elementor-widget elementor-widget-text-editor\" data-id=\"2d20bab\" data-element_type=\"widget\" data-widget_type=\"text-editor.default\">\n\t\t\t\t\t\t\t\t\t<p>Wil je je auto lang of kort parkeren in de haven van Stockholm? Dat is in veel gevallen mogelijk bij de terminals van de operator waarmee je reist. Op de offici\u00eble website van de haven van Stockholm vind je meer informatie over de parkeergelegenheden: <a href=\"https:\/\/www.portsofstockholm.com\/stockholm\/\" target=\"_blank\" rel=\"noopener\">https:\/\/www.portsofstockholm.com\/stockholm\/<\/a><\/p>\t\t\t\t\t\t\t\t<\/div>\n\t\t\t\t<\/div>\n\t\t\t\t\t<\/div>\n\t\t\t\t<\/div>\n\t\t\t\t<\/div>\n\t\t","protected":false},"excerpt":{"rendered":"<p>Stockholm haven De haven van Stockholm in Zweden heeft een directe veerbootlijn met de haven van van Helsinki in Finland.\u00a0 [&hellip;]<\/p>\n","protected":false},"author":1,"featured_media":0,"parent":0,"menu_order":0,"comment_status":"closed","ping_status":"closed","template":"","meta":{"inline_featured_image":false,"site-sidebar-layout":"no-sidebar","site-content-layout":"","ast-site-content-layout":"full-width-container","site-content-style":"default","site-sidebar-style":"default","ast-global-header-display":"","ast-banner-title-visibility":"","ast-main-header-display":"","ast-hfb-above-header-display":"","ast-hfb-below-header-display":"","ast-hfb-mobile-header-display":"","site-post-title":"","ast-breadcrumbs-content":"","ast-featured-img":"disabled","footer-sml-layout":"","theme-transparent-header-meta":"","adv-header-id-meta":"","stick-header-meta":"","header-above-stick-meta":"","header-main-stick-meta":"","header-below-stick-meta":"","astra-migrate-meta-layouts":"default","ast-page-background-enabled":"default","ast-page-background-meta":{"desktop":{"background-color":"var(--ast-global-color-5)","background-image":"","background-repeat":"repeat","background-position":"center center","background-size":"auto","background-attachment":"scroll","background-type":"","background-media":"","overlay-type":"","overlay-color":"","overlay-opacity":"","overlay-gradient":""},"tablet":{"background-color":"","background-image":"","background-repeat":"repeat","background-position":"center center","background-size":"auto","background-attachment":"scroll","background-type":"","background-media":"","overlay-type":"","overlay-color":"","overlay-opacity":"","overlay-gradient":""},"mobile":{"background-color":"","background-image":"","background-repeat":"repeat","background-position":"center center","background-size":"auto","background-attachment":"scroll","background-type":"","background-media":"","overlay-type":"","overlay-color":"","overlay-opacity":"","overlay-gradient":""}},"ast-content-background-meta":{"desktop":{"background-color":"var(--ast-global-color-4)","background-image":"","background-repeat":"repeat","background-position":"center center","background-size":"auto","background-attachment":"scroll","background-type":"","background-media":"","overlay-type":"","overlay-color":"","overlay-opacity":"","overlay-gradient":""},"tablet":{"background-color":"var(--ast-global-color-4)","background-image":"","background-repeat":"repeat","background-position":"center center","background-size":"auto","background-attachment":"scroll","background-type":"","background-media":"","overlay-type":"","overlay-color":"","overlay-opacity":"","overlay-gradient":""},"mobile":{"background-color":"var(--ast-global-color-4)","background-image":"","background-repeat":"repeat","background-position":"center center","background-size":"auto","background-attachment":"scroll","background-type":"","background-media":"","overlay-type":"","overlay-color":"","overlay-opacity":"","overlay-gradient":""}},"footnotes":""},"class_list":["post-860","page","type-page","status-publish","hentry"],"yoast_head":"<!-- This site is optimized with the Yoast SEO plugin v25.7 - https:\/\/yoast.com\/wordpress\/plugins\/seo\/ -->\n<title>Stockholm haven gids - helsinki-stockholm.info<\/title>\n<meta name=\"description\" content=\"Informatie over Stockholm haven: adresinformatie, parkeren, faciliteiten en veerboot terminals.\" \/>\n<meta name=\"robots\" content=\"index, follow, max-snippet:-1, max-image-preview:large, max-video-preview:-1\" \/>\n<link rel=\"canonical\" href=\"https:\/\/helsinki-stockholm.info\/nl\/stockholm-haven\/\" \/>\n<meta property=\"og:locale\" content=\"nl_NL\" \/>\n<meta property=\"og:type\" content=\"article\" \/>\n<meta property=\"og:title\" content=\"Stockholm haven gids - helsinki-stockholm.info\" \/>\n<meta property=\"og:description\" content=\"Informatie over Stockholm haven: adresinformatie, parkeren, faciliteiten en veerboot terminals.\" \/>\n<meta property=\"og:url\" content=\"https:\/\/helsinki-stockholm.info\/nl\/stockholm-haven\/\" \/>\n<meta property=\"og:site_name\" content=\"helsinki-stockholm.info\" \/>\n<meta property=\"article:modified_time\" content=\"2025-08-20T12:08:23+00:00\" \/>\n<meta property=\"og:image\" content=\"https:\/\/helsinki-stockholm.info\/wp-content\/uploads\/2025\/08\/car-stockholm-parking-1024x683.jpg\" \/>\n<meta name=\"twitter:card\" content=\"summary_large_image\" \/>\n<meta name=\"twitter:label1\" content=\"Geschatte leestijd\" \/>\n\t<meta name=\"twitter:data1\" content=\"2 minuten\" \/>\n<script type=\"application\/ld+json\" class=\"yoast-schema-graph\">{\"@context\":\"https:\/\/schema.org\",\"@graph\":[{\"@type\":\"WebPage\",\"@id\":\"https:\/\/helsinki-stockholm.info\/nl\/stockholm-haven\/\",\"url\":\"https:\/\/helsinki-stockholm.info\/nl\/stockholm-haven\/\",\"name\":\"Stockholm haven gids - helsinki-stockholm.info\",\"isPartOf\":{\"@id\":\"https:\/\/helsinki-stockholm.info\/fi\/#website\"},\"primaryImageOfPage\":{\"@id\":\"https:\/\/helsinki-stockholm.info\/nl\/stockholm-haven\/#primaryimage\"},\"image\":{\"@id\":\"https:\/\/helsinki-stockholm.info\/nl\/stockholm-haven\/#primaryimage\"},\"thumbnailUrl\":\"https:\/\/helsinki-stockholm.info\/wp-content\/uploads\/2025\/08\/car-stockholm-parking-1024x683.jpg\",\"datePublished\":\"2025-08-15T12:27:43+00:00\",\"dateModified\":\"2025-08-20T12:08:23+00:00\",\"description\":\"Informatie over Stockholm haven: adresinformatie, parkeren, faciliteiten en veerboot terminals.\",\"breadcrumb\":{\"@id\":\"https:\/\/helsinki-stockholm.info\/nl\/stockholm-haven\/#breadcrumb\"},\"inLanguage\":\"nl-NL\",\"potentialAction\":[{\"@type\":\"ReadAction\",\"target\":[\"https:\/\/helsinki-stockholm.info\/nl\/stockholm-haven\/\"]}]},{\"@type\":\"ImageObject\",\"inLanguage\":\"nl-NL\",\"@id\":\"https:\/\/helsinki-stockholm.info\/nl\/stockholm-haven\/#primaryimage\",\"url\":\"https:\/\/helsinki-stockholm.info\/wp-content\/uploads\/2025\/08\/car-stockholm-parking-1024x683.jpg\",\"contentUrl\":\"https:\/\/helsinki-stockholm.info\/wp-content\/uploads\/2025\/08\/car-stockholm-parking-1024x683.jpg\"},{\"@type\":\"BreadcrumbList\",\"@id\":\"https:\/\/helsinki-stockholm.info\/nl\/stockholm-haven\/#breadcrumb\",\"itemListElement\":[{\"@type\":\"ListItem\",\"position\":1,\"name\":\"Home\",\"item\":\"https:\/\/helsinki-stockholm.info\/nl\/\"},{\"@type\":\"ListItem\",\"position\":2,\"name\":\"Stockholm haven\"}]},{\"@type\":\"WebSite\",\"@id\":\"https:\/\/helsinki-stockholm.info\/fi\/#website\",\"url\":\"https:\/\/helsinki-stockholm.info\/fi\/\",\"name\":\"helsinki-stockholm.info\",\"description\":\"\",\"publisher\":{\"@id\":\"https:\/\/helsinki-stockholm.info\/fi\/#organization\"},\"potentialAction\":[{\"@type\":\"SearchAction\",\"target\":{\"@type\":\"EntryPoint\",\"urlTemplate\":\"https:\/\/helsinki-stockholm.info\/fi\/?s={search_term_string}\"},\"query-input\":{\"@type\":\"PropertyValueSpecification\",\"valueRequired\":true,\"valueName\":\"search_term_string\"}}],\"inLanguage\":\"nl-NL\"},{\"@type\":\"Organization\",\"@id\":\"https:\/\/helsinki-stockholm.info\/fi\/#organization\",\"name\":\"helsinki-stockholm.info\",\"url\":\"https:\/\/helsinki-stockholm.info\/fi\/\",\"logo\":{\"@type\":\"ImageObject\",\"inLanguage\":\"nl-NL\",\"@id\":\"https:\/\/helsinki-stockholm.info\/fi\/#\/schema\/logo\/image\/\",\"url\":\"https:\/\/helsinki-stockholm.info\/wp-content\/uploads\/2025\/07\/helsinki-stockholm-ferry-logo.svg\",\"contentUrl\":\"https:\/\/helsinki-stockholm.info\/wp-content\/uploads\/2025\/07\/helsinki-stockholm-ferry-logo.svg\",\"width\":422,\"height\":130,\"caption\":\"helsinki-stockholm.info\"},\"image\":{\"@id\":\"https:\/\/helsinki-stockholm.info\/fi\/#\/schema\/logo\/image\/\"}}]}<\/script>\n<!-- \/ Yoast SEO plugin. -->","yoast_head_json":{"title":"Stockholm haven gids - helsinki-stockholm.info","description":"Informatie over Stockholm haven: adresinformatie, parkeren, faciliteiten en veerboot terminals.","robots":{"index":"index","follow":"follow","max-snippet":"max-snippet:-1","max-image-preview":"max-image-preview:large","max-video-preview":"max-video-preview:-1"},"canonical":"https:\/\/helsinki-stockholm.info\/nl\/stockholm-haven\/","og_locale":"nl_NL","og_type":"article","og_title":"Stockholm haven gids - helsinki-stockholm.info","og_description":"Informatie over Stockholm haven: adresinformatie, parkeren, faciliteiten en veerboot terminals.","og_url":"https:\/\/helsinki-stockholm.info\/nl\/stockholm-haven\/","og_site_name":"helsinki-stockholm.info","article_modified_time":"2025-08-20T12:08:23+00:00","og_image":[{"url":"https:\/\/helsinki-stockholm.info\/wp-content\/uploads\/2025\/08\/car-stockholm-parking-1024x683.jpg","type":"","width":"","height":""}],"twitter_card":"summary_large_image","twitter_misc":{"Geschatte leestijd":"2 minuten"},"schema":{"@context":"https:\/\/schema.org","@graph":[{"@type":"WebPage","@id":"https:\/\/helsinki-stockholm.info\/nl\/stockholm-haven\/","url":"https:\/\/helsinki-stockholm.info\/nl\/stockholm-haven\/","name":"Stockholm haven gids - helsinki-stockholm.info","isPartOf":{"@id":"https:\/\/helsinki-stockholm.info\/fi\/#website"},"primaryImageOfPage":{"@id":"https:\/\/helsinki-stockholm.info\/nl\/stockholm-haven\/#primaryimage"},"image":{"@id":"https:\/\/helsinki-stockholm.info\/nl\/stockholm-haven\/#primaryimage"},"thumbnailUrl":"https:\/\/helsinki-stockholm.info\/wp-content\/uploads\/2025\/08\/car-stockholm-parking-1024x683.jpg","datePublished":"2025-08-15T12:27:43+00:00","dateModified":"2025-08-20T12:08:23+00:00","description":"Informatie over Stockholm haven: adresinformatie, parkeren, faciliteiten en veerboot terminals.","breadcrumb":{"@id":"https:\/\/helsinki-stockholm.info\/nl\/stockholm-haven\/#breadcrumb"},"inLanguage":"nl-NL","potentialAction":[{"@type":"ReadAction","target":["https:\/\/helsinki-stockholm.info\/nl\/stockholm-haven\/"]}]},{"@type":"ImageObject","inLanguage":"nl-NL","@id":"https:\/\/helsinki-stockholm.info\/nl\/stockholm-haven\/#primaryimage","url":"https:\/\/helsinki-stockholm.info\/wp-content\/uploads\/2025\/08\/car-stockholm-parking-1024x683.jpg","contentUrl":"https:\/\/helsinki-stockholm.info\/wp-content\/uploads\/2025\/08\/car-stockholm-parking-1024x683.jpg"},{"@type":"BreadcrumbList","@id":"https:\/\/helsinki-stockholm.info\/nl\/stockholm-haven\/#breadcrumb","itemListElement":[{"@type":"ListItem","position":1,"name":"Home","item":"https:\/\/helsinki-stockholm.info\/nl\/"},{"@type":"ListItem","position":2,"name":"Stockholm haven"}]},{"@type":"WebSite","@id":"https:\/\/helsinki-stockholm.info\/fi\/#website","url":"https:\/\/helsinki-stockholm.info\/fi\/","name":"helsinki-stockholm.info","description":"","publisher":{"@id":"https:\/\/helsinki-stockholm.info\/fi\/#organization"},"potentialAction":[{"@type":"SearchAction","target":{"@type":"EntryPoint","urlTemplate":"https:\/\/helsinki-stockholm.info\/fi\/?s={search_term_string}"},"query-input":{"@type":"PropertyValueSpecification","valueRequired":true,"valueName":"search_term_string"}}],"inLanguage":"nl-NL"},{"@type":"Organization","@id":"https:\/\/helsinki-stockholm.info\/fi\/#organization","name":"helsinki-stockholm.info","url":"https:\/\/helsinki-stockholm.info\/fi\/","logo":{"@type":"ImageObject","inLanguage":"nl-NL","@id":"https:\/\/helsinki-stockholm.info\/fi\/#\/schema\/logo\/image\/","url":"https:\/\/helsinki-stockholm.info\/wp-content\/uploads\/2025\/07\/helsinki-stockholm-ferry-logo.svg","contentUrl":"https:\/\/helsinki-stockholm.info\/wp-content\/uploads\/2025\/07\/helsinki-stockholm-ferry-logo.svg","width":422,"height":130,"caption":"helsinki-stockholm.info"},"image":{"@id":"https:\/\/helsinki-stockholm.info\/fi\/#\/schema\/logo\/image\/"}}]}},"_links":{"self":[{"href":"https:\/\/helsinki-stockholm.info\/nl\/wp-json\/wp\/v2\/pages\/860","targetHints":{"allow":["GET"]}}],"collection":[{"href":"https:\/\/helsinki-stockholm.info\/nl\/wp-json\/wp\/v2\/pages"}],"about":[{"href":"https:\/\/helsinki-stockholm.info\/nl\/wp-json\/wp\/v2\/types\/page"}],"author":[{"embeddable":true,"href":"https:\/\/helsinki-stockholm.info\/nl\/wp-json\/wp\/v2\/users\/1"}],"replies":[{"embeddable":true,"href":"https:\/\/helsinki-stockholm.info\/nl\/wp-json\/wp\/v2\/comments?post=860"}],"version-history":[{"count":13,"href":"https:\/\/helsinki-stockholm.info\/nl\/wp-json\/wp\/v2\/pages\/860\/revisions"}],"predecessor-version":[{"id":1075,"href":"https:\/\/helsinki-stockholm.info\/nl\/wp-json\/wp\/v2\/pages\/860\/revisions\/1075"}],"wp:attachment":[{"href":"https:\/\/helsinki-stockholm.info\/nl\/wp-json\/wp\/v2\/media?parent=860"}],"curies":[{"name":"wp","href":"https:\/\/api.w.org\/{rel}","templated":true}]}}