{"id":993,"date":"2025-08-15T12:29:17","date_gmt":"2025-08-15T12:29:17","guid":{"rendered":"https:\/\/helsinki-stockholm.info\/?page_id=993"},"modified":"2025-08-25T08:19:22","modified_gmt":"2025-08-25T08:19:22","slug":"helsingin-satama","status":"publish","type":"page","link":"https:\/\/helsinki-stockholm.info\/fi\/helsingin-satama\/","title":{"rendered":"Helsingin satama"},"content":{"rendered":"\t\t<div data-elementor-type=\"wp-page\" data-elementor-id=\"993\" class=\"elementor elementor-993 elementor-868\">\n\t\t\t\t<div class=\"elementor-element elementor-element-ee49838 e-con-full e-flex e-con e-parent\" data-id=\"ee49838\" data-element_type=\"container\" data-settings=\"{&quot;background_background&quot;:&quot;classic&quot;}\">\n\t\t<div class=\"elementor-element elementor-element-8cf160d e-con-full e-flex e-con e-child\" data-id=\"8cf160d\" data-element_type=\"container\">\n\t\t\t\t<div class=\"elementor-element elementor-element-7915923 elementor-widget elementor-widget-heading\" data-id=\"7915923\" data-element_type=\"widget\" data-widget_type=\"heading.default\">\n\t\t\t\t\t<h1 class=\"elementor-heading-title elementor-size-default\">Helsingin satama<\/h1>\t\t\t\t<\/div>\n\t\t\t\t<div class=\"elementor-element elementor-element-0d76bbf elementor-widget elementor-widget-text-editor\" data-id=\"0d76bbf\" data-element_type=\"widget\" data-widget_type=\"text-editor.default\">\n\t\t\t\t\t\t\t\t\t<p>Helsingin satamasta Suomessa l\u00e4htee p\u00e4ivitt\u00e4in lautta Tukholman satamaan Ruotsiin.<\/p>\t\t\t\t\t\t\t\t<\/div>\n\t\t\t\t<\/div>\n\t\t<div class=\"elementor-element elementor-element-528f0a4 e-con-full e-flex e-con e-child\" data-id=\"528f0a4\" data-element_type=\"container\" data-settings=\"{&quot;background_background&quot;:&quot;classic&quot;}\">\n\t\t\t\t<\/div>\n\t\t\t\t<\/div>\n\t\t<div class=\"elementor-element elementor-element-0d66697 e-flex e-con-boxed e-con e-parent\" data-id=\"0d66697\" data-element_type=\"container\">\n\t\t\t\t\t<div class=\"e-con-inner\">\n\t\t<div class=\"elementor-element elementor-element-f119836 e-con-full e-flex e-con e-child\" data-id=\"f119836\" data-element_type=\"container\">\n\t\t\t\t<div class=\"elementor-element elementor-element-6cc5092 elementor-widget elementor-widget-heading\" data-id=\"6cc5092\" data-element_type=\"widget\" data-widget_type=\"heading.default\">\n\t\t\t\t\t<h2 class=\"elementor-heading-title elementor-size-default\">Helsingin satama Suomessa<\/h2>\t\t\t\t<\/div>\n\t\t\t\t<div class=\"elementor-element elementor-element-52114f9 elementor-widget elementor-widget-text-editor\" data-id=\"52114f9\" data-element_type=\"widget\" data-widget_type=\"text-editor.default\">\n\t\t\t\t\t\t\t\t\t<p>Helsingin satama sijaitsee Suomessa, joka tunnetaan my\u00f6s nimell\u00e4 Satamaparkki. Se on hyvin j\u00e4rjestetty satama, jossa on monia mukavuuksia ja pys\u00e4k\u00f6intitilaa. Reitti\u00e4 liikenn\u00f6i nelj\u00e4 eri lauttayhti\u00f6t\u00e4, mukaan lukien <a href=\"https:\/\/helsinki-stockholm.info\/fi\/viking-line\/\">Viking Line<\/a> ja <a href=\"https:\/\/helsinki-stockholm.info\/fi\/tallink\/\">Tallink (Silja Line)<\/a>.<\/p>\t\t\t\t\t\t\t\t<\/div>\n\t\t\t\t<div class=\"elementor-element elementor-element-6730628 elementor-widget elementor-widget-heading\" data-id=\"6730628\" data-element_type=\"widget\" data-widget_type=\"heading.default\">\n\t\t\t\t\t<h3 class=\"elementor-heading-title elementor-size-default\">Osoite ja ajo-ohjeet<\/h3>\t\t\t\t<\/div>\n\t\t\t\t<div class=\"elementor-element elementor-element-7451a5c elementor-widget elementor-widget-text-editor\" data-id=\"7451a5c\" data-element_type=\"widget\" data-widget_type=\"text-editor.default\">\n\t\t\t\t\t\t\t\t\t<p>Tarkista Helsingin sataman osoite alta. Tarvitsetko navigointia satamaan? K\u00e4yt\u00e4 karttaa.<\/p>\t\t\t\t\t\t\t\t<\/div>\n\t\t\t\t<div class=\"elementor-element elementor-element-1c7ecc8 elementor-widget elementor-widget-text-editor\" data-id=\"1c7ecc8\" data-element_type=\"widget\" data-widget_type=\"text-editor.default\">\n\t\t\t\t\t\t\t\t\t<ul><li>Helsingin Satama Oy<\/li><li>P.O. Laatikko 197<\/li><li>FI-00141<\/li><li>Helsinki, Suomi<\/li><\/ul>\t\t\t\t\t\t\t\t<\/div>\n\t\t\t\t<\/div>\n\t\t<div class=\"elementor-element elementor-element-2605d63 e-con-full e-flex e-con e-child\" data-id=\"2605d63\" data-element_type=\"container\">\n\t\t\t\t<div class=\"elementor-element elementor-element-119fb6c ferry-widget elementor-widget elementor-widget-shortcode\" data-id=\"119fb6c\" data-element_type=\"widget\" data-widget_type=\"shortcode.default\">\n\t\t\t\t\t\t\t<div class=\"elementor-shortcode\"><iframe src=\"https:\/\/www.google.com\/maps\/embed?pb=!1m16!1m12!1m3!1d15881.537975737947!2d24.920520805352464!3d60.16099620504576!2m3!1f0!2f0!3f0!3m2!1i1024!2i768!4f13.1!2m1!1shelsinki%20port!5e0!3m2!1snl!2snl!4v1755590742088!5m2!1snl!2snl\" width=\"600\" height=\"450\" style=\"border:0;\" allowfullscreen=\"\" loading=\"lazy\" referrerpolicy=\"no-referrer-when-downgrade\"><\/iframe><\/div>\n\t\t\t\t\t\t<\/div>\n\t\t\t\t<\/div>\n\t\t\t\t\t<\/div>\n\t\t\t\t<\/div>\n\t\t<div class=\"elementor-element elementor-element-8e5526d e-flex e-con-boxed e-con e-parent\" data-id=\"8e5526d\" data-element_type=\"container\">\n\t\t\t\t\t<div class=\"e-con-inner\">\n\t\t<div class=\"elementor-element elementor-element-d1a7155 e-con-full e-flex e-con e-child\" data-id=\"d1a7155\" data-element_type=\"container\" data-settings=\"{&quot;background_background&quot;:&quot;classic&quot;}\">\n\t\t\t\t<\/div>\n\t\t<div class=\"elementor-element elementor-element-134f029 e-con-full e-flex e-con e-child\" data-id=\"134f029\" data-element_type=\"container\" data-settings=\"{&quot;background_background&quot;:&quot;classic&quot;}\">\n\t\t\t\t<div class=\"elementor-element elementor-element-03fd758 elementor-widget elementor-widget-heading\" data-id=\"03fd758\" data-element_type=\"widget\" data-widget_type=\"heading.default\">\n\t\t\t\t\t<h2 class=\"elementor-heading-title elementor-size-default\">Sataman tilat<\/h2>\t\t\t\t<\/div>\n\t\t\t\t<div class=\"elementor-element elementor-element-4cc41cb elementor-widget elementor-widget-text-editor\" data-id=\"4cc41cb\" data-element_type=\"widget\" data-widget_type=\"text-editor.default\">\n\t\t\t\t\t\t\t\t\t<ul><li>WC:t ja pukuhuoneet<\/li><li>Maksuautomaatti<\/li><li>Vastaanotto odotusalueella<\/li><li>Pys\u00e4k\u00f6inti (nelj\u00e4 pys\u00e4k\u00f6intihallia)<\/li><li>Kaupat ja supermarketit<\/li><li>S\u00e4hk\u00f6autojen latausasemat<\/li><\/ul>\t\t\t\t\t\t\t\t<\/div>\n\t\t\t\t<\/div>\n\t\t\t\t\t<\/div>\n\t\t\t\t<\/div>\n\t\t<div class=\"elementor-element elementor-element-bb101bd e-flex e-con-boxed e-con e-parent\" data-id=\"bb101bd\" data-element_type=\"container\">\n\t\t\t\t\t<div class=\"e-con-inner\">\n\t\t<div class=\"elementor-element elementor-element-f7edaeb e-con-full e-flex e-con e-child\" data-id=\"f7edaeb\" data-element_type=\"container\">\n\t\t\t\t<div class=\"elementor-element elementor-element-6db9cc4 elementor-widget elementor-widget-image\" data-id=\"6db9cc4\" data-element_type=\"widget\" data-widget_type=\"image.default\">\n\t\t\t\t\t\t\t\t\t\t\t\t\t\t\t<img fetchpriority=\"high\" decoding=\"async\" width=\"1024\" height=\"683\" src=\"https:\/\/helsinki-stockholm.info\/wp-content\/uploads\/2025\/08\/parking-helsinki-port-1024x683.jpg\" class=\"attachment-large size-large wp-image-888\" alt=\"parking helsinki port\" srcset=\"https:\/\/helsinki-stockholm.info\/wp-content\/uploads\/2025\/08\/parking-helsinki-port-1024x683.jpg 1024w, https:\/\/helsinki-stockholm.info\/wp-content\/uploads\/2025\/08\/parking-helsinki-port-300x200.jpg 300w, https:\/\/helsinki-stockholm.info\/wp-content\/uploads\/2025\/08\/parking-helsinki-port-768x512.jpg 768w, https:\/\/helsinki-stockholm.info\/wp-content\/uploads\/2025\/08\/parking-helsinki-port.jpg 1200w\" sizes=\"(max-width: 1024px) 100vw, 1024px\" \/>\t\t\t\t\t\t\t\t\t\t\t\t\t\t\t<\/div>\n\t\t\t\t<\/div>\n\t\t<div class=\"elementor-element elementor-element-f75f10d e-con-full e-flex e-con e-child\" data-id=\"f75f10d\" data-element_type=\"container\">\n\t\t\t\t<div class=\"elementor-element elementor-element-81d4e63 elementor-widget elementor-widget-heading\" data-id=\"81d4e63\" data-element_type=\"widget\" data-widget_type=\"heading.default\">\n\t\t\t\t\t<h2 class=\"elementor-heading-title elementor-size-default\">Pys\u00e4k\u00f6inti satamassa<\/h2>\t\t\t\t<\/div>\n\t\t\t\t<div class=\"elementor-element elementor-element-92d37bc elementor-widget elementor-widget-text-editor\" data-id=\"92d37bc\" data-element_type=\"widget\" data-widget_type=\"text-editor.default\">\n\t\t\t\t\t\t\t\t\t<p>Haluatko pys\u00e4k\u00f6id\u00e4 autosi Helsingin satamaan? Se on mahdollista! Tukholmaan matkustaessasi sinulla on kolme erilaista pys\u00e4k\u00f6intivaihtoehtoa:<\/p><ul><li>Olympia Terminal<\/li><li>Makasiiniranta P3<\/li><li>Katajonakka P5<\/li><\/ul><p>Pys\u00e4k\u00f6intivirhemaksu kannattaa varata etuk\u00e4teen sataman verkkosivujen kautta: <a href=\"https:\/\/www.satamaparkki.fi\/en\" target=\"_blank\" rel=\"noopener\">https:\/\/www.satamaparkki.fi\/en<\/a>.<\/p>\t\t\t\t\t\t\t\t<\/div>\n\t\t\t\t<\/div>\n\t\t\t\t\t<\/div>\n\t\t\t\t<\/div>\n\t\t\t\t<\/div>\n\t\t","protected":false},"excerpt":{"rendered":"<p>Helsingin satama Helsingin satamasta Suomessa l\u00e4htee p\u00e4ivitt\u00e4in lautta Tukholman satamaan Ruotsiin. Helsingin satama Suomessa Helsingin satama sijaitsee Suomessa, joka tunnetaan [&hellip;]<\/p>\n","protected":false},"author":1,"featured_media":0,"parent":0,"menu_order":0,"comment_status":"closed","ping_status":"closed","template":"","meta":{"inline_featured_image":false,"site-sidebar-layout":"no-sidebar","site-content-layout":"","ast-site-content-layout":"full-width-container","site-content-style":"default","site-sidebar-style":"default","ast-global-header-display":"","ast-banner-title-visibility":"","ast-main-header-display":"","ast-hfb-above-header-display":"","ast-hfb-below-header-display":"","ast-hfb-mobile-header-display":"","site-post-title":"","ast-breadcrumbs-content":"","ast-featured-img":"disabled","footer-sml-layout":"","theme-transparent-header-meta":"","adv-header-id-meta":"","stick-header-meta":"","header-above-stick-meta":"","header-main-stick-meta":"","header-below-stick-meta":"","astra-migrate-meta-layouts":"default","ast-page-background-enabled":"default","ast-page-background-meta":{"desktop":{"background-color":"var(--ast-global-color-5)","background-image":"","background-repeat":"repeat","background-position":"center center","background-size":"auto","background-attachment":"scroll","background-type":"","background-media":"","overlay-type":"","overlay-color":"","overlay-opacity":"","overlay-gradient":""},"tablet":{"background-color":"","background-image":"","background-repeat":"repeat","background-position":"center center","background-size":"auto","background-attachment":"scroll","background-type":"","background-media":"","overlay-type":"","overlay-color":"","overlay-opacity":"","overlay-gradient":""},"mobile":{"background-color":"","background-image":"","background-repeat":"repeat","background-position":"center center","background-size":"auto","background-attachment":"scroll","background-type":"","background-media":"","overlay-type":"","overlay-color":"","overlay-opacity":"","overlay-gradient":""}},"ast-content-background-meta":{"desktop":{"background-color":"var(--ast-global-color-4)","background-image":"","background-repeat":"repeat","background-position":"center center","background-size":"auto","background-attachment":"scroll","background-type":"","background-media":"","overlay-type":"","overlay-color":"","overlay-opacity":"","overlay-gradient":""},"tablet":{"background-color":"var(--ast-global-color-4)","background-image":"","background-repeat":"repeat","background-position":"center center","background-size":"auto","background-attachment":"scroll","background-type":"","background-media":"","overlay-type":"","overlay-color":"","overlay-opacity":"","overlay-gradient":""},"mobile":{"background-color":"var(--ast-global-color-4)","background-image":"","background-repeat":"repeat","background-position":"center center","background-size":"auto","background-attachment":"scroll","background-type":"","background-media":"","overlay-type":"","overlay-color":"","overlay-opacity":"","overlay-gradient":""}},"footnotes":""},"class_list":["post-993","page","type-page","status-publish","hentry"],"yoast_head":"<!-- This site is optimized with the Yoast SEO plugin v25.7 - https:\/\/yoast.com\/wordpress\/plugins\/seo\/ -->\n<title>Helsingin satamaopas - helsinki-stockholm.info<\/title>\n<meta name=\"description\" content=\"Tietoa Helsingin satamasta: osoitetiedot, pys\u00e4k\u00f6inti, palvelut ja lauttaterminaalit.\" \/>\n<meta name=\"robots\" content=\"index, follow, max-snippet:-1, max-image-preview:large, max-video-preview:-1\" \/>\n<link rel=\"canonical\" href=\"https:\/\/helsinki-stockholm.info\/fi\/helsingin-satama\/\" \/>\n<meta property=\"og:locale\" content=\"fi_FI\" \/>\n<meta property=\"og:type\" content=\"article\" \/>\n<meta property=\"og:title\" content=\"Helsingin satamaopas - helsinki-stockholm.info\" \/>\n<meta property=\"og:description\" content=\"Tietoa Helsingin satamasta: osoitetiedot, pys\u00e4k\u00f6inti, palvelut ja lauttaterminaalit.\" \/>\n<meta property=\"og:url\" content=\"https:\/\/helsinki-stockholm.info\/fi\/helsingin-satama\/\" \/>\n<meta property=\"og:site_name\" content=\"helsinki-stockholm.info\" \/>\n<meta property=\"article:modified_time\" content=\"2025-08-25T08:19:22+00:00\" \/>\n<meta property=\"og:image\" content=\"https:\/\/helsinki-stockholm.info\/wp-content\/uploads\/2025\/08\/parking-helsinki-port-1024x683.jpg\" \/>\n<meta name=\"twitter:card\" content=\"summary_large_image\" \/>\n<meta name=\"twitter:label1\" content=\"Arvioitu lukuaika\" \/>\n\t<meta name=\"twitter:data1\" content=\"1 minuutti\" \/>\n<script type=\"application\/ld+json\" class=\"yoast-schema-graph\">{\"@context\":\"https:\/\/schema.org\",\"@graph\":[{\"@type\":\"WebPage\",\"@id\":\"https:\/\/helsinki-stockholm.info\/fi\/helsingin-satama\/\",\"url\":\"https:\/\/helsinki-stockholm.info\/fi\/helsingin-satama\/\",\"name\":\"Helsingin satamaopas - helsinki-stockholm.info\",\"isPartOf\":{\"@id\":\"https:\/\/helsinki-stockholm.info\/fi\/#website\"},\"primaryImageOfPage\":{\"@id\":\"https:\/\/helsinki-stockholm.info\/fi\/helsingin-satama\/#primaryimage\"},\"image\":{\"@id\":\"https:\/\/helsinki-stockholm.info\/fi\/helsingin-satama\/#primaryimage\"},\"thumbnailUrl\":\"https:\/\/helsinki-stockholm.info\/wp-content\/uploads\/2025\/08\/parking-helsinki-port-1024x683.jpg\",\"datePublished\":\"2025-08-15T12:29:17+00:00\",\"dateModified\":\"2025-08-25T08:19:22+00:00\",\"description\":\"Tietoa Helsingin satamasta: osoitetiedot, pys\u00e4k\u00f6inti, palvelut ja lauttaterminaalit.\",\"breadcrumb\":{\"@id\":\"https:\/\/helsinki-stockholm.info\/fi\/helsingin-satama\/#breadcrumb\"},\"inLanguage\":\"fi\",\"potentialAction\":[{\"@type\":\"ReadAction\",\"target\":[\"https:\/\/helsinki-stockholm.info\/fi\/helsingin-satama\/\"]}]},{\"@type\":\"ImageObject\",\"inLanguage\":\"fi\",\"@id\":\"https:\/\/helsinki-stockholm.info\/fi\/helsingin-satama\/#primaryimage\",\"url\":\"https:\/\/helsinki-stockholm.info\/wp-content\/uploads\/2025\/08\/parking-helsinki-port-1024x683.jpg\",\"contentUrl\":\"https:\/\/helsinki-stockholm.info\/wp-content\/uploads\/2025\/08\/parking-helsinki-port-1024x683.jpg\"},{\"@type\":\"BreadcrumbList\",\"@id\":\"https:\/\/helsinki-stockholm.info\/fi\/helsingin-satama\/#breadcrumb\",\"itemListElement\":[{\"@type\":\"ListItem\",\"position\":1,\"name\":\"Home\",\"item\":\"https:\/\/helsinki-stockholm.info\/fi\/\"},{\"@type\":\"ListItem\",\"position\":2,\"name\":\"Helsingin satama\"}]},{\"@type\":\"WebSite\",\"@id\":\"https:\/\/helsinki-stockholm.info\/fi\/#website\",\"url\":\"https:\/\/helsinki-stockholm.info\/fi\/\",\"name\":\"helsinki-stockholm.info\",\"description\":\"\",\"publisher\":{\"@id\":\"https:\/\/helsinki-stockholm.info\/fi\/#organization\"},\"potentialAction\":[{\"@type\":\"SearchAction\",\"target\":{\"@type\":\"EntryPoint\",\"urlTemplate\":\"https:\/\/helsinki-stockholm.info\/fi\/?s={search_term_string}\"},\"query-input\":{\"@type\":\"PropertyValueSpecification\",\"valueRequired\":true,\"valueName\":\"search_term_string\"}}],\"inLanguage\":\"fi\"},{\"@type\":\"Organization\",\"@id\":\"https:\/\/helsinki-stockholm.info\/fi\/#organization\",\"name\":\"helsinki-stockholm.info\",\"url\":\"https:\/\/helsinki-stockholm.info\/fi\/\",\"logo\":{\"@type\":\"ImageObject\",\"inLanguage\":\"fi\",\"@id\":\"https:\/\/helsinki-stockholm.info\/fi\/#\/schema\/logo\/image\/\",\"url\":\"https:\/\/helsinki-stockholm.info\/wp-content\/uploads\/2025\/07\/helsinki-stockholm-ferry-logo.svg\",\"contentUrl\":\"https:\/\/helsinki-stockholm.info\/wp-content\/uploads\/2025\/07\/helsinki-stockholm-ferry-logo.svg\",\"width\":422,\"height\":130,\"caption\":\"helsinki-stockholm.info\"},\"image\":{\"@id\":\"https:\/\/helsinki-stockholm.info\/fi\/#\/schema\/logo\/image\/\"}}]}<\/script>\n<!-- \/ Yoast SEO plugin. -->","yoast_head_json":{"title":"Helsingin satamaopas - helsinki-stockholm.info","description":"Tietoa Helsingin satamasta: osoitetiedot, pys\u00e4k\u00f6inti, palvelut ja lauttaterminaalit.","robots":{"index":"index","follow":"follow","max-snippet":"max-snippet:-1","max-image-preview":"max-image-preview:large","max-video-preview":"max-video-preview:-1"},"canonical":"https:\/\/helsinki-stockholm.info\/fi\/helsingin-satama\/","og_locale":"fi_FI","og_type":"article","og_title":"Helsingin satamaopas - helsinki-stockholm.info","og_description":"Tietoa Helsingin satamasta: osoitetiedot, pys\u00e4k\u00f6inti, palvelut ja lauttaterminaalit.","og_url":"https:\/\/helsinki-stockholm.info\/fi\/helsingin-satama\/","og_site_name":"helsinki-stockholm.info","article_modified_time":"2025-08-25T08:19:22+00:00","og_image":[{"url":"https:\/\/helsinki-stockholm.info\/wp-content\/uploads\/2025\/08\/parking-helsinki-port-1024x683.jpg","type":"","width":"","height":""}],"twitter_card":"summary_large_image","twitter_misc":{"Arvioitu lukuaika":"1 minuutti"},"schema":{"@context":"https:\/\/schema.org","@graph":[{"@type":"WebPage","@id":"https:\/\/helsinki-stockholm.info\/fi\/helsingin-satama\/","url":"https:\/\/helsinki-stockholm.info\/fi\/helsingin-satama\/","name":"Helsingin satamaopas - helsinki-stockholm.info","isPartOf":{"@id":"https:\/\/helsinki-stockholm.info\/fi\/#website"},"primaryImageOfPage":{"@id":"https:\/\/helsinki-stockholm.info\/fi\/helsingin-satama\/#primaryimage"},"image":{"@id":"https:\/\/helsinki-stockholm.info\/fi\/helsingin-satama\/#primaryimage"},"thumbnailUrl":"https:\/\/helsinki-stockholm.info\/wp-content\/uploads\/2025\/08\/parking-helsinki-port-1024x683.jpg","datePublished":"2025-08-15T12:29:17+00:00","dateModified":"2025-08-25T08:19:22+00:00","description":"Tietoa Helsingin satamasta: osoitetiedot, pys\u00e4k\u00f6inti, palvelut ja lauttaterminaalit.","breadcrumb":{"@id":"https:\/\/helsinki-stockholm.info\/fi\/helsingin-satama\/#breadcrumb"},"inLanguage":"fi","potentialAction":[{"@type":"ReadAction","target":["https:\/\/helsinki-stockholm.info\/fi\/helsingin-satama\/"]}]},{"@type":"ImageObject","inLanguage":"fi","@id":"https:\/\/helsinki-stockholm.info\/fi\/helsingin-satama\/#primaryimage","url":"https:\/\/helsinki-stockholm.info\/wp-content\/uploads\/2025\/08\/parking-helsinki-port-1024x683.jpg","contentUrl":"https:\/\/helsinki-stockholm.info\/wp-content\/uploads\/2025\/08\/parking-helsinki-port-1024x683.jpg"},{"@type":"BreadcrumbList","@id":"https:\/\/helsinki-stockholm.info\/fi\/helsingin-satama\/#breadcrumb","itemListElement":[{"@type":"ListItem","position":1,"name":"Home","item":"https:\/\/helsinki-stockholm.info\/fi\/"},{"@type":"ListItem","position":2,"name":"Helsingin satama"}]},{"@type":"WebSite","@id":"https:\/\/helsinki-stockholm.info\/fi\/#website","url":"https:\/\/helsinki-stockholm.info\/fi\/","name":"helsinki-stockholm.info","description":"","publisher":{"@id":"https:\/\/helsinki-stockholm.info\/fi\/#organization"},"potentialAction":[{"@type":"SearchAction","target":{"@type":"EntryPoint","urlTemplate":"https:\/\/helsinki-stockholm.info\/fi\/?s={search_term_string}"},"query-input":{"@type":"PropertyValueSpecification","valueRequired":true,"valueName":"search_term_string"}}],"inLanguage":"fi"},{"@type":"Organization","@id":"https:\/\/helsinki-stockholm.info\/fi\/#organization","name":"helsinki-stockholm.info","url":"https:\/\/helsinki-stockholm.info\/fi\/","logo":{"@type":"ImageObject","inLanguage":"fi","@id":"https:\/\/helsinki-stockholm.info\/fi\/#\/schema\/logo\/image\/","url":"https:\/\/helsinki-stockholm.info\/wp-content\/uploads\/2025\/07\/helsinki-stockholm-ferry-logo.svg","contentUrl":"https:\/\/helsinki-stockholm.info\/wp-content\/uploads\/2025\/07\/helsinki-stockholm-ferry-logo.svg","width":422,"height":130,"caption":"helsinki-stockholm.info"},"image":{"@id":"https:\/\/helsinki-stockholm.info\/fi\/#\/schema\/logo\/image\/"}}]}},"_links":{"self":[{"href":"https:\/\/helsinki-stockholm.info\/fi\/wp-json\/wp\/v2\/pages\/993","targetHints":{"allow":["GET"]}}],"collection":[{"href":"https:\/\/helsinki-stockholm.info\/fi\/wp-json\/wp\/v2\/pages"}],"about":[{"href":"https:\/\/helsinki-stockholm.info\/fi\/wp-json\/wp\/v2\/types\/page"}],"author":[{"embeddable":true,"href":"https:\/\/helsinki-stockholm.info\/fi\/wp-json\/wp\/v2\/users\/1"}],"replies":[{"embeddable":true,"href":"https:\/\/helsinki-stockholm.info\/fi\/wp-json\/wp\/v2\/comments?post=993"}],"version-history":[{"count":7,"href":"https:\/\/helsinki-stockholm.info\/fi\/wp-json\/wp\/v2\/pages\/993\/revisions"}],"predecessor-version":[{"id":1140,"href":"https:\/\/helsinki-stockholm.info\/fi\/wp-json\/wp\/v2\/pages\/993\/revisions\/1140"}],"wp:attachment":[{"href":"https:\/\/helsinki-stockholm.info\/fi\/wp-json\/wp\/v2\/media?parent=993"}],"curies":[{"name":"wp","href":"https:\/\/api.w.org\/{rel}","templated":true}]}}