{"id":818,"date":"2025-08-15T11:28:51","date_gmt":"2025-08-15T11:28:51","guid":{"rendered":"https:\/\/helsinki-stockholm.info\/?page_id=818"},"modified":"2025-08-25T08:23:24","modified_gmt":"2025-08-25T08:23:24","slug":"tietosuojaseloste","status":"publish","type":"page","link":"https:\/\/helsinki-stockholm.info\/fi\/tietosuojaseloste\/","title":{"rendered":"Tietosuojaseloste"},"content":{"rendered":"\n<h1 class=\"wp-block-heading\">Tietosuojaseloste<\/h1>\n\n\n\n<p>T\u00e4m\u00e4n verkkosivuston omistaa FerryGoGo B.V. T\u00e4lt\u00e4 sivulta voit lukea lis\u00e4\u00e4 siit\u00e4, miten k\u00e4sittelemme henkil\u00f6tietoja ja ev\u00e4steit\u00e4 verkkosivustollamme. Jos sinulla on kysytt\u00e4v\u00e4\u00e4 siit\u00e4, miten k\u00e4sittelemme henkil\u00f6tietojasi luettuasi tietosuojaselosteemme, ota meihin yhteytt\u00e4.<\/p>\n\n\n\n<h4 class=\"wp-block-heading\">Tietoa meist\u00e4:<\/h4>\n\n\n\n<p>Jos haluat lis\u00e4tietoja t\u00e4m\u00e4n verkkosivuston k\u00e4yt\u00f6st\u00e4, ota meihin yhteytt\u00e4 alla olevien tietojen avulla:<\/p>\n\n\n\n<p><strong>Yrityksen tiedot (ei k\u00e4yntiosoitetta)<\/strong><\/p>\n\n\n\n<ul class=\"wp-block-list\">\n<li>FerryGoGo B.V.<\/li>\n\n\n\n<li>Jufferstraat 3<\/li>\n\n\n\n<li>3701 jKr<\/li>\n\n\n\n<li>Zeist<\/li>\n<\/ul>\n\n\n\n<h5 class=\"wp-block-heading\">1. K\u00e4sittelem\u00e4mme henkil\u00f6tiedot<\/h5>\n\n\n\n<p>FerryGoGo B.V. k\u00e4sittelee henkil\u00f6tietojasi, koska k\u00e4yt\u00e4t palveluitamme ja\/tai koska annat ne meille itse.<\/p>\n\n\n\n<p><strong>Alta l\u00f6yd\u00e4t yleiskatsauksen henkil\u00f6tiedoista, joita k\u00e4sittelemme (tai saatamme k\u00e4sitell\u00e4):<\/strong><\/p>\n\n\n\n<ul class=\"wp-block-list\">\n<li>Etu- ja sukunimi (vain jos annat ne itse aktiivisesti; emme k\u00e4yt\u00e4 niit\u00e4 mihink\u00e4\u00e4n muuhun)<\/li>\n\n\n\n<li>S\u00e4hk\u00f6postiosoite (vain jos annat ne kommenteissa tai profiilissasi; emme k\u00e4yt\u00e4 niit\u00e4 mihink\u00e4\u00e4n muuhun)<\/li>\n\n\n\n<li>IP-osoite<\/li>\n\n\n\n<li>Internet-selain ja laitetyyppi<\/li>\n\n\n\n<li>Lokitiedostot<\/li>\n<\/ul>\n\n\n\n<p><strong>Tietoja lokitiedostoista:<\/strong><\/p>\n\n\n\n<p>Kuten useimmat muutkin verkkosivustot, ker\u00e4\u00e4mme anonyymi\u00e4 tietoa t\u00e4m\u00e4n verkkosivuston k\u00e4yt\u00f6st\u00e4si lokitiedostoihin. Lokitiedostoihin tallentamamme tiedot sis\u00e4lt\u00e4v\u00e4t IP-osoitteesi (Internet Protocol), internet-palveluntarjoajasi (ISP) osoitteen, kuten XS4ALL, KPN, Tele2 jne., sivustollamme vieraillessasi k\u00e4ytt\u00e4m\u00e4si selaimen (kuten Microsoft Edge, Google Chrome, Safari tai Firefox), sivustollamme k\u00e4yntisi ajankohdan, vierailusi keston ja vierailusi aikana vierailemasi sivut.<\/p>\n\n\n\n<p>Emme k\u00e4sittele erityisi\u00e4 henkil\u00f6tietoja.<\/p>\n\n\n\n<h5 class=\"wp-block-heading\">2. Mihin tarkoitukseen ja mill\u00e4 perusteella k\u00e4sittelemme henkil\u00f6tietoja?<\/h5>\n\n\n\n<p>FerryGoGo B.V. k\u00e4sittelee henkil\u00f6tietojasi seuraaviin tarkoituksiin:<\/p>\n\n\n\n<ul class=\"wp-block-list\">\n<li>Uutiskirjeemme ja\/tai mainosesitteemme l\u00e4hett\u00e4minen (tilauksen yhteydess\u00e4) s\u00e4ilytet\u00e4\u00e4n, kunnes peruutat tilauksen.<\/li>\n\n\n\n<li>FerryGoGo B.V. analysoi verkkosivustolla k\u00e4ytt\u00e4mi\u00e4si tietoja parantaakseen verkkosivustoa ja r\u00e4\u00e4t\u00e4l\u00f6id\u00e4kseen tuote- ja palveluvalikoimaa mieltymystesi mukaan.<\/li>\n\n\n\n<li>Kysymykset, kommentit ja muut yhteydenotot: Kun l\u00e4het\u00e4t meille kysymyksen tai pyynn\u00f6n, k\u00e4sittelemme nimesi ja s\u00e4hk\u00f6postiosoitteesi, jotta voimme vastata sinulle.<\/li>\n\n\n\n<li>IP-osoite: Kun vierailet verkkosivustollamme, k\u00e4sittelemme IP-osoitteesi. T\u00e4m\u00e4 osoite poistetaan 30 p\u00e4iv\u00e4n kuluttua.<\/li>\n<\/ul>\n\n\n\n<p>Emme yhdist\u00e4 n\u00e4it\u00e4 tietoja muihin tietol\u00e4hteisiin. IP-osoitteen v\u00e4liaikainen tallennus lokitiedostoihin on tarpeen teknisist\u00e4 syist\u00e4.<\/p>\n\n\n\n<p><strong>Henkil\u00f6tietojen jakaminen kolmansille osapuolille<\/strong><\/p>\n\n\n\n<ul class=\"wp-block-list\">\n<li>Verkkosivuston hosting-yritys<\/li>\n\n\n\n<li>Google Adsense ja Google Analytics<\/li>\n<\/ul>\n\n\n\n<p><strong>Lis\u00e4tietoja kolmannen osapuolen mainoksista:<\/strong><\/p>\n\n\n\n<p>Verkkosivustomme tukemiseksi k\u00e4yt\u00e4mme kolmannen osapuolen mainontaa. Jotkut n\u00e4ist\u00e4 mainostajista saattavat k\u00e4ytt\u00e4\u00e4 tekniikoita, kuten ev\u00e4steit\u00e4 ja verkkoj\u00e4ljitteit\u00e4, mainostaessaan sivustollamme. N\u00e4m\u00e4 ev\u00e4steet ja verkkoj\u00e4ljitteet l\u00e4hett\u00e4v\u00e4t mainostajille (kuten Googlelle Google AdSense -ohjelman kautta) my\u00f6s tietoja, kuten IP-osoitteesi, internet-palveluntarjoajasi, sivustollamme k\u00e4ytit selaimen ja joissakin tapauksissa tiedon siit\u00e4, onko sinulla Flash asennettuna.<\/p>\n\n\n\n<h5 class=\"wp-block-heading\">3. K\u00e4ytt\u00e4m\u00e4mme ev\u00e4steet tai vastaavat tekniikat<\/h5>\n\n\n\n<p>K\u00e4yt\u00e4mme t\u00e4ll\u00e4 verkkosivustolla ev\u00e4steit\u00e4 erilaisiin toiminnallisuuteen, verkkoanalyysiin ja markkinointiin liittyviin tarkoituksiin.<\/p>\n\n\n\n<p>FerryGoGo B.V. k\u00e4ytt\u00e4\u00e4 toiminnallisia, analyyttisi\u00e4 ja seurantaev\u00e4steit\u00e4. Ev\u00e4ste on pieni tekstitiedosto, joka tallennetaan tietokoneesi, tablettisi tai \u00e4lypuhelimesi selaimeen, kun vierailet t\u00e4ll\u00e4 verkkosivustolla ensimm\u00e4isen kerran. hoekvanholland-harwich.nl k\u00e4ytt\u00e4\u00e4 puhtaasti teknisi\u00e4 ev\u00e4steit\u00e4. N\u00e4m\u00e4 varmistavat, ett\u00e4 verkkosivusto toimii oikein ja ett\u00e4 esimerkiksi mieltymyksesi muistetaan. Analyyttisi\u00e4 ja toiminnallisia ev\u00e4steit\u00e4 k\u00e4ytet\u00e4\u00e4n my\u00f6s verkkosivuston moitteettoman toiminnan varmistamiseksi ja sen optimoimiseksi. Lis\u00e4ksi k\u00e4yt\u00e4mme ev\u00e4steit\u00e4, jotka seuraavat selausk\u00e4ytt\u00e4ytymist\u00e4si, jotta voimme tarjota r\u00e4\u00e4t\u00e4l\u00f6ity\u00e4 sis\u00e4lt\u00f6\u00e4 ja mainoksia.<\/p>\n\n\n\n<p><strong>K\u00e4ytt\u00e4m\u00e4mme ev\u00e4steet:<\/strong><\/p>\n\n\n\n<ul class=\"wp-block-list\">\n<li><strong>Kumppanuusverkoston ev\u00e4steet:<\/strong> Joissakin artikkeleissa saatamme viitata verkkokauppoihin, joiden kanssa teemme yhteisty\u00f6t\u00e4 kumppanuusverkoston kautta. T\u00e4m\u00e4n yhteisty\u00f6n mahdollistamiseksi v\u00e4litt\u00e4j\u00e4sivulle sijoitetaan ev\u00e4ste, kun vierailet verkkokaupassa. N\u00e4m\u00e4 ev\u00e4steet ovat v\u00e4ltt\u00e4m\u00e4tt\u00f6mi\u00e4 mahdollisten tapahtumien k\u00e4sittelemiseksi ja ne ovat my\u00f6s merkitt\u00e4v\u00e4 osa tulomalliamme. Lis\u00e4tietoja n\u00e4ist\u00e4 ev\u00e4steist\u00e4 l\u00f6yd\u00e4t kunkin verkkokaupan sivuilta.<\/li>\n\n\n\n<li><strong>Google Adsense -ev\u00e4steet:<\/strong> Verkkosivustomme k\u00e4ytt\u00e4\u00e4 my\u00f6s Google Adsense -ev\u00e4steit\u00e4. N\u00e4m\u00e4 ev\u00e4steet auttavat n\u00e4ytt\u00e4m\u00e4\u00e4n sinulle relevantteja mainoksia. T\u00e4m\u00e4 on my\u00f6s meille pieni tulomalli ja mahdollistaa verkkosivuston rahoittamisen. Lis\u00e4tietoja n\u00e4ist\u00e4 ev\u00e4steist\u00e4 l\u00f6ytyy t\u00e4\u00e4lt\u00e4: https:\/\/policies.google.com\/technologies\/cookies?hl=nl<\/li>\n\n\n\n<li><strong>Analyyttiset ja toiminnalliset ev\u00e4steet:<\/strong> K\u00e4yt\u00e4mme analyyttisi\u00e4 ev\u00e4steit\u00e4 n\u00e4hd\u00e4ksemme, miten k\u00e4vij\u00e4t k\u00e4ytt\u00e4v\u00e4t verkkosivustoamme ja miten voimme parantaa ja optimoida sit\u00e4 entisest\u00e4\u00e4n. K\u00e4yt\u00e4mme toiminnallisia ev\u00e4steit\u00e4 varmistaaksemme, ett\u00e4 verkkosivusto toimii oikein. K\u00e4yt\u00e4mme t\u00e4h\u00e4n Google Analyticsia. Analyyttisi\u00e4 ev\u00e4steit\u00e4 s\u00e4ilytet\u00e4\u00e4n enint\u00e4\u00e4n 50 kuukautta.<\/li>\n<\/ul>\n\n\n\n<p>Ensimm\u00e4isell\u00e4 verkkosivustovierailullasi ilmoitimme sinulle n\u00e4ist\u00e4 ev\u00e4steist\u00e4 ja pyysimme lupaasi niiden asettamiseen.<\/p>\n\n\n\n<p>Voit kielt\u00e4yty\u00e4 ev\u00e4steist\u00e4 m\u00e4\u00e4ritt\u00e4m\u00e4ll\u00e4 internetselaimesi niin, ettei niit\u00e4 en\u00e4\u00e4 tallenneta. Voit my\u00f6s poistaa kaikki aiemmin tallennetut tiedot selaimesi asetuksista.<\/p>\n\n\n\n<p>Lis\u00e4tietoja ev\u00e4steiden hallinnasta on saatavilla my\u00f6s osoitteesta <a href=\"http:\/\/www.allaboutcookies.org\/\" target=\"_blank\" rel=\"noreferrer noopener\">www.allaboutcookies.org<\/a>.<\/p>\n\n\n\n<p><strong>Kielt\u00e4ydy:<\/strong> Jos sinulla on Google-tili, voit poistaa mainosten personoinnin k\u00e4yt\u00f6st\u00e4 Google Ads -asetuksissasi.<\/p>\n\n\n\n<h5 class=\"wp-block-heading\">4. Tietojen tarkasteleminen, muuttaminen tai poistaminen<\/h5>\n\n\n\n<p>Sinulla on oikeus tarkastella, oikaista tai poistaa henkil\u00f6tietojasi. Sinulla on my\u00f6s oikeus peruuttaa suostumuksesi tietojenk\u00e4sittelyyn tai vastustaa hoekvanholland-harwich.nl:n suorittamaa henkil\u00f6tietojesi k\u00e4sittely\u00e4. Sinulla on my\u00f6s oikeus siirt\u00e4\u00e4 tiedot j\u00e4rjestelm\u00e4st\u00e4 toiseen. T\u00e4m\u00e4 tarkoittaa, ett\u00e4 voit pyyt\u00e4\u00e4 meit\u00e4 l\u00e4hett\u00e4m\u00e4\u00e4n tietokoneella tallentamamme henkil\u00f6tiedot sinulle tai toiselle valitsemallesi organisaatiolle.<\/p>\n\n\n\n<p>Voit l\u00e4hett\u00e4\u00e4 pyynn\u00f6n henkil\u00f6tietojesi tarkastamisesta, korjaamisesta, poistamisesta, siirt\u00e4misest\u00e4 tai suostumuksesi peruuttamisesta tai henkil\u00f6tietojesi k\u00e4sittelyn vastustamisesta osoitteeseen info@ferrygogo.com.<\/p>\n\n\n\n<p>Varmistaaksemme, ett\u00e4 olet itse tehnyt pyynn\u00f6n, pyyd\u00e4mme sinua liitt\u00e4m\u00e4\u00e4n pyynt\u00f6\u00f6n kopion henkil\u00f6llisyystodistuksestasi. Poista t\u00e4st\u00e4 kopiosta passikuvasi, koneellisesti luettava alue (MRZ, passin alareunassa oleva numeronauha), passinumerosi ja kansalaispalvelunumerosi (BSN). T\u00e4m\u00e4 on yksityisyytesi suojaamiseksi. Vastaamme pyynt\u00f6\u00f6si mahdollisimman pian, mutta nelj\u00e4n viikon kuluessa.<\/p>\n\n\n\n<h5 class=\"wp-block-heading\">5.\u00a0\u00a0Henkil\u00f6tietojen suojaaminen<\/h5>\n\n\n\n<p>FerryGoGo B.V. suhtautuu tietojesi suojaamiseen vakavasti ja toteuttaa asianmukaisia toimenpiteit\u00e4 v\u00e4\u00e4rink\u00e4yt\u00f6n, katoamisen, luvattoman k\u00e4yt\u00f6n, ei-toivotun paljastumisen ja luvattoman muokkaamisen est\u00e4miseksi. Jos uskot, ett\u00e4 tietojasi ei ole suojattu asianmukaisesti tai jos on merkkej\u00e4 v\u00e4\u00e4rink\u00e4yt\u00f6st\u00e4, ota yhteytt\u00e4 asiakaspalveluumme tai l\u00e4het\u00e4 meille s\u00e4hk\u00f6postia osoitteeseen info@ferrygogo.com.<\/p>\n","protected":false},"excerpt":{"rendered":"<p>Tietosuojaseloste T\u00e4m\u00e4n verkkosivuston omistaa FerryGoGo B.V. T\u00e4lt\u00e4 sivulta voit lukea lis\u00e4\u00e4 siit\u00e4, miten k\u00e4sittelemme henkil\u00f6tietoja ja ev\u00e4steit\u00e4 verkkosivustollamme. Jos sinulla [&hellip;]<\/p>\n","protected":false},"author":1,"featured_media":0,"parent":0,"menu_order":0,"comment_status":"closed","ping_status":"closed","template":"","meta":{"inline_featured_image":false,"site-sidebar-layout":"default","site-content-layout":"","ast-site-content-layout":"default","site-content-style":"default","site-sidebar-style":"default","ast-global-header-display":"","ast-banner-title-visibility":"","ast-main-header-display":"","ast-hfb-above-header-display":"","ast-hfb-below-header-display":"","ast-hfb-mobile-header-display":"","site-post-title":"","ast-breadcrumbs-content":"","ast-featured-img":"","footer-sml-layout":"","theme-transparent-header-meta":"","adv-header-id-meta":"","stick-header-meta":"","header-above-stick-meta":"","header-main-stick-meta":"","header-below-stick-meta":"","astra-migrate-meta-layouts":"default","ast-page-background-enabled":"default","ast-page-background-meta":{"desktop":{"background-color":"var(--ast-global-color-5)","background-image":"","background-repeat":"repeat","background-position":"center center","background-size":"auto","background-attachment":"scroll","background-type":"","background-media":"","overlay-type":"","overlay-color":"","overlay-opacity":"","overlay-gradient":""},"tablet":{"background-color":"","background-image":"","background-repeat":"repeat","background-position":"center center","background-size":"auto","background-attachment":"scroll","background-type":"","background-media":"","overlay-type":"","overlay-color":"","overlay-opacity":"","overlay-gradient":""},"mobile":{"background-color":"","background-image":"","background-repeat":"repeat","background-position":"center center","background-size":"auto","background-attachment":"scroll","background-type":"","background-media":"","overlay-type":"","overlay-color":"","overlay-opacity":"","overlay-gradient":""}},"ast-content-background-meta":{"desktop":{"background-color":"var(--ast-global-color-4)","background-image":"","background-repeat":"repeat","background-position":"center center","background-size":"auto","background-attachment":"scroll","background-type":"","background-media":"","overlay-type":"","overlay-color":"","overlay-opacity":"","overlay-gradient":""},"tablet":{"background-color":"var(--ast-global-color-4)","background-image":"","background-repeat":"repeat","background-position":"center center","background-size":"auto","background-attachment":"scroll","background-type":"","background-media":"","overlay-type":"","overlay-color":"","overlay-opacity":"","overlay-gradient":""},"mobile":{"background-color":"var(--ast-global-color-4)","background-image":"","background-repeat":"repeat","background-position":"center center","background-size":"auto","background-attachment":"scroll","background-type":"","background-media":"","overlay-type":"","overlay-color":"","overlay-opacity":"","overlay-gradient":""}},"footnotes":""},"class_list":["post-818","page","type-page","status-publish","hentry"],"yoast_head":"<!-- This site is optimized with the Yoast SEO plugin v25.7 - https:\/\/yoast.com\/wordpress\/plugins\/seo\/ -->\n<title>Tietosuojaseloste - helsinki-stockholm.info<\/title>\n<meta name=\"description\" content=\"Ota selv\u00e4\u00e4, mit\u00e4 tietoja voimme ker\u00e4t\u00e4 osoitteessa Helsinki-Stockholm.info ja miksi.\" \/>\n<meta name=\"robots\" content=\"index, follow, max-snippet:-1, max-image-preview:large, max-video-preview:-1\" \/>\n<link rel=\"canonical\" href=\"https:\/\/helsinki-stockholm.info\/fi\/tietosuojaseloste\/\" \/>\n<meta property=\"og:locale\" content=\"fi_FI\" \/>\n<meta property=\"og:type\" content=\"article\" \/>\n<meta property=\"og:title\" content=\"Tietosuojaseloste - helsinki-stockholm.info\" \/>\n<meta property=\"og:description\" content=\"Ota selv\u00e4\u00e4, mit\u00e4 tietoja voimme ker\u00e4t\u00e4 osoitteessa Helsinki-Stockholm.info ja miksi.\" \/>\n<meta property=\"og:url\" content=\"https:\/\/helsinki-stockholm.info\/fi\/tietosuojaseloste\/\" \/>\n<meta property=\"og:site_name\" content=\"helsinki-stockholm.info\" \/>\n<meta property=\"article:modified_time\" content=\"2025-08-25T08:23:24+00:00\" \/>\n<meta name=\"twitter:card\" content=\"summary_large_image\" \/>\n<meta name=\"twitter:label1\" content=\"Arvioitu lukuaika\" \/>\n\t<meta name=\"twitter:data1\" content=\"4 minuuttia\" \/>\n<script type=\"application\/ld+json\" class=\"yoast-schema-graph\">{\"@context\":\"https:\/\/schema.org\",\"@graph\":[{\"@type\":\"WebPage\",\"@id\":\"https:\/\/helsinki-stockholm.info\/fi\/tietosuojaseloste\/\",\"url\":\"https:\/\/helsinki-stockholm.info\/fi\/tietosuojaseloste\/\",\"name\":\"Tietosuojaseloste - helsinki-stockholm.info\",\"isPartOf\":{\"@id\":\"https:\/\/helsinki-stockholm.info\/fi\/#website\"},\"datePublished\":\"2025-08-15T11:28:51+00:00\",\"dateModified\":\"2025-08-25T08:23:24+00:00\",\"description\":\"Ota selv\u00e4\u00e4, mit\u00e4 tietoja voimme ker\u00e4t\u00e4 osoitteessa Helsinki-Stockholm.info ja miksi.\",\"breadcrumb\":{\"@id\":\"https:\/\/helsinki-stockholm.info\/fi\/tietosuojaseloste\/#breadcrumb\"},\"inLanguage\":\"fi\",\"potentialAction\":[{\"@type\":\"ReadAction\",\"target\":[\"https:\/\/helsinki-stockholm.info\/fi\/tietosuojaseloste\/\"]}]},{\"@type\":\"BreadcrumbList\",\"@id\":\"https:\/\/helsinki-stockholm.info\/fi\/tietosuojaseloste\/#breadcrumb\",\"itemListElement\":[{\"@type\":\"ListItem\",\"position\":1,\"name\":\"Home\",\"item\":\"https:\/\/helsinki-stockholm.info\/fi\/\"},{\"@type\":\"ListItem\",\"position\":2,\"name\":\"Tietosuojaseloste\"}]},{\"@type\":\"WebSite\",\"@id\":\"https:\/\/helsinki-stockholm.info\/fi\/#website\",\"url\":\"https:\/\/helsinki-stockholm.info\/fi\/\",\"name\":\"helsinki-stockholm.info\",\"description\":\"\",\"publisher\":{\"@id\":\"https:\/\/helsinki-stockholm.info\/fi\/#organization\"},\"potentialAction\":[{\"@type\":\"SearchAction\",\"target\":{\"@type\":\"EntryPoint\",\"urlTemplate\":\"https:\/\/helsinki-stockholm.info\/fi\/?s={search_term_string}\"},\"query-input\":{\"@type\":\"PropertyValueSpecification\",\"valueRequired\":true,\"valueName\":\"search_term_string\"}}],\"inLanguage\":\"fi\"},{\"@type\":\"Organization\",\"@id\":\"https:\/\/helsinki-stockholm.info\/fi\/#organization\",\"name\":\"helsinki-stockholm.info\",\"url\":\"https:\/\/helsinki-stockholm.info\/fi\/\",\"logo\":{\"@type\":\"ImageObject\",\"inLanguage\":\"fi\",\"@id\":\"https:\/\/helsinki-stockholm.info\/fi\/#\/schema\/logo\/image\/\",\"url\":\"https:\/\/helsinki-stockholm.info\/wp-content\/uploads\/2025\/07\/helsinki-stockholm-ferry-logo.svg\",\"contentUrl\":\"https:\/\/helsinki-stockholm.info\/wp-content\/uploads\/2025\/07\/helsinki-stockholm-ferry-logo.svg\",\"width\":422,\"height\":130,\"caption\":\"helsinki-stockholm.info\"},\"image\":{\"@id\":\"https:\/\/helsinki-stockholm.info\/fi\/#\/schema\/logo\/image\/\"}}]}<\/script>\n<!-- \/ Yoast SEO plugin. -->","yoast_head_json":{"title":"Tietosuojaseloste - helsinki-stockholm.info","description":"Ota selv\u00e4\u00e4, mit\u00e4 tietoja voimme ker\u00e4t\u00e4 osoitteessa Helsinki-Stockholm.info ja miksi.","robots":{"index":"index","follow":"follow","max-snippet":"max-snippet:-1","max-image-preview":"max-image-preview:large","max-video-preview":"max-video-preview:-1"},"canonical":"https:\/\/helsinki-stockholm.info\/fi\/tietosuojaseloste\/","og_locale":"fi_FI","og_type":"article","og_title":"Tietosuojaseloste - helsinki-stockholm.info","og_description":"Ota selv\u00e4\u00e4, mit\u00e4 tietoja voimme ker\u00e4t\u00e4 osoitteessa Helsinki-Stockholm.info ja miksi.","og_url":"https:\/\/helsinki-stockholm.info\/fi\/tietosuojaseloste\/","og_site_name":"helsinki-stockholm.info","article_modified_time":"2025-08-25T08:23:24+00:00","twitter_card":"summary_large_image","twitter_misc":{"Arvioitu lukuaika":"4 minuuttia"},"schema":{"@context":"https:\/\/schema.org","@graph":[{"@type":"WebPage","@id":"https:\/\/helsinki-stockholm.info\/fi\/tietosuojaseloste\/","url":"https:\/\/helsinki-stockholm.info\/fi\/tietosuojaseloste\/","name":"Tietosuojaseloste - helsinki-stockholm.info","isPartOf":{"@id":"https:\/\/helsinki-stockholm.info\/fi\/#website"},"datePublished":"2025-08-15T11:28:51+00:00","dateModified":"2025-08-25T08:23:24+00:00","description":"Ota selv\u00e4\u00e4, mit\u00e4 tietoja voimme ker\u00e4t\u00e4 osoitteessa Helsinki-Stockholm.info ja miksi.","breadcrumb":{"@id":"https:\/\/helsinki-stockholm.info\/fi\/tietosuojaseloste\/#breadcrumb"},"inLanguage":"fi","potentialAction":[{"@type":"ReadAction","target":["https:\/\/helsinki-stockholm.info\/fi\/tietosuojaseloste\/"]}]},{"@type":"BreadcrumbList","@id":"https:\/\/helsinki-stockholm.info\/fi\/tietosuojaseloste\/#breadcrumb","itemListElement":[{"@type":"ListItem","position":1,"name":"Home","item":"https:\/\/helsinki-stockholm.info\/fi\/"},{"@type":"ListItem","position":2,"name":"Tietosuojaseloste"}]},{"@type":"WebSite","@id":"https:\/\/helsinki-stockholm.info\/fi\/#website","url":"https:\/\/helsinki-stockholm.info\/fi\/","name":"helsinki-stockholm.info","description":"","publisher":{"@id":"https:\/\/helsinki-stockholm.info\/fi\/#organization"},"potentialAction":[{"@type":"SearchAction","target":{"@type":"EntryPoint","urlTemplate":"https:\/\/helsinki-stockholm.info\/fi\/?s={search_term_string}"},"query-input":{"@type":"PropertyValueSpecification","valueRequired":true,"valueName":"search_term_string"}}],"inLanguage":"fi"},{"@type":"Organization","@id":"https:\/\/helsinki-stockholm.info\/fi\/#organization","name":"helsinki-stockholm.info","url":"https:\/\/helsinki-stockholm.info\/fi\/","logo":{"@type":"ImageObject","inLanguage":"fi","@id":"https:\/\/helsinki-stockholm.info\/fi\/#\/schema\/logo\/image\/","url":"https:\/\/helsinki-stockholm.info\/wp-content\/uploads\/2025\/07\/helsinki-stockholm-ferry-logo.svg","contentUrl":"https:\/\/helsinki-stockholm.info\/wp-content\/uploads\/2025\/07\/helsinki-stockholm-ferry-logo.svg","width":422,"height":130,"caption":"helsinki-stockholm.info"},"image":{"@id":"https:\/\/helsinki-stockholm.info\/fi\/#\/schema\/logo\/image\/"}}]}},"_links":{"self":[{"href":"https:\/\/helsinki-stockholm.info\/fi\/wp-json\/wp\/v2\/pages\/818","targetHints":{"allow":["GET"]}}],"collection":[{"href":"https:\/\/helsinki-stockholm.info\/fi\/wp-json\/wp\/v2\/pages"}],"about":[{"href":"https:\/\/helsinki-stockholm.info\/fi\/wp-json\/wp\/v2\/types\/page"}],"author":[{"embeddable":true,"href":"https:\/\/helsinki-stockholm.info\/fi\/wp-json\/wp\/v2\/users\/1"}],"replies":[{"embeddable":true,"href":"https:\/\/helsinki-stockholm.info\/fi\/wp-json\/wp\/v2\/comments?post=818"}],"version-history":[{"count":1,"href":"https:\/\/helsinki-stockholm.info\/fi\/wp-json\/wp\/v2\/pages\/818\/revisions"}],"predecessor-version":[{"id":819,"href":"https:\/\/helsinki-stockholm.info\/fi\/wp-json\/wp\/v2\/pages\/818\/revisions\/819"}],"wp:attachment":[{"href":"https:\/\/helsinki-stockholm.info\/fi\/wp-json\/wp\/v2\/media?parent=818"}],"curies":[{"name":"wp","href":"https:\/\/api.w.org\/{rel}","templated":true}]}}