{"id":1024,"date":"2025-08-15T12:21:35","date_gmt":"2025-08-15T12:21:35","guid":{"rendered":"https:\/\/helsinki-stockholm.info\/?page_id=1024"},"modified":"2025-08-25T08:22:49","modified_gmt":"2025-08-25T08:22:49","slug":"viking-line","status":"publish","type":"page","link":"https:\/\/helsinki-stockholm.info\/fi\/viking-line\/","title":{"rendered":"Viking Line"},"content":{"rendered":"\t\t<div data-elementor-type=\"wp-page\" data-elementor-id=\"1024\" class=\"elementor elementor-1024 elementor-845\">\n\t\t\t\t<div class=\"elementor-element elementor-element-9a487c0 e-con-full e-flex e-con e-parent\" data-id=\"9a487c0\" data-element_type=\"container\" data-settings=\"{&quot;background_background&quot;:&quot;classic&quot;}\">\n\t\t<div class=\"elementor-element elementor-element-48665c3 e-con-full e-flex e-con e-child\" data-id=\"48665c3\" data-element_type=\"container\">\n\t\t\t\t<div class=\"elementor-element elementor-element-fa7a3e5 elementor-widget elementor-widget-heading\" data-id=\"fa7a3e5\" data-element_type=\"widget\" data-widget_type=\"heading.default\">\n\t\t\t\t\t<h1 class=\"elementor-heading-title elementor-size-default\">Viking Line<\/h1>\t\t\t\t<\/div>\n\t\t\t\t<div class=\"elementor-element elementor-element-8d18d07 elementor-widget elementor-widget-text-editor\" data-id=\"8d18d07\" data-element_type=\"widget\" data-widget_type=\"text-editor.default\">\n\t\t\t\t\t\t\t\t\t<p>Viking Line on yksi Helsingin ja Tukholman v\u00e4lisell\u00e4 reitill\u00e4 liikenn\u00f6ivist\u00e4 lauttayhti\u00f6ist\u00e4.<\/p>\t\t\t\t\t\t\t\t<\/div>\n\t\t\t\t<\/div>\n\t\t<div class=\"elementor-element elementor-element-1de73cd e-con-full e-flex e-con e-child\" data-id=\"1de73cd\" data-element_type=\"container\" data-settings=\"{&quot;background_background&quot;:&quot;classic&quot;}\">\n\t\t\t\t<\/div>\n\t\t\t\t<\/div>\n\t\t<div class=\"elementor-element elementor-element-fc676a5 e-flex e-con-boxed e-con e-parent\" data-id=\"fc676a5\" data-element_type=\"container\">\n\t\t\t\t\t<div class=\"e-con-inner\">\n\t\t<div class=\"elementor-element elementor-element-1f02cc2 e-con-full e-flex e-con e-child\" data-id=\"1f02cc2\" data-element_type=\"container\">\n\t\t\t\t<div class=\"elementor-element elementor-element-8c0df0d elementor-widget elementor-widget-heading\" data-id=\"8c0df0d\" data-element_type=\"widget\" data-widget_type=\"heading.default\">\n\t\t\t\t\t<h2 class=\"elementor-heading-title elementor-size-default\">Viking Linella Tukholmaan tai Helsinkiin<\/h2>\t\t\t\t<\/div>\n\t\t\t\t<div class=\"elementor-element elementor-element-e7c5e59 elementor-widget elementor-widget-text-editor\" data-id=\"e7c5e59\" data-element_type=\"widget\" data-widget_type=\"text-editor.default\">\n\t\t\t\t\t\t\t\t\t<p>Viking Line liikenn\u00f6i p\u00e4ivitt\u00e4in Helsingin ja Tukholman v\u00e4lill\u00e4. Lauttayhti\u00f6ll\u00e4 on k\u00e4yt\u00f6ss\u00e4\u00e4n kaksi lauttaa: M\/S Gabriella ja M\/S Viking Cinderella.<\/p>\t\t\t\t\t\t\t\t<\/div>\n\t\t\t\t<div class=\"elementor-element elementor-element-7620554 elementor-widget elementor-widget-heading\" data-id=\"7620554\" data-element_type=\"widget\" data-widget_type=\"heading.default\">\n\t\t\t\t\t<h3 class=\"elementor-heading-title elementor-size-default\">Liput alkaen 168,50 \u20ac<\/h3>\t\t\t\t<\/div>\n\t\t\t\t<div class=\"elementor-element elementor-element-d593048 elementor-widget elementor-widget-text-editor\" data-id=\"d593048\" data-element_type=\"widget\" data-widget_type=\"text-editor.default\">\n\t\t\t\t\t\t\t\t\t<p>Viking Linen liput alkaen 168,50 \u20ac. Hinta perustuu kahden aikuisen kyytiin ajoneuvossa. <a href=\"https:\/\/helsinki-stockholm.info\/fi\/hinnat\/\">Katso lis\u00e4tietoja hinnoista t\u00e4\u00e4lt\u00e4<\/a>.<\/p>\t\t\t\t\t\t\t\t<\/div>\n\t\t\t\t<\/div>\n\t\t<div class=\"elementor-element elementor-element-19ffc48 e-con-full e-flex e-con e-child\" data-id=\"19ffc48\" data-element_type=\"container\">\n\t\t\t\t<div class=\"elementor-element elementor-element-dc2fbc2 ferry-widget elementor-widget elementor-widget-shortcode\" data-id=\"dc2fbc2\" data-element_type=\"widget\" data-widget_type=\"shortcode.default\">\n\t\t\t\t\t\t\t<div class=\"elementor-shortcode\">    <style>\n        #ferry-booking-form {\n            display: flex;\n            justify-content: space-between;\n            border: 3px solid #046bd2;\n            padding: 25px;\n            flex-wrap: wrap;\n            border-radius: 0px;\n            background-color: white;\n            box-sizing: border-box;\n        }\n        #ferry-booking-form div {\n            width: 22%;\n            margin-right: 2%;\n            margin-bottom: 10px;\n            display: flex;\n            flex-direction: column;\n            justify-content: center;\n        }\n        #ferry-booking-form div:last-child {\n            margin-right: 0;\n        }\n        #ferry-booking-form label {\n            display: block;\n            margin-bottom: 5px;\n            text-align: left;\n            color: #a9a9a9;\n            font-size: 13px;\n        }\n        #ferry-booking-form select {\n            width: 100%;\n            padding: 5px;\n        }\n        #ferry-booking-form select:disabled {\n            background-color: #e0e0e0;\n        }\n        #ferry-booking-form button {\n            padding: 15px 30px;\n            background-color: #ffa525;\n            color: white;\n            border: none;\n            border-radius: 10px;\n            cursor: pointer;\n            transition: background-color 0.3s ease;\n            display: flex;\n            align-items: center;\n            justify-content: center;\n            text-align: center;\n        }\n        #ferry-booking-form button:hover {\n            background-color: #e88b13;\n        }\n        #ferry-booking-form button::after {\n            content: \" \u2197\";\n            font-size: 18px;\n            margin-left: 5px;\n        }\n        @media (max-width: 768px) {\n            #ferry-booking-form {\n                flex-direction: column;\n                align-items: center;\n                padding: 15px;\n            }\n            #ferry-booking-form div {\n                width: 100%;\n                margin-right: 0;\n                margin-bottom: 15px;\n            }\n            #ferry-booking-form button {\n                width: 100%;\n                padding: 15px;\n            }\n        }\n    <\/style>\n\n    <form id=\"ferry-booking-form\">\n        <div>\n            <label for=\"departure\">L\u00c4HT\u00d6SATAMA:<\/label>\n            <select id=\"departure\" name=\"departure\">\n                <!-- value = canonieke slug voor URL; label = Finse naam -->\n                <option value=\"Helsinki\">Helsinki<\/option>\n                <option value=\"Stockholm\">Tukholma<\/option>\n            <\/select>\n        <\/div>\n\n        <div>\n            <label for=\"arrival\">SAAPUMISSATAMA:<\/label>\n            <select id=\"arrival\" name=\"arrival\" disabled>\n                <option value=\"Stockholm\">Tukholma<\/option>\n                <option value=\"Helsinki\">Helsinki<\/option>\n            <\/select>\n        <\/div>\n\n        <div>\n            <label for=\"operator\">VARUSTAMO:<\/label>\n            <select id=\"operator\" name=\"operator\">\n                <option value=\"none\">Ei mieltymyst\u00e4<\/option>\n                <option value=\"VikingLine\">Viking Line<\/option>\n                <option value=\"TallinkSilja\">Tallink (Silja Line)<\/option>\n            <\/select>\n        <\/div>\n\n        <div>\n            <button type=\"button\" id=\"book-ticket\">Varaa liput<\/button>\n        <\/div>\n    <\/form>\n\n    <script>\n        document.addEventListener('DOMContentLoaded', function() {\n            const departureSelect = document.getElementById('departure');\n            const arrivalSelect = document.getElementById('arrival');\n            const operatorSelect = document.getElementById('operator');\n            const bookButton = document.getElementById('book-ticket');\n\n            \/\/ Oletus: Helsinki -> Tukholma\n            if (departureSelect.value === 'Helsinki') {\n                arrivalSelect.value = 'Stockholm';\n            }\n\n            \/\/ Vaihda saapuminen, kun l\u00e4ht\u00f6 muuttuu\n            departureSelect.addEventListener('change', function() {\n                arrivalSelect.value = (departureSelect.value === 'Helsinki') ? 'Stockholm' : 'Helsinki';\n            });\n\n            \/\/ Nappi \u2192 avaa uudessa v\u00e4lilehdess\u00e4\n            bookButton.addEventListener('click', function() {\n                const departure = departureSelect.value; \/\/ pid\u00e4 kanoniset 'Helsinki'\/'Stockholm'\n                const arrival = arrivalSelect.value;\n                const operator = operatorSelect.value;\n\n                let link = \"https:\/\/helsinki-stockholm.info\/fi\/go\/directferries\"; \/\/ oletuslinkki\n\n                if (departure && arrival) {\n                    link = `https:\/\/helsinki-stockholm.info\/fi\/go\/${departure.toLowerCase()}-${arrival.toLowerCase()}`;\n                    if (operator !== 'none') {\n                        link += `\/${operator.toLowerCase()}`;\n                    }\n                }\n\n                window.open(link, '_blank');\n            });\n        });\n    <\/script>\n    <\/div>\n\t\t\t\t\t\t<\/div>\n\t\t\t\t<\/div>\n\t\t\t\t\t<\/div>\n\t\t\t\t<\/div>\n\t\t<div class=\"elementor-element elementor-element-d87b8ee e-flex e-con-boxed e-con e-parent\" data-id=\"d87b8ee\" data-element_type=\"container\">\n\t\t\t\t\t<div class=\"e-con-inner\">\n\t\t<div class=\"elementor-element elementor-element-ad57f4c e-con-full e-flex e-con e-child\" data-id=\"ad57f4c\" data-element_type=\"container\" data-settings=\"{&quot;background_background&quot;:&quot;classic&quot;}\">\n\t\t\t\t<\/div>\n\t\t<div class=\"elementor-element elementor-element-5c29f05 e-con-full e-flex e-con e-child\" data-id=\"5c29f05\" data-element_type=\"container\" data-settings=\"{&quot;background_background&quot;:&quot;classic&quot;}\">\n\t\t\t\t<div class=\"elementor-element elementor-element-d88c405 elementor-widget elementor-widget-heading\" data-id=\"d88c405\" data-element_type=\"widget\" data-widget_type=\"heading.default\">\n\t\t\t\t\t<h2 class=\"elementor-heading-title elementor-size-default\">Viking Linen lautan palvelut<\/h2>\t\t\t\t<\/div>\n\t\t\t\t<div class=\"elementor-element elementor-element-43eb2f8 elementor-widget elementor-widget-text-editor\" data-id=\"43eb2f8\" data-element_type=\"widget\" data-widget_type=\"text-editor.default\">\n\t\t\t\t\t\t\t\t\t<p>Vaikka Viking Line liikenn\u00f6i Helsingin ja Tukholman v\u00e4lill\u00e4 kahdella eri lauttayhteydell\u00e4, laivan palvelut ovat samat.<\/p>\t\t\t\t\t\t\t\t<\/div>\n\t\t\t\t<div class=\"elementor-element elementor-element-cc822ca elementor-widget elementor-widget-text-editor\" data-id=\"cc822ca\" data-element_type=\"widget\" data-widget_type=\"text-editor.default\">\n\t\t\t\t\t\t\t\t\t<ul><li>Makuutilat<\/li><li>Ravintolat ja kaupat<\/li><li>Viihde ja pelihallit<\/li><li>WC:t, suihkut ja pukuhuoneet<\/li><li>Odotushuoneet, rentoutumisalueet ja ulkokansi<\/li><\/ul>\t\t\t\t\t\t\t\t<\/div>\n\t\t\t\t<div class=\"elementor-element elementor-element-5b94798 elementor-mobile-align-justify elementor-widget elementor-widget-button\" data-id=\"5b94798\" data-element_type=\"widget\" data-widget_type=\"button.default\">\n\t\t\t\t\t\t\t\t\t\t<a class=\"elementor-button elementor-button-link elementor-size-sm\" href=\"https:\/\/helsinki-stockholm.info\/fi\/go\/directferries\" target=\"_blank\">\n\t\t\t\t\t\t<span class=\"elementor-button-content-wrapper\">\n\t\t\t\t\t\t\t\t\t<span class=\"elementor-button-text\">Varaa lippusi nyt \u2197<\/span>\n\t\t\t\t\t<\/span>\n\t\t\t\t\t<\/a>\n\t\t\t\t\t\t\t\t<\/div>\n\t\t\t\t<\/div>\n\t\t\t\t\t<\/div>\n\t\t\t\t<\/div>\n\t\t<div class=\"elementor-element elementor-element-5eb9019 e-flex e-con-boxed e-con e-parent\" data-id=\"5eb9019\" data-element_type=\"container\">\n\t\t\t\t\t<div class=\"e-con-inner\">\n\t\t\t\t<div class=\"elementor-element elementor-element-67894f4 elementor-widget elementor-widget-heading\" data-id=\"67894f4\" data-element_type=\"widget\" data-widget_type=\"heading.default\">\n\t\t\t\t\t<h2 class=\"elementor-heading-title elementor-size-default\">Viking Linen terminaalin osoitetiedot<\/h2>\t\t\t\t<\/div>\n\t\t\t\t\t<\/div>\n\t\t\t\t<\/div>\n\t\t<div class=\"elementor-element elementor-element-8fdf461 e-flex e-con-boxed e-con e-parent\" data-id=\"8fdf461\" data-element_type=\"container\">\n\t\t\t\t\t<div class=\"e-con-inner\">\n\t\t<div class=\"elementor-element elementor-element-4a42563 e-con-full e-flex e-con e-child\" data-id=\"4a42563\" data-element_type=\"container\">\n\t\t\t\t<div class=\"elementor-element elementor-element-087016b elementor-widget elementor-widget-heading\" data-id=\"087016b\" data-element_type=\"widget\" data-widget_type=\"heading.default\">\n\t\t\t\t\t<h3 class=\"elementor-heading-title elementor-size-default\">Viking Linen terminaali Helsingiss\u00e4<\/h3>\t\t\t\t<\/div>\n\t\t\t\t<div class=\"elementor-element elementor-element-6f6df19 elementor-widget elementor-widget-text-editor\" data-id=\"6f6df19\" data-element_type=\"widget\" data-widget_type=\"text-editor.default\">\n\t\t\t\t\t\t\t\t\t<p>Tarkista Viking Linen terminaalin sijainti <a href=\"https:\/\/helsinki-stockholm.info\/fi\/helsingin-satama\/\">Helsingin satamassa<\/a> alta.<\/p><ul><li>Skatuddskajen 8<\/li><li>Lilla Hamngatan 1<\/li><li>00160<\/li><li>Helsinki, Suomi<\/li><\/ul>\t\t\t\t\t\t\t\t<\/div>\n\t\t\t\t<\/div>\n\t\t<div class=\"elementor-element elementor-element-006f558 e-con-full e-flex e-con e-child\" data-id=\"006f558\" data-element_type=\"container\">\n\t\t\t\t<div class=\"elementor-element elementor-element-ab04a8e elementor-widget elementor-widget-heading\" data-id=\"ab04a8e\" data-element_type=\"widget\" data-widget_type=\"heading.default\">\n\t\t\t\t\t<h3 class=\"elementor-heading-title elementor-size-default\">Viking Linen terminaali Tukholmassa<\/h3>\t\t\t\t<\/div>\n\t\t\t\t<div class=\"elementor-element elementor-element-4d9a06c elementor-widget elementor-widget-text-editor\" data-id=\"4d9a06c\" data-element_type=\"widget\" data-widget_type=\"text-editor.default\">\n\t\t\t\t\t\t\t\t\t<p>Katso alta Vikingin terminaalin osoitetiedot <a href=\"https:\/\/helsinki-stockholm.info\/fi\/tukholman-satama\/\">Tukholman satamassa<\/a>.<\/p><ul><li>Viking Linen terminaali Tukholma<\/li><li>Skeppsin l\u00e4hde 2<\/li><li>111 30<\/li><li>Tukholma, Ruotsi<\/li><\/ul>\t\t\t\t\t\t\t\t<\/div>\n\t\t\t\t<\/div>\n\t\t\t\t\t<\/div>\n\t\t\t\t<\/div>\n\t\t\t\t<\/div>\n\t\t","protected":false},"excerpt":{"rendered":"<p>Viking Line Viking Line on yksi Helsingin ja Tukholman v\u00e4lisell\u00e4 reitill\u00e4 liikenn\u00f6ivist\u00e4 lauttayhti\u00f6ist\u00e4. Viking Linella Tukholmaan tai Helsinkiin Viking Line [&hellip;]<\/p>\n","protected":false},"author":1,"featured_media":0,"parent":0,"menu_order":0,"comment_status":"closed","ping_status":"closed","template":"","meta":{"inline_featured_image":false,"site-sidebar-layout":"no-sidebar","site-content-layout":"","ast-site-content-layout":"full-width-container","site-content-style":"default","site-sidebar-style":"default","ast-global-header-display":"","ast-banner-title-visibility":"","ast-main-header-display":"","ast-hfb-above-header-display":"","ast-hfb-below-header-display":"","ast-hfb-mobile-header-display":"","site-post-title":"","ast-breadcrumbs-content":"","ast-featured-img":"disabled","footer-sml-layout":"","theme-transparent-header-meta":"","adv-header-id-meta":"","stick-header-meta":"","header-above-stick-meta":"","header-main-stick-meta":"","header-below-stick-meta":"","astra-migrate-meta-layouts":"default","ast-page-background-enabled":"default","ast-page-background-meta":{"desktop":{"background-color":"var(--ast-global-color-5)","background-image":"","background-repeat":"repeat","background-position":"center center","background-size":"auto","background-attachment":"scroll","background-type":"","background-media":"","overlay-type":"","overlay-color":"","overlay-opacity":"","overlay-gradient":""},"tablet":{"background-color":"","background-image":"","background-repeat":"repeat","background-position":"center center","background-size":"auto","background-attachment":"scroll","background-type":"","background-media":"","overlay-type":"","overlay-color":"","overlay-opacity":"","overlay-gradient":""},"mobile":{"background-color":"","background-image":"","background-repeat":"repeat","background-position":"center center","background-size":"auto","background-attachment":"scroll","background-type":"","background-media":"","overlay-type":"","overlay-color":"","overlay-opacity":"","overlay-gradient":""}},"ast-content-background-meta":{"desktop":{"background-color":"var(--ast-global-color-4)","background-image":"","background-repeat":"repeat","background-position":"center center","background-size":"auto","background-attachment":"scroll","background-type":"","background-media":"","overlay-type":"","overlay-color":"","overlay-opacity":"","overlay-gradient":""},"tablet":{"background-color":"var(--ast-global-color-4)","background-image":"","background-repeat":"repeat","background-position":"center center","background-size":"auto","background-attachment":"scroll","background-type":"","background-media":"","overlay-type":"","overlay-color":"","overlay-opacity":"","overlay-gradient":""},"mobile":{"background-color":"var(--ast-global-color-4)","background-image":"","background-repeat":"repeat","background-position":"center center","background-size":"auto","background-attachment":"scroll","background-type":"","background-media":"","overlay-type":"","overlay-color":"","overlay-opacity":"","overlay-gradient":""}},"footnotes":""},"class_list":["post-1024","page","type-page","status-publish","hentry"],"yoast_head":"<!-- This site is optimized with the Yoast SEO plugin v25.7 - https:\/\/yoast.com\/wordpress\/plugins\/seo\/ -->\n<title>Viking Line Helsinki Tukholman lautta<\/title>\n<meta name=\"description\" content=\"Tietoa Viking Linesta Helsinki-Tukholma-reitill\u00e4 (hinnat, sis\u00e4\u00e4nkirjautuminen, palvelut)\" \/>\n<meta name=\"robots\" content=\"index, follow, max-snippet:-1, max-image-preview:large, max-video-preview:-1\" \/>\n<link rel=\"canonical\" href=\"https:\/\/helsinki-stockholm.info\/fi\/viking-line\/\" \/>\n<meta property=\"og:locale\" content=\"fi_FI\" \/>\n<meta property=\"og:type\" content=\"article\" \/>\n<meta property=\"og:title\" content=\"Viking Line Helsinki Tukholman lautta\" \/>\n<meta property=\"og:description\" content=\"Tietoa Viking Linesta Helsinki-Tukholma-reitill\u00e4 (hinnat, sis\u00e4\u00e4nkirjautuminen, palvelut)\" \/>\n<meta property=\"og:url\" content=\"https:\/\/helsinki-stockholm.info\/fi\/viking-line\/\" \/>\n<meta property=\"og:site_name\" content=\"helsinki-stockholm.info\" \/>\n<meta property=\"article:modified_time\" content=\"2025-08-25T08:22:49+00:00\" \/>\n<meta name=\"twitter:card\" content=\"summary_large_image\" \/>\n<meta name=\"twitter:label1\" content=\"Arvioitu lukuaika\" \/>\n\t<meta name=\"twitter:data1\" content=\"1 minuutti\" \/>\n<script type=\"application\/ld+json\" class=\"yoast-schema-graph\">{\"@context\":\"https:\/\/schema.org\",\"@graph\":[{\"@type\":\"WebPage\",\"@id\":\"https:\/\/helsinki-stockholm.info\/fi\/viking-line\/\",\"url\":\"https:\/\/helsinki-stockholm.info\/fi\/viking-line\/\",\"name\":\"Viking Line Helsinki Tukholman lautta\",\"isPartOf\":{\"@id\":\"https:\/\/helsinki-stockholm.info\/fi\/#website\"},\"datePublished\":\"2025-08-15T12:21:35+00:00\",\"dateModified\":\"2025-08-25T08:22:49+00:00\",\"description\":\"Tietoa Viking Linesta Helsinki-Tukholma-reitill\u00e4 (hinnat, sis\u00e4\u00e4nkirjautuminen, palvelut)\",\"breadcrumb\":{\"@id\":\"https:\/\/helsinki-stockholm.info\/fi\/viking-line\/#breadcrumb\"},\"inLanguage\":\"fi\",\"potentialAction\":[{\"@type\":\"ReadAction\",\"target\":[\"https:\/\/helsinki-stockholm.info\/fi\/viking-line\/\"]}]},{\"@type\":\"BreadcrumbList\",\"@id\":\"https:\/\/helsinki-stockholm.info\/fi\/viking-line\/#breadcrumb\",\"itemListElement\":[{\"@type\":\"ListItem\",\"position\":1,\"name\":\"Home\",\"item\":\"https:\/\/helsinki-stockholm.info\/fi\/\"},{\"@type\":\"ListItem\",\"position\":2,\"name\":\"Viking Line\"}]},{\"@type\":\"WebSite\",\"@id\":\"https:\/\/helsinki-stockholm.info\/fi\/#website\",\"url\":\"https:\/\/helsinki-stockholm.info\/fi\/\",\"name\":\"helsinki-stockholm.info\",\"description\":\"\",\"publisher\":{\"@id\":\"https:\/\/helsinki-stockholm.info\/fi\/#organization\"},\"potentialAction\":[{\"@type\":\"SearchAction\",\"target\":{\"@type\":\"EntryPoint\",\"urlTemplate\":\"https:\/\/helsinki-stockholm.info\/fi\/?s={search_term_string}\"},\"query-input\":{\"@type\":\"PropertyValueSpecification\",\"valueRequired\":true,\"valueName\":\"search_term_string\"}}],\"inLanguage\":\"fi\"},{\"@type\":\"Organization\",\"@id\":\"https:\/\/helsinki-stockholm.info\/fi\/#organization\",\"name\":\"helsinki-stockholm.info\",\"url\":\"https:\/\/helsinki-stockholm.info\/fi\/\",\"logo\":{\"@type\":\"ImageObject\",\"inLanguage\":\"fi\",\"@id\":\"https:\/\/helsinki-stockholm.info\/fi\/#\/schema\/logo\/image\/\",\"url\":\"https:\/\/helsinki-stockholm.info\/wp-content\/uploads\/2025\/07\/helsinki-stockholm-ferry-logo.svg\",\"contentUrl\":\"https:\/\/helsinki-stockholm.info\/wp-content\/uploads\/2025\/07\/helsinki-stockholm-ferry-logo.svg\",\"width\":422,\"height\":130,\"caption\":\"helsinki-stockholm.info\"},\"image\":{\"@id\":\"https:\/\/helsinki-stockholm.info\/fi\/#\/schema\/logo\/image\/\"}}]}<\/script>\n<!-- \/ Yoast SEO plugin. -->","yoast_head_json":{"title":"Viking Line Helsinki Tukholman lautta","description":"Tietoa Viking Linesta Helsinki-Tukholma-reitill\u00e4 (hinnat, sis\u00e4\u00e4nkirjautuminen, palvelut)","robots":{"index":"index","follow":"follow","max-snippet":"max-snippet:-1","max-image-preview":"max-image-preview:large","max-video-preview":"max-video-preview:-1"},"canonical":"https:\/\/helsinki-stockholm.info\/fi\/viking-line\/","og_locale":"fi_FI","og_type":"article","og_title":"Viking Line Helsinki Tukholman lautta","og_description":"Tietoa Viking Linesta Helsinki-Tukholma-reitill\u00e4 (hinnat, sis\u00e4\u00e4nkirjautuminen, palvelut)","og_url":"https:\/\/helsinki-stockholm.info\/fi\/viking-line\/","og_site_name":"helsinki-stockholm.info","article_modified_time":"2025-08-25T08:22:49+00:00","twitter_card":"summary_large_image","twitter_misc":{"Arvioitu lukuaika":"1 minuutti"},"schema":{"@context":"https:\/\/schema.org","@graph":[{"@type":"WebPage","@id":"https:\/\/helsinki-stockholm.info\/fi\/viking-line\/","url":"https:\/\/helsinki-stockholm.info\/fi\/viking-line\/","name":"Viking Line Helsinki Tukholman lautta","isPartOf":{"@id":"https:\/\/helsinki-stockholm.info\/fi\/#website"},"datePublished":"2025-08-15T12:21:35+00:00","dateModified":"2025-08-25T08:22:49+00:00","description":"Tietoa Viking Linesta Helsinki-Tukholma-reitill\u00e4 (hinnat, sis\u00e4\u00e4nkirjautuminen, palvelut)","breadcrumb":{"@id":"https:\/\/helsinki-stockholm.info\/fi\/viking-line\/#breadcrumb"},"inLanguage":"fi","potentialAction":[{"@type":"ReadAction","target":["https:\/\/helsinki-stockholm.info\/fi\/viking-line\/"]}]},{"@type":"BreadcrumbList","@id":"https:\/\/helsinki-stockholm.info\/fi\/viking-line\/#breadcrumb","itemListElement":[{"@type":"ListItem","position":1,"name":"Home","item":"https:\/\/helsinki-stockholm.info\/fi\/"},{"@type":"ListItem","position":2,"name":"Viking Line"}]},{"@type":"WebSite","@id":"https:\/\/helsinki-stockholm.info\/fi\/#website","url":"https:\/\/helsinki-stockholm.info\/fi\/","name":"helsinki-stockholm.info","description":"","publisher":{"@id":"https:\/\/helsinki-stockholm.info\/fi\/#organization"},"potentialAction":[{"@type":"SearchAction","target":{"@type":"EntryPoint","urlTemplate":"https:\/\/helsinki-stockholm.info\/fi\/?s={search_term_string}"},"query-input":{"@type":"PropertyValueSpecification","valueRequired":true,"valueName":"search_term_string"}}],"inLanguage":"fi"},{"@type":"Organization","@id":"https:\/\/helsinki-stockholm.info\/fi\/#organization","name":"helsinki-stockholm.info","url":"https:\/\/helsinki-stockholm.info\/fi\/","logo":{"@type":"ImageObject","inLanguage":"fi","@id":"https:\/\/helsinki-stockholm.info\/fi\/#\/schema\/logo\/image\/","url":"https:\/\/helsinki-stockholm.info\/wp-content\/uploads\/2025\/07\/helsinki-stockholm-ferry-logo.svg","contentUrl":"https:\/\/helsinki-stockholm.info\/wp-content\/uploads\/2025\/07\/helsinki-stockholm-ferry-logo.svg","width":422,"height":130,"caption":"helsinki-stockholm.info"},"image":{"@id":"https:\/\/helsinki-stockholm.info\/fi\/#\/schema\/logo\/image\/"}}]}},"_links":{"self":[{"href":"https:\/\/helsinki-stockholm.info\/fi\/wp-json\/wp\/v2\/pages\/1024","targetHints":{"allow":["GET"]}}],"collection":[{"href":"https:\/\/helsinki-stockholm.info\/fi\/wp-json\/wp\/v2\/pages"}],"about":[{"href":"https:\/\/helsinki-stockholm.info\/fi\/wp-json\/wp\/v2\/types\/page"}],"author":[{"embeddable":true,"href":"https:\/\/helsinki-stockholm.info\/fi\/wp-json\/wp\/v2\/users\/1"}],"replies":[{"embeddable":true,"href":"https:\/\/helsinki-stockholm.info\/fi\/wp-json\/wp\/v2\/comments?post=1024"}],"version-history":[{"count":7,"href":"https:\/\/helsinki-stockholm.info\/fi\/wp-json\/wp\/v2\/pages\/1024\/revisions"}],"predecessor-version":[{"id":1152,"href":"https:\/\/helsinki-stockholm.info\/fi\/wp-json\/wp\/v2\/pages\/1024\/revisions\/1152"}],"wp:attachment":[{"href":"https:\/\/helsinki-stockholm.info\/fi\/wp-json\/wp\/v2\/media?parent=1024"}],"curies":[{"name":"wp","href":"https:\/\/api.w.org\/{rel}","templated":true}]}}