{"id":1003,"date":"2025-08-15T12:27:43","date_gmt":"2025-08-15T12:27:43","guid":{"rendered":"https:\/\/helsinki-stockholm.info\/?page_id=1003"},"modified":"2025-08-25T08:21:43","modified_gmt":"2025-08-25T08:21:43","slug":"tukholman-satama","status":"publish","type":"page","link":"https:\/\/helsinki-stockholm.info\/fi\/tukholman-satama\/","title":{"rendered":"Tukholman satama"},"content":{"rendered":"\t\t<div data-elementor-type=\"wp-page\" data-elementor-id=\"1003\" class=\"elementor elementor-1003 elementor-860\">\n\t\t\t\t<div class=\"elementor-element elementor-element-13456de e-con-full e-flex e-con e-parent\" data-id=\"13456de\" data-element_type=\"container\" data-settings=\"{&quot;background_background&quot;:&quot;classic&quot;}\">\n\t\t<div class=\"elementor-element elementor-element-4a02942 e-con-full e-flex e-con e-child\" data-id=\"4a02942\" data-element_type=\"container\">\n\t\t\t\t<div class=\"elementor-element elementor-element-d739091 elementor-widget elementor-widget-heading\" data-id=\"d739091\" data-element_type=\"widget\" data-widget_type=\"heading.default\">\n\t\t\t\t\t<h1 class=\"elementor-heading-title elementor-size-default\">Tukholman satama<\/h1>\t\t\t\t<\/div>\n\t\t\t\t<div class=\"elementor-element elementor-element-7355e1d elementor-widget elementor-widget-text-editor\" data-id=\"7355e1d\" data-element_type=\"widget\" data-widget_type=\"text-editor.default\">\n\t\t\t\t\t\t\t\t\t<p>Ruotsin Tukholman satamasta on suora lauttayhteys Helsingin satamaan Suomessa.<\/p>\t\t\t\t\t\t\t\t<\/div>\n\t\t\t\t<\/div>\n\t\t<div class=\"elementor-element elementor-element-8ffed25 e-con-full e-flex e-con e-child\" data-id=\"8ffed25\" data-element_type=\"container\" data-settings=\"{&quot;background_background&quot;:&quot;classic&quot;}\">\n\t\t\t\t<\/div>\n\t\t\t\t<\/div>\n\t\t<div class=\"elementor-element elementor-element-81a7bed e-flex e-con-boxed e-con e-parent\" data-id=\"81a7bed\" data-element_type=\"container\">\n\t\t\t\t\t<div class=\"e-con-inner\">\n\t\t<div class=\"elementor-element elementor-element-2a13562 e-con-full e-flex e-con e-child\" data-id=\"2a13562\" data-element_type=\"container\">\n\t\t\t\t<div class=\"elementor-element elementor-element-0ed0a54 elementor-widget elementor-widget-heading\" data-id=\"0ed0a54\" data-element_type=\"widget\" data-widget_type=\"heading.default\">\n\t\t\t\t\t<h2 class=\"elementor-heading-title elementor-size-default\">Tukholman satama Ruotsissa<\/h2>\t\t\t\t<\/div>\n\t\t\t\t<div class=\"elementor-element elementor-element-27f3540 elementor-widget elementor-widget-text-editor\" data-id=\"27f3540\" data-element_type=\"widget\" data-widget_type=\"text-editor.default\">\n\t\t\t\t\t\t\t\t\t<p>Tukholman satama koostuu useista alueista, joista t\u00e4rkeimm\u00e4t ovat V\u00e4rtahamnen, Frihamnen, Stadsg\u00e5rden ja Skeppsbron. Varsinkin V\u00e4rtahamnen ja Frihamnen ovat keskeisess\u00e4 asemassa <a href=\"https:\/\/helsinki-stockholm.info\/fi\/helsingin-satama\/\">Helsingin sataman<\/a> ja Tukholman v\u00e4lisess\u00e4 lauttaliikenteess\u00e4, kun taas Stadsg\u00e5rden ja Skeppsbron ovat l\u00e4hemp\u00e4n\u00e4 keskustaa ja saavat paljon risteilyj\u00e4.<\/p>\t\t\t\t\t\t\t\t<\/div>\n\t\t\t\t<div class=\"elementor-element elementor-element-a0e4171 elementor-widget elementor-widget-heading\" data-id=\"a0e4171\" data-element_type=\"widget\" data-widget_type=\"heading.default\">\n\t\t\t\t\t<h3 class=\"elementor-heading-title elementor-size-default\">Osoite ja ajo-ohjeet<\/h3>\t\t\t\t<\/div>\n\t\t\t\t<div class=\"elementor-element elementor-element-8065e80 elementor-widget elementor-widget-text-editor\" data-id=\"8065e80\" data-element_type=\"widget\" data-widget_type=\"text-editor.default\">\n\t\t\t\t\t\t\t\t\t<p>Katso Tukholman sataman osoitetiedot alta tai k\u00e4yt\u00e4 karttaa saadaksesi reittiohjeet satamaan.<\/p>\t\t\t\t\t\t\t\t<\/div>\n\t\t\t\t<div class=\"elementor-element elementor-element-91fe976 elementor-widget elementor-widget-text-editor\" data-id=\"91fe976\" data-element_type=\"widget\" data-widget_type=\"text-editor.default\">\n\t\t\t\t\t\t\t\t\t<ul><li>Tukholman satamat<\/li><li>PL 27314<\/li><li>102 54<\/li><li>Tukholma, Ruotsi<\/li><\/ul>\t\t\t\t\t\t\t\t<\/div>\n\t\t\t\t<\/div>\n\t\t<div class=\"elementor-element elementor-element-4d57d4b e-con-full e-flex e-con e-child\" data-id=\"4d57d4b\" data-element_type=\"container\">\n\t\t\t\t<div class=\"elementor-element elementor-element-5c6d6b0 ferry-widget elementor-widget elementor-widget-shortcode\" data-id=\"5c6d6b0\" data-element_type=\"widget\" data-widget_type=\"shortcode.default\">\n\t\t\t\t\t\t\t<div class=\"elementor-shortcode\"><iframe src=\"https:\/\/www.google.com\/maps\/embed?pb=!1m18!1m12!1m3!1d8143.874793397103!2d18.085012584241017!3d59.31677964342352!2m3!1f0!2f0!3f0!3m2!1i1024!2i768!4f13.1!3m3!1m2!1s0x465f780180f9fbab%3A0xe425c740ae36024e!2sStadsg%C3%A5rden%2C%20Tegelvikshamn!5e0!3m2!1snl!2snl!4v1755591714982!5m2!1snl!2snl\" width=\"600\" height=\"450\" style=\"border:0;\" allowfullscreen=\"\" loading=\"lazy\" referrerpolicy=\"no-referrer-when-downgrade\"><\/iframe><\/div>\n\t\t\t\t\t\t<\/div>\n\t\t\t\t<\/div>\n\t\t\t\t\t<\/div>\n\t\t\t\t<\/div>\n\t\t<div class=\"elementor-element elementor-element-26fb0c3 e-flex e-con-boxed e-con e-parent\" data-id=\"26fb0c3\" data-element_type=\"container\">\n\t\t\t\t\t<div class=\"e-con-inner\">\n\t\t<div class=\"elementor-element elementor-element-fa74812 e-con-full e-flex e-con e-child\" data-id=\"fa74812\" data-element_type=\"container\" data-settings=\"{&quot;background_background&quot;:&quot;classic&quot;}\">\n\t\t\t\t<\/div>\n\t\t<div class=\"elementor-element elementor-element-3ed9afc e-con-full e-flex e-con e-child\" data-id=\"3ed9afc\" data-element_type=\"container\" data-settings=\"{&quot;background_background&quot;:&quot;classic&quot;}\">\n\t\t\t\t<div class=\"elementor-element elementor-element-dd7bea3 elementor-widget elementor-widget-heading\" data-id=\"dd7bea3\" data-element_type=\"widget\" data-widget_type=\"heading.default\">\n\t\t\t\t\t<h2 class=\"elementor-heading-title elementor-size-default\">Sataman tilat<\/h2>\t\t\t\t<\/div>\n\t\t\t\t<div class=\"elementor-element elementor-element-722aa72 elementor-widget elementor-widget-text-editor\" data-id=\"722aa72\" data-element_type=\"widget\" data-widget_type=\"text-editor.default\">\n\t\t\t\t\t\t\t\t\t<ul><li>WC:t ja pukuhuoneet<\/li><li>Lokerot<\/li><li>Vastaanotto ja odotusalue<\/li><li>L\u00e4ht\u00f6selvitysp\u00e4\u00e4tteet (<a href=\"https:\/\/helsinki-stockholm.info\/fi\/viking-line\/\">Viking Line<\/a> ja <a href=\"https:\/\/helsinki-stockholm.info\/fi\/tallink\/\">Tallink<\/a>)<\/li><li>Pys\u00e4k\u00f6inti<\/li><\/ul>\t\t\t\t\t\t\t\t<\/div>\n\t\t\t\t<\/div>\n\t\t\t\t\t<\/div>\n\t\t\t\t<\/div>\n\t\t<div class=\"elementor-element elementor-element-15612c2 e-flex e-con-boxed e-con e-parent\" data-id=\"15612c2\" data-element_type=\"container\">\n\t\t\t\t\t<div class=\"e-con-inner\">\n\t\t<div class=\"elementor-element elementor-element-3f20465 e-con-full e-flex e-con e-child\" data-id=\"3f20465\" data-element_type=\"container\">\n\t\t\t\t<div class=\"elementor-element elementor-element-72e41ab elementor-widget elementor-widget-image\" data-id=\"72e41ab\" data-element_type=\"widget\" data-widget_type=\"image.default\">\n\t\t\t\t\t\t\t\t\t\t\t\t\t\t\t<img fetchpriority=\"high\" decoding=\"async\" width=\"1024\" height=\"683\" src=\"https:\/\/helsinki-stockholm.info\/wp-content\/uploads\/2025\/08\/car-stockholm-parking-1024x683.jpg\" class=\"attachment-large size-large wp-image-908\" alt=\"car stockholm parking\" srcset=\"https:\/\/helsinki-stockholm.info\/wp-content\/uploads\/2025\/08\/car-stockholm-parking-1024x683.jpg 1024w, https:\/\/helsinki-stockholm.info\/wp-content\/uploads\/2025\/08\/car-stockholm-parking-300x200.jpg 300w, https:\/\/helsinki-stockholm.info\/wp-content\/uploads\/2025\/08\/car-stockholm-parking-768x512.jpg 768w, https:\/\/helsinki-stockholm.info\/wp-content\/uploads\/2025\/08\/car-stockholm-parking.jpg 1200w\" sizes=\"(max-width: 1024px) 100vw, 1024px\" \/>\t\t\t\t\t\t\t\t\t\t\t\t\t\t\t<\/div>\n\t\t\t\t<\/div>\n\t\t<div class=\"elementor-element elementor-element-6397565 e-con-full e-flex e-con e-child\" data-id=\"6397565\" data-element_type=\"container\">\n\t\t\t\t<div class=\"elementor-element elementor-element-17fd340 elementor-widget elementor-widget-heading\" data-id=\"17fd340\" data-element_type=\"widget\" data-widget_type=\"heading.default\">\n\t\t\t\t\t<h2 class=\"elementor-heading-title elementor-size-default\">Pys\u00e4k\u00f6inti Tukholman satamassa<\/h2>\t\t\t\t<\/div>\n\t\t\t\t<div class=\"elementor-element elementor-element-2d20bab elementor-widget elementor-widget-text-editor\" data-id=\"2d20bab\" data-element_type=\"widget\" data-widget_type=\"text-editor.default\">\n\t\t\t\t\t\t\t\t\t<p>Haluatko pys\u00e4k\u00f6id\u00e4 autosi pitk\u00e4aikaisesti tai lyhytaikaisesti Tukholman satamaan? Monissa tapauksissa t\u00e4m\u00e4 on mahdollista matkustamasi operaattorin terminaaleissa. Lis\u00e4tietoja pys\u00e4k\u00f6intivaihtoehdoista l\u00f6yd\u00e4t Tukholman sataman virallisilta verkkosivuilta: <a href=\"https:\/\/www.portsofstockholm.com\/stockholm\/\" target=\"_blank\" rel=\"noopener\">https:\/\/www.portsofstockholm.com\/stockholm\/<\/a><\/p>\t\t\t\t\t\t\t\t<\/div>\n\t\t\t\t<\/div>\n\t\t\t\t\t<\/div>\n\t\t\t\t<\/div>\n\t\t\t\t<\/div>\n\t\t","protected":false},"excerpt":{"rendered":"<p>Tukholman satama Ruotsin Tukholman satamasta on suora lauttayhteys Helsingin satamaan Suomessa. Tukholman satama Ruotsissa Tukholman satama koostuu useista alueista, joista [&hellip;]<\/p>\n","protected":false},"author":1,"featured_media":0,"parent":0,"menu_order":0,"comment_status":"closed","ping_status":"closed","template":"","meta":{"inline_featured_image":false,"site-sidebar-layout":"no-sidebar","site-content-layout":"","ast-site-content-layout":"full-width-container","site-content-style":"default","site-sidebar-style":"default","ast-global-header-display":"","ast-banner-title-visibility":"","ast-main-header-display":"","ast-hfb-above-header-display":"","ast-hfb-below-header-display":"","ast-hfb-mobile-header-display":"","site-post-title":"","ast-breadcrumbs-content":"","ast-featured-img":"disabled","footer-sml-layout":"","theme-transparent-header-meta":"","adv-header-id-meta":"","stick-header-meta":"","header-above-stick-meta":"","header-main-stick-meta":"","header-below-stick-meta":"","astra-migrate-meta-layouts":"default","ast-page-background-enabled":"default","ast-page-background-meta":{"desktop":{"background-color":"var(--ast-global-color-5)","background-image":"","background-repeat":"repeat","background-position":"center center","background-size":"auto","background-attachment":"scroll","background-type":"","background-media":"","overlay-type":"","overlay-color":"","overlay-opacity":"","overlay-gradient":""},"tablet":{"background-color":"","background-image":"","background-repeat":"repeat","background-position":"center center","background-size":"auto","background-attachment":"scroll","background-type":"","background-media":"","overlay-type":"","overlay-color":"","overlay-opacity":"","overlay-gradient":""},"mobile":{"background-color":"","background-image":"","background-repeat":"repeat","background-position":"center center","background-size":"auto","background-attachment":"scroll","background-type":"","background-media":"","overlay-type":"","overlay-color":"","overlay-opacity":"","overlay-gradient":""}},"ast-content-background-meta":{"desktop":{"background-color":"var(--ast-global-color-4)","background-image":"","background-repeat":"repeat","background-position":"center center","background-size":"auto","background-attachment":"scroll","background-type":"","background-media":"","overlay-type":"","overlay-color":"","overlay-opacity":"","overlay-gradient":""},"tablet":{"background-color":"var(--ast-global-color-4)","background-image":"","background-repeat":"repeat","background-position":"center center","background-size":"auto","background-attachment":"scroll","background-type":"","background-media":"","overlay-type":"","overlay-color":"","overlay-opacity":"","overlay-gradient":""},"mobile":{"background-color":"var(--ast-global-color-4)","background-image":"","background-repeat":"repeat","background-position":"center center","background-size":"auto","background-attachment":"scroll","background-type":"","background-media":"","overlay-type":"","overlay-color":"","overlay-opacity":"","overlay-gradient":""}},"footnotes":""},"class_list":["post-1003","page","type-page","status-publish","hentry"],"yoast_head":"<!-- This site is optimized with the Yoast SEO plugin v25.7 - https:\/\/yoast.com\/wordpress\/plugins\/seo\/ -->\n<title>Tukholman satamaopas - helsinki-stockholm.info<\/title>\n<meta name=\"description\" content=\"Tietoa Tukholman satamasta: osoitetiedot, pys\u00e4k\u00f6inti, palvelut ja lauttaterminaalit.\" \/>\n<meta name=\"robots\" content=\"index, follow, max-snippet:-1, max-image-preview:large, max-video-preview:-1\" \/>\n<link rel=\"canonical\" href=\"https:\/\/helsinki-stockholm.info\/fi\/tukholman-satama\/\" \/>\n<meta property=\"og:locale\" content=\"fi_FI\" \/>\n<meta property=\"og:type\" content=\"article\" \/>\n<meta property=\"og:title\" content=\"Tukholman satamaopas - helsinki-stockholm.info\" \/>\n<meta property=\"og:description\" content=\"Tietoa Tukholman satamasta: osoitetiedot, pys\u00e4k\u00f6inti, palvelut ja lauttaterminaalit.\" \/>\n<meta property=\"og:url\" content=\"https:\/\/helsinki-stockholm.info\/fi\/tukholman-satama\/\" \/>\n<meta property=\"og:site_name\" content=\"helsinki-stockholm.info\" \/>\n<meta property=\"article:modified_time\" content=\"2025-08-25T08:21:43+00:00\" \/>\n<meta property=\"og:image\" content=\"https:\/\/helsinki-stockholm.info\/wp-content\/uploads\/2025\/08\/car-stockholm-parking-1024x683.jpg\" \/>\n<meta name=\"twitter:card\" content=\"summary_large_image\" \/>\n<meta name=\"twitter:label1\" content=\"Arvioitu lukuaika\" \/>\n\t<meta name=\"twitter:data1\" content=\"1 minuutti\" \/>\n<script type=\"application\/ld+json\" class=\"yoast-schema-graph\">{\"@context\":\"https:\/\/schema.org\",\"@graph\":[{\"@type\":\"WebPage\",\"@id\":\"https:\/\/helsinki-stockholm.info\/fi\/tukholman-satama\/\",\"url\":\"https:\/\/helsinki-stockholm.info\/fi\/tukholman-satama\/\",\"name\":\"Tukholman satamaopas - helsinki-stockholm.info\",\"isPartOf\":{\"@id\":\"https:\/\/helsinki-stockholm.info\/fi\/#website\"},\"primaryImageOfPage\":{\"@id\":\"https:\/\/helsinki-stockholm.info\/fi\/tukholman-satama\/#primaryimage\"},\"image\":{\"@id\":\"https:\/\/helsinki-stockholm.info\/fi\/tukholman-satama\/#primaryimage\"},\"thumbnailUrl\":\"https:\/\/helsinki-stockholm.info\/wp-content\/uploads\/2025\/08\/car-stockholm-parking-1024x683.jpg\",\"datePublished\":\"2025-08-15T12:27:43+00:00\",\"dateModified\":\"2025-08-25T08:21:43+00:00\",\"description\":\"Tietoa Tukholman satamasta: osoitetiedot, pys\u00e4k\u00f6inti, palvelut ja lauttaterminaalit.\",\"breadcrumb\":{\"@id\":\"https:\/\/helsinki-stockholm.info\/fi\/tukholman-satama\/#breadcrumb\"},\"inLanguage\":\"fi\",\"potentialAction\":[{\"@type\":\"ReadAction\",\"target\":[\"https:\/\/helsinki-stockholm.info\/fi\/tukholman-satama\/\"]}]},{\"@type\":\"ImageObject\",\"inLanguage\":\"fi\",\"@id\":\"https:\/\/helsinki-stockholm.info\/fi\/tukholman-satama\/#primaryimage\",\"url\":\"https:\/\/helsinki-stockholm.info\/wp-content\/uploads\/2025\/08\/car-stockholm-parking-1024x683.jpg\",\"contentUrl\":\"https:\/\/helsinki-stockholm.info\/wp-content\/uploads\/2025\/08\/car-stockholm-parking-1024x683.jpg\"},{\"@type\":\"BreadcrumbList\",\"@id\":\"https:\/\/helsinki-stockholm.info\/fi\/tukholman-satama\/#breadcrumb\",\"itemListElement\":[{\"@type\":\"ListItem\",\"position\":1,\"name\":\"Home\",\"item\":\"https:\/\/helsinki-stockholm.info\/fi\/\"},{\"@type\":\"ListItem\",\"position\":2,\"name\":\"Tukholman satama\"}]},{\"@type\":\"WebSite\",\"@id\":\"https:\/\/helsinki-stockholm.info\/fi\/#website\",\"url\":\"https:\/\/helsinki-stockholm.info\/fi\/\",\"name\":\"helsinki-stockholm.info\",\"description\":\"\",\"publisher\":{\"@id\":\"https:\/\/helsinki-stockholm.info\/fi\/#organization\"},\"potentialAction\":[{\"@type\":\"SearchAction\",\"target\":{\"@type\":\"EntryPoint\",\"urlTemplate\":\"https:\/\/helsinki-stockholm.info\/fi\/?s={search_term_string}\"},\"query-input\":{\"@type\":\"PropertyValueSpecification\",\"valueRequired\":true,\"valueName\":\"search_term_string\"}}],\"inLanguage\":\"fi\"},{\"@type\":\"Organization\",\"@id\":\"https:\/\/helsinki-stockholm.info\/fi\/#organization\",\"name\":\"helsinki-stockholm.info\",\"url\":\"https:\/\/helsinki-stockholm.info\/fi\/\",\"logo\":{\"@type\":\"ImageObject\",\"inLanguage\":\"fi\",\"@id\":\"https:\/\/helsinki-stockholm.info\/fi\/#\/schema\/logo\/image\/\",\"url\":\"https:\/\/helsinki-stockholm.info\/wp-content\/uploads\/2025\/07\/helsinki-stockholm-ferry-logo.svg\",\"contentUrl\":\"https:\/\/helsinki-stockholm.info\/wp-content\/uploads\/2025\/07\/helsinki-stockholm-ferry-logo.svg\",\"width\":422,\"height\":130,\"caption\":\"helsinki-stockholm.info\"},\"image\":{\"@id\":\"https:\/\/helsinki-stockholm.info\/fi\/#\/schema\/logo\/image\/\"}}]}<\/script>\n<!-- \/ Yoast SEO plugin. -->","yoast_head_json":{"title":"Tukholman satamaopas - helsinki-stockholm.info","description":"Tietoa Tukholman satamasta: osoitetiedot, pys\u00e4k\u00f6inti, palvelut ja lauttaterminaalit.","robots":{"index":"index","follow":"follow","max-snippet":"max-snippet:-1","max-image-preview":"max-image-preview:large","max-video-preview":"max-video-preview:-1"},"canonical":"https:\/\/helsinki-stockholm.info\/fi\/tukholman-satama\/","og_locale":"fi_FI","og_type":"article","og_title":"Tukholman satamaopas - helsinki-stockholm.info","og_description":"Tietoa Tukholman satamasta: osoitetiedot, pys\u00e4k\u00f6inti, palvelut ja lauttaterminaalit.","og_url":"https:\/\/helsinki-stockholm.info\/fi\/tukholman-satama\/","og_site_name":"helsinki-stockholm.info","article_modified_time":"2025-08-25T08:21:43+00:00","og_image":[{"url":"https:\/\/helsinki-stockholm.info\/wp-content\/uploads\/2025\/08\/car-stockholm-parking-1024x683.jpg","type":"","width":"","height":""}],"twitter_card":"summary_large_image","twitter_misc":{"Arvioitu lukuaika":"1 minuutti"},"schema":{"@context":"https:\/\/schema.org","@graph":[{"@type":"WebPage","@id":"https:\/\/helsinki-stockholm.info\/fi\/tukholman-satama\/","url":"https:\/\/helsinki-stockholm.info\/fi\/tukholman-satama\/","name":"Tukholman satamaopas - helsinki-stockholm.info","isPartOf":{"@id":"https:\/\/helsinki-stockholm.info\/fi\/#website"},"primaryImageOfPage":{"@id":"https:\/\/helsinki-stockholm.info\/fi\/tukholman-satama\/#primaryimage"},"image":{"@id":"https:\/\/helsinki-stockholm.info\/fi\/tukholman-satama\/#primaryimage"},"thumbnailUrl":"https:\/\/helsinki-stockholm.info\/wp-content\/uploads\/2025\/08\/car-stockholm-parking-1024x683.jpg","datePublished":"2025-08-15T12:27:43+00:00","dateModified":"2025-08-25T08:21:43+00:00","description":"Tietoa Tukholman satamasta: osoitetiedot, pys\u00e4k\u00f6inti, palvelut ja lauttaterminaalit.","breadcrumb":{"@id":"https:\/\/helsinki-stockholm.info\/fi\/tukholman-satama\/#breadcrumb"},"inLanguage":"fi","potentialAction":[{"@type":"ReadAction","target":["https:\/\/helsinki-stockholm.info\/fi\/tukholman-satama\/"]}]},{"@type":"ImageObject","inLanguage":"fi","@id":"https:\/\/helsinki-stockholm.info\/fi\/tukholman-satama\/#primaryimage","url":"https:\/\/helsinki-stockholm.info\/wp-content\/uploads\/2025\/08\/car-stockholm-parking-1024x683.jpg","contentUrl":"https:\/\/helsinki-stockholm.info\/wp-content\/uploads\/2025\/08\/car-stockholm-parking-1024x683.jpg"},{"@type":"BreadcrumbList","@id":"https:\/\/helsinki-stockholm.info\/fi\/tukholman-satama\/#breadcrumb","itemListElement":[{"@type":"ListItem","position":1,"name":"Home","item":"https:\/\/helsinki-stockholm.info\/fi\/"},{"@type":"ListItem","position":2,"name":"Tukholman satama"}]},{"@type":"WebSite","@id":"https:\/\/helsinki-stockholm.info\/fi\/#website","url":"https:\/\/helsinki-stockholm.info\/fi\/","name":"helsinki-stockholm.info","description":"","publisher":{"@id":"https:\/\/helsinki-stockholm.info\/fi\/#organization"},"potentialAction":[{"@type":"SearchAction","target":{"@type":"EntryPoint","urlTemplate":"https:\/\/helsinki-stockholm.info\/fi\/?s={search_term_string}"},"query-input":{"@type":"PropertyValueSpecification","valueRequired":true,"valueName":"search_term_string"}}],"inLanguage":"fi"},{"@type":"Organization","@id":"https:\/\/helsinki-stockholm.info\/fi\/#organization","name":"helsinki-stockholm.info","url":"https:\/\/helsinki-stockholm.info\/fi\/","logo":{"@type":"ImageObject","inLanguage":"fi","@id":"https:\/\/helsinki-stockholm.info\/fi\/#\/schema\/logo\/image\/","url":"https:\/\/helsinki-stockholm.info\/wp-content\/uploads\/2025\/07\/helsinki-stockholm-ferry-logo.svg","contentUrl":"https:\/\/helsinki-stockholm.info\/wp-content\/uploads\/2025\/07\/helsinki-stockholm-ferry-logo.svg","width":422,"height":130,"caption":"helsinki-stockholm.info"},"image":{"@id":"https:\/\/helsinki-stockholm.info\/fi\/#\/schema\/logo\/image\/"}}]}},"_links":{"self":[{"href":"https:\/\/helsinki-stockholm.info\/fi\/wp-json\/wp\/v2\/pages\/1003","targetHints":{"allow":["GET"]}}],"collection":[{"href":"https:\/\/helsinki-stockholm.info\/fi\/wp-json\/wp\/v2\/pages"}],"about":[{"href":"https:\/\/helsinki-stockholm.info\/fi\/wp-json\/wp\/v2\/types\/page"}],"author":[{"embeddable":true,"href":"https:\/\/helsinki-stockholm.info\/fi\/wp-json\/wp\/v2\/users\/1"}],"replies":[{"embeddable":true,"href":"https:\/\/helsinki-stockholm.info\/fi\/wp-json\/wp\/v2\/comments?post=1003"}],"version-history":[{"count":10,"href":"https:\/\/helsinki-stockholm.info\/fi\/wp-json\/wp\/v2\/pages\/1003\/revisions"}],"predecessor-version":[{"id":1146,"href":"https:\/\/helsinki-stockholm.info\/fi\/wp-json\/wp\/v2\/pages\/1003\/revisions\/1146"}],"wp:attachment":[{"href":"https:\/\/helsinki-stockholm.info\/fi\/wp-json\/wp\/v2\/media?parent=1003"}],"curies":[{"name":"wp","href":"https:\/\/api.w.org\/{rel}","templated":true}]}}