{"id":961,"date":"2025-08-15T12:29:17","date_gmt":"2025-08-15T12:29:17","guid":{"rendered":"https:\/\/helsinki-stockholm.info\/?page_id=961"},"modified":"2025-08-25T07:34:30","modified_gmt":"2025-08-25T07:34:30","slug":"helsinki-hafen","status":"publish","type":"page","link":"https:\/\/helsinki-stockholm.info\/de\/helsinki-hafen\/","title":{"rendered":"Helsinki hafen"},"content":{"rendered":"\t\t<div data-elementor-type=\"wp-page\" data-elementor-id=\"961\" class=\"elementor elementor-961 elementor-868\">\n\t\t\t\t<div class=\"elementor-element elementor-element-ee49838 e-con-full e-flex e-con e-parent\" data-id=\"ee49838\" data-element_type=\"container\" data-settings=\"{&quot;background_background&quot;:&quot;classic&quot;}\">\n\t\t<div class=\"elementor-element elementor-element-8cf160d e-con-full e-flex e-con e-child\" data-id=\"8cf160d\" data-element_type=\"container\">\n\t\t\t\t<div class=\"elementor-element elementor-element-7915923 elementor-widget elementor-widget-heading\" data-id=\"7915923\" data-element_type=\"widget\" data-widget_type=\"heading.default\">\n\t\t\t\t\t<h1 class=\"elementor-heading-title elementor-size-default\">Hafen von Helsinki<\/h1>\t\t\t\t<\/div>\n\t\t\t\t<div class=\"elementor-element elementor-element-0d76bbf elementor-widget elementor-widget-text-editor\" data-id=\"0d76bbf\" data-element_type=\"widget\" data-widget_type=\"text-editor.default\">\n\t\t\t\t\t\t\t\t\t<p>Vom Hafen Helsinki in Finnland f\u00e4hrt t\u00e4glich eine F\u00e4hre zum Hafen Stockholm in Schweden.<\/p>\t\t\t\t\t\t\t\t<\/div>\n\t\t\t\t<\/div>\n\t\t<div class=\"elementor-element elementor-element-528f0a4 e-con-full e-flex e-con e-child\" data-id=\"528f0a4\" data-element_type=\"container\" data-settings=\"{&quot;background_background&quot;:&quot;classic&quot;}\">\n\t\t\t\t<\/div>\n\t\t\t\t<\/div>\n\t\t<div class=\"elementor-element elementor-element-0d66697 e-flex e-con-boxed e-con e-parent\" data-id=\"0d66697\" data-element_type=\"container\">\n\t\t\t\t\t<div class=\"e-con-inner\">\n\t\t<div class=\"elementor-element elementor-element-f119836 e-con-full e-flex e-con e-child\" data-id=\"f119836\" data-element_type=\"container\">\n\t\t\t\t<div class=\"elementor-element elementor-element-6cc5092 elementor-widget elementor-widget-heading\" data-id=\"6cc5092\" data-element_type=\"widget\" data-widget_type=\"heading.default\">\n\t\t\t\t\t<h2 class=\"elementor-heading-title elementor-size-default\">Der Hafen von Helsinki in Finnland<\/h2>\t\t\t\t<\/div>\n\t\t\t\t<div class=\"elementor-element elementor-element-52114f9 elementor-widget elementor-widget-text-editor\" data-id=\"52114f9\" data-element_type=\"widget\" data-widget_type=\"text-editor.default\">\n\t\t\t\t\t\t\t\t\t<p>Der Hafen von Helsinki liegt in Finnland und ist auch als Satamaparkii bekannt. Es ist ein gut organisierter Hafen mit vielen Annehmlichkeiten und Parkpl\u00e4tzen. Vier verschiedene F\u00e4hrgesellschaften bedienen diese Route, darunter <a href=\"https:\/\/helsinki-stockholm.info\/de\/viking-line\/\">Viking Line<\/a> und <a href=\"https:\/\/helsinki-stockholm.info\/de\/tallink\/\">Tallink (Silja Line)<\/a>.<\/p>\t\t\t\t\t\t\t\t<\/div>\n\t\t\t\t<div class=\"elementor-element elementor-element-6730628 elementor-widget elementor-widget-heading\" data-id=\"6730628\" data-element_type=\"widget\" data-widget_type=\"heading.default\">\n\t\t\t\t\t<h3 class=\"elementor-heading-title elementor-size-default\">Adresse und Anfahrt<\/h3>\t\t\t\t<\/div>\n\t\t\t\t<div class=\"elementor-element elementor-element-7451a5c elementor-widget elementor-widget-text-editor\" data-id=\"7451a5c\" data-element_type=\"widget\" data-widget_type=\"text-editor.default\">\n\t\t\t\t\t\t\t\t\t<p>Unten finden Sie die Adresse des Hafens von Helsinki. M\u00f6chten Sie zum Hafen navigieren? Nutzen Sie die Karte.<\/p>\t\t\t\t\t\t\t\t<\/div>\n\t\t\t\t<div class=\"elementor-element elementor-element-1c7ecc8 elementor-widget elementor-widget-text-editor\" data-id=\"1c7ecc8\" data-element_type=\"widget\" data-widget_type=\"text-editor.default\">\n\t\t\t\t\t\t\t\t\t<ul><li>Hafen von Helsinki Ltd<\/li><li>Postfach Kasten 197<\/li><li>FI-00141<\/li><li>Helsinki, Finnland<\/li><\/ul>\t\t\t\t\t\t\t\t<\/div>\n\t\t\t\t<\/div>\n\t\t<div class=\"elementor-element elementor-element-2605d63 e-con-full e-flex e-con e-child\" data-id=\"2605d63\" data-element_type=\"container\">\n\t\t\t\t<div class=\"elementor-element elementor-element-119fb6c ferry-widget elementor-widget elementor-widget-shortcode\" data-id=\"119fb6c\" data-element_type=\"widget\" data-widget_type=\"shortcode.default\">\n\t\t\t\t\t\t\t<div class=\"elementor-shortcode\"><iframe src=\"https:\/\/www.google.com\/maps\/embed?pb=!1m16!1m12!1m3!1d15881.537975737947!2d24.920520805352464!3d60.16099620504576!2m3!1f0!2f0!3f0!3m2!1i1024!2i768!4f13.1!2m1!1shelsinki%20port!5e0!3m2!1snl!2snl!4v1755590742088!5m2!1snl!2snl\" width=\"600\" height=\"450\" style=\"border:0;\" allowfullscreen=\"\" loading=\"lazy\" referrerpolicy=\"no-referrer-when-downgrade\"><\/iframe><\/div>\n\t\t\t\t\t\t<\/div>\n\t\t\t\t<\/div>\n\t\t\t\t\t<\/div>\n\t\t\t\t<\/div>\n\t\t<div class=\"elementor-element elementor-element-8e5526d e-flex e-con-boxed e-con e-parent\" data-id=\"8e5526d\" data-element_type=\"container\">\n\t\t\t\t\t<div class=\"e-con-inner\">\n\t\t<div class=\"elementor-element elementor-element-d1a7155 e-con-full e-flex e-con e-child\" data-id=\"d1a7155\" data-element_type=\"container\" data-settings=\"{&quot;background_background&quot;:&quot;classic&quot;}\">\n\t\t\t\t<\/div>\n\t\t<div class=\"elementor-element elementor-element-134f029 e-con-full e-flex e-con e-child\" data-id=\"134f029\" data-element_type=\"container\" data-settings=\"{&quot;background_background&quot;:&quot;classic&quot;}\">\n\t\t\t\t<div class=\"elementor-element elementor-element-03fd758 elementor-widget elementor-widget-heading\" data-id=\"03fd758\" data-element_type=\"widget\" data-widget_type=\"heading.default\">\n\t\t\t\t\t<h2 class=\"elementor-heading-title elementor-size-default\">Einrichtungen im Hafen<\/h2>\t\t\t\t<\/div>\n\t\t\t\t<div class=\"elementor-element elementor-element-4cc41cb elementor-widget elementor-widget-text-editor\" data-id=\"4cc41cb\" data-element_type=\"widget\" data-widget_type=\"text-editor.default\">\n\t\t\t\t\t\t\t\t\t<ul><li>Toiletten und Umkleidem\u00f6glichkeiten<\/li><li>Zahlungsautomat<\/li><li>Rezeption mit Wartebereich<\/li><li>Parkpl\u00e4tze (vier Parkh\u00e4user)<\/li><li>Gesch\u00e4fte und Supermarkt<\/li><li>Ladestationen f\u00fcr Elektrofahrzeuge<\/li><\/ul>\t\t\t\t\t\t\t\t<\/div>\n\t\t\t\t<\/div>\n\t\t\t\t\t<\/div>\n\t\t\t\t<\/div>\n\t\t<div class=\"elementor-element elementor-element-bb101bd e-flex e-con-boxed e-con e-parent\" data-id=\"bb101bd\" data-element_type=\"container\">\n\t\t\t\t\t<div class=\"e-con-inner\">\n\t\t<div class=\"elementor-element elementor-element-f7edaeb e-con-full e-flex e-con e-child\" data-id=\"f7edaeb\" data-element_type=\"container\">\n\t\t\t\t<div class=\"elementor-element elementor-element-6db9cc4 elementor-widget elementor-widget-image\" data-id=\"6db9cc4\" data-element_type=\"widget\" data-widget_type=\"image.default\">\n\t\t\t\t\t\t\t\t\t\t\t\t\t\t\t<img fetchpriority=\"high\" decoding=\"async\" width=\"1024\" height=\"683\" src=\"https:\/\/helsinki-stockholm.info\/wp-content\/uploads\/2025\/08\/parking-helsinki-port-1024x683.jpg\" class=\"attachment-large size-large wp-image-889\" alt=\"parking helsinki port\" srcset=\"https:\/\/helsinki-stockholm.info\/wp-content\/uploads\/2025\/08\/parking-helsinki-port-1024x683.jpg 1024w, https:\/\/helsinki-stockholm.info\/wp-content\/uploads\/2025\/08\/parking-helsinki-port-300x200.jpg 300w, https:\/\/helsinki-stockholm.info\/wp-content\/uploads\/2025\/08\/parking-helsinki-port-768x512.jpg 768w, https:\/\/helsinki-stockholm.info\/wp-content\/uploads\/2025\/08\/parking-helsinki-port.jpg 1200w\" sizes=\"(max-width: 1024px) 100vw, 1024px\" \/>\t\t\t\t\t\t\t\t\t\t\t\t\t\t\t<\/div>\n\t\t\t\t<\/div>\n\t\t<div class=\"elementor-element elementor-element-f75f10d e-con-full e-flex e-con e-child\" data-id=\"f75f10d\" data-element_type=\"container\">\n\t\t\t\t<div class=\"elementor-element elementor-element-81d4e63 elementor-widget elementor-widget-heading\" data-id=\"81d4e63\" data-element_type=\"widget\" data-widget_type=\"heading.default\">\n\t\t\t\t\t<h2 class=\"elementor-heading-title elementor-size-default\">Parken im Hafen<\/h2>\t\t\t\t<\/div>\n\t\t\t\t<div class=\"elementor-element elementor-element-92d37bc elementor-widget elementor-widget-text-editor\" data-id=\"92d37bc\" data-element_type=\"widget\" data-widget_type=\"text-editor.default\">\n\t\t\t\t\t\t\t\t\t<p>M\u00f6chten Sie Ihr Auto am Hafen von Helsinki parken? Das ist m\u00f6glich! Wenn Sie nach Stockholm reisen, haben Sie drei verschiedene Parkm\u00f6glichkeiten:<\/p><ul><li>Olympia Terminal<\/li><li>Makasiiniranta P3<\/li><li>Katajonakka P5<\/li><\/ul><p>Es ist ratsam, im Voraus ein Parkticket zu buchen. Sie k\u00f6nnen dies \u00fcber die Website des Hafens tun: <a href=\"https:\/\/www.satamaparkki.fi\/en\" target=\"_blank\" rel=\"noopener\">https:\/\/www.satamaparkki.fi\/en<\/a>.<\/p>\t\t\t\t\t\t\t\t<\/div>\n\t\t\t\t<\/div>\n\t\t\t\t\t<\/div>\n\t\t\t\t<\/div>\n\t\t\t\t<\/div>\n\t\t","protected":false},"excerpt":{"rendered":"<p>Hafen von Helsinki Vom Hafen Helsinki in Finnland f\u00e4hrt t\u00e4glich eine F\u00e4hre zum Hafen Stockholm in Schweden. Der Hafen von [&hellip;]<\/p>\n","protected":false},"author":1,"featured_media":0,"parent":0,"menu_order":0,"comment_status":"closed","ping_status":"closed","template":"","meta":{"inline_featured_image":false,"site-sidebar-layout":"no-sidebar","site-content-layout":"","ast-site-content-layout":"full-width-container","site-content-style":"default","site-sidebar-style":"default","ast-global-header-display":"","ast-banner-title-visibility":"","ast-main-header-display":"","ast-hfb-above-header-display":"","ast-hfb-below-header-display":"","ast-hfb-mobile-header-display":"","site-post-title":"","ast-breadcrumbs-content":"","ast-featured-img":"disabled","footer-sml-layout":"","theme-transparent-header-meta":"","adv-header-id-meta":"","stick-header-meta":"","header-above-stick-meta":"","header-main-stick-meta":"","header-below-stick-meta":"","astra-migrate-meta-layouts":"default","ast-page-background-enabled":"default","ast-page-background-meta":{"desktop":{"background-color":"var(--ast-global-color-5)","background-image":"","background-repeat":"repeat","background-position":"center center","background-size":"auto","background-attachment":"scroll","background-type":"","background-media":"","overlay-type":"","overlay-color":"","overlay-opacity":"","overlay-gradient":""},"tablet":{"background-color":"","background-image":"","background-repeat":"repeat","background-position":"center center","background-size":"auto","background-attachment":"scroll","background-type":"","background-media":"","overlay-type":"","overlay-color":"","overlay-opacity":"","overlay-gradient":""},"mobile":{"background-color":"","background-image":"","background-repeat":"repeat","background-position":"center center","background-size":"auto","background-attachment":"scroll","background-type":"","background-media":"","overlay-type":"","overlay-color":"","overlay-opacity":"","overlay-gradient":""}},"ast-content-background-meta":{"desktop":{"background-color":"var(--ast-global-color-4)","background-image":"","background-repeat":"repeat","background-position":"center center","background-size":"auto","background-attachment":"scroll","background-type":"","background-media":"","overlay-type":"","overlay-color":"","overlay-opacity":"","overlay-gradient":""},"tablet":{"background-color":"var(--ast-global-color-4)","background-image":"","background-repeat":"repeat","background-position":"center center","background-size":"auto","background-attachment":"scroll","background-type":"","background-media":"","overlay-type":"","overlay-color":"","overlay-opacity":"","overlay-gradient":""},"mobile":{"background-color":"var(--ast-global-color-4)","background-image":"","background-repeat":"repeat","background-position":"center center","background-size":"auto","background-attachment":"scroll","background-type":"","background-media":"","overlay-type":"","overlay-color":"","overlay-opacity":"","overlay-gradient":""}},"footnotes":""},"class_list":["post-961","page","type-page","status-publish","hentry"],"yoast_head":"<!-- This site is optimized with the Yoast SEO plugin v25.7 - https:\/\/yoast.com\/wordpress\/plugins\/seo\/ -->\n<title>Hafenf\u00fchrer f\u00fcr Helsinki - helsinki-stockholm.info<\/title>\n<meta name=\"description\" content=\"Informationen zum Hafen von Helsinki: Adressinformationen, Parkm\u00f6glichkeiten, Einrichtungen und F\u00e4hrterminals.\" \/>\n<meta name=\"robots\" content=\"index, follow, max-snippet:-1, max-image-preview:large, max-video-preview:-1\" \/>\n<link rel=\"canonical\" href=\"https:\/\/helsinki-stockholm.info\/de\/helsinki-hafen\/\" \/>\n<meta property=\"og:locale\" content=\"de_DE\" \/>\n<meta property=\"og:type\" content=\"article\" \/>\n<meta property=\"og:title\" content=\"Hafenf\u00fchrer f\u00fcr Helsinki - helsinki-stockholm.info\" \/>\n<meta property=\"og:description\" content=\"Informationen zum Hafen von Helsinki: Adressinformationen, Parkm\u00f6glichkeiten, Einrichtungen und F\u00e4hrterminals.\" \/>\n<meta property=\"og:url\" content=\"https:\/\/helsinki-stockholm.info\/de\/helsinki-hafen\/\" \/>\n<meta property=\"og:site_name\" content=\"helsinki-stockholm.info\" \/>\n<meta property=\"article:modified_time\" content=\"2025-08-25T07:34:30+00:00\" \/>\n<meta property=\"og:image\" content=\"https:\/\/helsinki-stockholm.info\/wp-content\/uploads\/2025\/08\/parking-helsinki-port-1024x683.jpg\" \/>\n<meta name=\"twitter:card\" content=\"summary_large_image\" \/>\n<meta name=\"twitter:label1\" content=\"Gesch\u00e4tzte Lesezeit\" \/>\n\t<meta name=\"twitter:data1\" content=\"1\u00a0Minute\" \/>\n<script type=\"application\/ld+json\" class=\"yoast-schema-graph\">{\"@context\":\"https:\/\/schema.org\",\"@graph\":[{\"@type\":\"WebPage\",\"@id\":\"https:\/\/helsinki-stockholm.info\/de\/helsinki-hafen\/\",\"url\":\"https:\/\/helsinki-stockholm.info\/de\/helsinki-hafen\/\",\"name\":\"Hafenf\u00fchrer f\u00fcr Helsinki - helsinki-stockholm.info\",\"isPartOf\":{\"@id\":\"https:\/\/helsinki-stockholm.info\/fi\/#website\"},\"primaryImageOfPage\":{\"@id\":\"https:\/\/helsinki-stockholm.info\/de\/helsinki-hafen\/#primaryimage\"},\"image\":{\"@id\":\"https:\/\/helsinki-stockholm.info\/de\/helsinki-hafen\/#primaryimage\"},\"thumbnailUrl\":\"https:\/\/helsinki-stockholm.info\/wp-content\/uploads\/2025\/08\/parking-helsinki-port-1024x683.jpg\",\"datePublished\":\"2025-08-15T12:29:17+00:00\",\"dateModified\":\"2025-08-25T07:34:30+00:00\",\"description\":\"Informationen zum Hafen von Helsinki: Adressinformationen, Parkm\u00f6glichkeiten, Einrichtungen und F\u00e4hrterminals.\",\"breadcrumb\":{\"@id\":\"https:\/\/helsinki-stockholm.info\/de\/helsinki-hafen\/#breadcrumb\"},\"inLanguage\":\"de\",\"potentialAction\":[{\"@type\":\"ReadAction\",\"target\":[\"https:\/\/helsinki-stockholm.info\/de\/helsinki-hafen\/\"]}]},{\"@type\":\"ImageObject\",\"inLanguage\":\"de\",\"@id\":\"https:\/\/helsinki-stockholm.info\/de\/helsinki-hafen\/#primaryimage\",\"url\":\"https:\/\/helsinki-stockholm.info\/wp-content\/uploads\/2025\/08\/parking-helsinki-port-1024x683.jpg\",\"contentUrl\":\"https:\/\/helsinki-stockholm.info\/wp-content\/uploads\/2025\/08\/parking-helsinki-port-1024x683.jpg\"},{\"@type\":\"BreadcrumbList\",\"@id\":\"https:\/\/helsinki-stockholm.info\/de\/helsinki-hafen\/#breadcrumb\",\"itemListElement\":[{\"@type\":\"ListItem\",\"position\":1,\"name\":\"Home\",\"item\":\"https:\/\/helsinki-stockholm.info\/de\/\"},{\"@type\":\"ListItem\",\"position\":2,\"name\":\"Helsinki hafen\"}]},{\"@type\":\"WebSite\",\"@id\":\"https:\/\/helsinki-stockholm.info\/fi\/#website\",\"url\":\"https:\/\/helsinki-stockholm.info\/fi\/\",\"name\":\"helsinki-stockholm.info\",\"description\":\"\",\"publisher\":{\"@id\":\"https:\/\/helsinki-stockholm.info\/fi\/#organization\"},\"potentialAction\":[{\"@type\":\"SearchAction\",\"target\":{\"@type\":\"EntryPoint\",\"urlTemplate\":\"https:\/\/helsinki-stockholm.info\/fi\/?s={search_term_string}\"},\"query-input\":{\"@type\":\"PropertyValueSpecification\",\"valueRequired\":true,\"valueName\":\"search_term_string\"}}],\"inLanguage\":\"de\"},{\"@type\":\"Organization\",\"@id\":\"https:\/\/helsinki-stockholm.info\/fi\/#organization\",\"name\":\"helsinki-stockholm.info\",\"url\":\"https:\/\/helsinki-stockholm.info\/fi\/\",\"logo\":{\"@type\":\"ImageObject\",\"inLanguage\":\"de\",\"@id\":\"https:\/\/helsinki-stockholm.info\/fi\/#\/schema\/logo\/image\/\",\"url\":\"https:\/\/helsinki-stockholm.info\/wp-content\/uploads\/2025\/07\/helsinki-stockholm-ferry-logo.svg\",\"contentUrl\":\"https:\/\/helsinki-stockholm.info\/wp-content\/uploads\/2025\/07\/helsinki-stockholm-ferry-logo.svg\",\"width\":422,\"height\":130,\"caption\":\"helsinki-stockholm.info\"},\"image\":{\"@id\":\"https:\/\/helsinki-stockholm.info\/fi\/#\/schema\/logo\/image\/\"}}]}<\/script>\n<!-- \/ Yoast SEO plugin. -->","yoast_head_json":{"title":"Hafenf\u00fchrer f\u00fcr Helsinki - helsinki-stockholm.info","description":"Informationen zum Hafen von Helsinki: Adressinformationen, Parkm\u00f6glichkeiten, Einrichtungen und F\u00e4hrterminals.","robots":{"index":"index","follow":"follow","max-snippet":"max-snippet:-1","max-image-preview":"max-image-preview:large","max-video-preview":"max-video-preview:-1"},"canonical":"https:\/\/helsinki-stockholm.info\/de\/helsinki-hafen\/","og_locale":"de_DE","og_type":"article","og_title":"Hafenf\u00fchrer f\u00fcr Helsinki - helsinki-stockholm.info","og_description":"Informationen zum Hafen von Helsinki: Adressinformationen, Parkm\u00f6glichkeiten, Einrichtungen und F\u00e4hrterminals.","og_url":"https:\/\/helsinki-stockholm.info\/de\/helsinki-hafen\/","og_site_name":"helsinki-stockholm.info","article_modified_time":"2025-08-25T07:34:30+00:00","og_image":[{"url":"https:\/\/helsinki-stockholm.info\/wp-content\/uploads\/2025\/08\/parking-helsinki-port-1024x683.jpg","type":"","width":"","height":""}],"twitter_card":"summary_large_image","twitter_misc":{"Gesch\u00e4tzte Lesezeit":"1\u00a0Minute"},"schema":{"@context":"https:\/\/schema.org","@graph":[{"@type":"WebPage","@id":"https:\/\/helsinki-stockholm.info\/de\/helsinki-hafen\/","url":"https:\/\/helsinki-stockholm.info\/de\/helsinki-hafen\/","name":"Hafenf\u00fchrer f\u00fcr Helsinki - helsinki-stockholm.info","isPartOf":{"@id":"https:\/\/helsinki-stockholm.info\/fi\/#website"},"primaryImageOfPage":{"@id":"https:\/\/helsinki-stockholm.info\/de\/helsinki-hafen\/#primaryimage"},"image":{"@id":"https:\/\/helsinki-stockholm.info\/de\/helsinki-hafen\/#primaryimage"},"thumbnailUrl":"https:\/\/helsinki-stockholm.info\/wp-content\/uploads\/2025\/08\/parking-helsinki-port-1024x683.jpg","datePublished":"2025-08-15T12:29:17+00:00","dateModified":"2025-08-25T07:34:30+00:00","description":"Informationen zum Hafen von Helsinki: Adressinformationen, Parkm\u00f6glichkeiten, Einrichtungen und F\u00e4hrterminals.","breadcrumb":{"@id":"https:\/\/helsinki-stockholm.info\/de\/helsinki-hafen\/#breadcrumb"},"inLanguage":"de","potentialAction":[{"@type":"ReadAction","target":["https:\/\/helsinki-stockholm.info\/de\/helsinki-hafen\/"]}]},{"@type":"ImageObject","inLanguage":"de","@id":"https:\/\/helsinki-stockholm.info\/de\/helsinki-hafen\/#primaryimage","url":"https:\/\/helsinki-stockholm.info\/wp-content\/uploads\/2025\/08\/parking-helsinki-port-1024x683.jpg","contentUrl":"https:\/\/helsinki-stockholm.info\/wp-content\/uploads\/2025\/08\/parking-helsinki-port-1024x683.jpg"},{"@type":"BreadcrumbList","@id":"https:\/\/helsinki-stockholm.info\/de\/helsinki-hafen\/#breadcrumb","itemListElement":[{"@type":"ListItem","position":1,"name":"Home","item":"https:\/\/helsinki-stockholm.info\/de\/"},{"@type":"ListItem","position":2,"name":"Helsinki hafen"}]},{"@type":"WebSite","@id":"https:\/\/helsinki-stockholm.info\/fi\/#website","url":"https:\/\/helsinki-stockholm.info\/fi\/","name":"helsinki-stockholm.info","description":"","publisher":{"@id":"https:\/\/helsinki-stockholm.info\/fi\/#organization"},"potentialAction":[{"@type":"SearchAction","target":{"@type":"EntryPoint","urlTemplate":"https:\/\/helsinki-stockholm.info\/fi\/?s={search_term_string}"},"query-input":{"@type":"PropertyValueSpecification","valueRequired":true,"valueName":"search_term_string"}}],"inLanguage":"de"},{"@type":"Organization","@id":"https:\/\/helsinki-stockholm.info\/fi\/#organization","name":"helsinki-stockholm.info","url":"https:\/\/helsinki-stockholm.info\/fi\/","logo":{"@type":"ImageObject","inLanguage":"de","@id":"https:\/\/helsinki-stockholm.info\/fi\/#\/schema\/logo\/image\/","url":"https:\/\/helsinki-stockholm.info\/wp-content\/uploads\/2025\/07\/helsinki-stockholm-ferry-logo.svg","contentUrl":"https:\/\/helsinki-stockholm.info\/wp-content\/uploads\/2025\/07\/helsinki-stockholm-ferry-logo.svg","width":422,"height":130,"caption":"helsinki-stockholm.info"},"image":{"@id":"https:\/\/helsinki-stockholm.info\/fi\/#\/schema\/logo\/image\/"}}]}},"_links":{"self":[{"href":"https:\/\/helsinki-stockholm.info\/de\/wp-json\/wp\/v2\/pages\/961","targetHints":{"allow":["GET"]}}],"collection":[{"href":"https:\/\/helsinki-stockholm.info\/de\/wp-json\/wp\/v2\/pages"}],"about":[{"href":"https:\/\/helsinki-stockholm.info\/de\/wp-json\/wp\/v2\/types\/page"}],"author":[{"embeddable":true,"href":"https:\/\/helsinki-stockholm.info\/de\/wp-json\/wp\/v2\/users\/1"}],"replies":[{"embeddable":true,"href":"https:\/\/helsinki-stockholm.info\/de\/wp-json\/wp\/v2\/comments?post=961"}],"version-history":[{"count":7,"href":"https:\/\/helsinki-stockholm.info\/de\/wp-json\/wp\/v2\/pages\/961\/revisions"}],"predecessor-version":[{"id":1103,"href":"https:\/\/helsinki-stockholm.info\/de\/wp-json\/wp\/v2\/pages\/961\/revisions\/1103"}],"wp:attachment":[{"href":"https:\/\/helsinki-stockholm.info\/de\/wp-json\/wp\/v2\/media?parent=961"}],"curies":[{"name":"wp","href":"https:\/\/api.w.org\/{rel}","templated":true}]}}