{"id":827,"date":"2025-08-15T11:17:52","date_gmt":"2025-08-15T11:17:52","guid":{"rendered":"https:\/\/helsinki-stockholm.info\/?page_id=827"},"modified":"2025-08-25T07:33:56","modified_gmt":"2025-08-25T07:33:56","slug":"faq","status":"publish","type":"page","link":"https:\/\/helsinki-stockholm.info\/de\/faq\/","title":{"rendered":"FAQ: H\u00e4ufig gestellte Fragen"},"content":{"rendered":"\n<h1 class=\"wp-block-heading\">FAQ: H\u00e4ufig gestellte Fragen<\/h1>\n\n\n\n<p>Sie wissen nicht, wie Sie ein Ticket f\u00fcr die \u00dcberfahrt zwischen Stockholm und Helsinki buchen sollen? Sie fragen sich, welche Zahlungsmethoden verf\u00fcgbar sind oder ob Sie als Fu\u00dfg\u00e4nger an Bord der F\u00e4hre gehen k\u00f6nnen?<\/p>\n\n\n\n<p>In diesen FAQ finden Sie Antworten auf alle Ihre Fragen. Ist Ihre Frage hier nicht dabei? Stellen Sie sie unten auf dieser Seite.<\/p>\n\n\n\n<div class=\"schema-faq wp-block-yoast-faq-block\"><div class=\"schema-faq-section\" id=\"faq-question-1755257004109\"><strong class=\"schema-faq-question\">Kann ich auch als Fu\u00dfg\u00e4nger (ohne Auto) mit der F\u00e4hre zwischen Helsinki und Stockholm reisen?<\/strong> <p class=\"schema-faq-answer\">Ja, Sie k\u00f6nnen die \u00dcberfahrt auch ohne Auto machen. Sowohl <a href=\"https:\/\/helsinki-stockholm.info\/de\/viking-line\/\">Viking Line<\/a> als auch <a href=\"https:\/\/helsinki-stockholm.info\/de\/tallink\/\">Tallink (Silja Line)<\/a> bieten Tickets f\u00fcr Fu\u00dfg\u00e4nger an.<\/p> <\/div> <div class=\"schema-faq-section\" id=\"faq-question-1755257065339\"><strong class=\"schema-faq-question\">Kann ich mit einer VISA-Karte bezahlen?<\/strong> <p class=\"schema-faq-answer\">Beide Anbieter akzeptieren VISA-Karten. Die meisten Zahlungsm\u00f6glichkeiten sind \u00fcber die Dachplattform <a href=\"https:\/\/helsinki-stockholm.info\/de\/go\/directferries\" target=\"_blank\" rel=\"noreferrer noopener\">DirectFerries.com<\/a> verf\u00fcgbar, wo Sie auch mit PayPal bezahlen k\u00f6nnen.<\/p> <\/div> <div class=\"schema-faq-section\" id=\"faq-question-1755257107387\"><strong class=\"schema-faq-question\">Gibt es mehrere F\u00e4hrgesellschaften, die zwischen Stockholm und Helsinki verkehren?<\/strong> <p class=\"schema-faq-answer\">Ja, es gibt zwei gro\u00dfe Anbieter: Viking Line und Tallink (Silja Line). Es ist ratsam, vor der Buchung die Preise verschiedener Anbieter zu vergleichen.<\/p> <\/div> <div class=\"schema-faq-section\" id=\"faq-question-1755258218195\"><strong class=\"schema-faq-question\">Wie lange dauert die \u00dcberfahrt von Helsinki nach Stockholm (und umgekehrt)?<\/strong> <p class=\"schema-faq-answer\">Die \u00dcberfahrt dauert etwa 17 Stunden. An Bord der F\u00e4hre (sowohl Viking Line als auch Tallink) gibt es viel zu erleben. Sie k\u00f6nnen w\u00e4hrend der \u00dcberfahrt beispielsweise in einem Restaurant essen oder in der Spielhalle ein Spiel spielen.<\/p> <\/div> <div class=\"schema-faq-section\" id=\"faq-question-1755258324762\"><strong class=\"schema-faq-question\">Handelt es sich um eine Nachtf\u00e4hre oder kann ich auch tags\u00fcber \u00fcbersetzen?<\/strong> <p class=\"schema-faq-answer\">Die F\u00e4hren zwischen Helsinki und Stockholm verkehren nur nachts. Sie fahren am sp\u00e4ten Nachmittag ab und kommen am fr\u00fchen Morgen an. Um w\u00e4hrend der \u00dcberfahrt zu schlafen, m\u00fcssen Sie eine Kabine buchen.<\/p> <\/div> <\/div>\n\n\n\n<p>Fehlt eine Frage? Hinterlassen Sie unten einen Kommentar mit Ihrer Frage, damit wir Ihnen weiterhelfen k\u00f6nnen.<\/p>\n","protected":false},"excerpt":{"rendered":"<p>FAQ: H\u00e4ufig gestellte Fragen Sie wissen nicht, wie Sie ein Ticket f\u00fcr die \u00dcberfahrt zwischen Stockholm und Helsinki buchen sollen? [&hellip;]<\/p>\n","protected":false},"author":1,"featured_media":0,"parent":0,"menu_order":0,"comment_status":"open","ping_status":"closed","template":"","meta":{"inline_featured_image":false,"site-sidebar-layout":"default","site-content-layout":"","ast-site-content-layout":"default","site-content-style":"default","site-sidebar-style":"default","ast-global-header-display":"","ast-banner-title-visibility":"","ast-main-header-display":"","ast-hfb-above-header-display":"","ast-hfb-below-header-display":"","ast-hfb-mobile-header-display":"","site-post-title":"","ast-breadcrumbs-content":"","ast-featured-img":"","footer-sml-layout":"","theme-transparent-header-meta":"","adv-header-id-meta":"","stick-header-meta":"","header-above-stick-meta":"","header-main-stick-meta":"","header-below-stick-meta":"","astra-migrate-meta-layouts":"default","ast-page-background-enabled":"default","ast-page-background-meta":{"desktop":{"background-color":"var(--ast-global-color-5)","background-image":"","background-repeat":"repeat","background-position":"center center","background-size":"auto","background-attachment":"scroll","background-type":"","background-media":"","overlay-type":"","overlay-color":"","overlay-opacity":"","overlay-gradient":""},"tablet":{"background-color":"","background-image":"","background-repeat":"repeat","background-position":"center center","background-size":"auto","background-attachment":"scroll","background-type":"","background-media":"","overlay-type":"","overlay-color":"","overlay-opacity":"","overlay-gradient":""},"mobile":{"background-color":"","background-image":"","background-repeat":"repeat","background-position":"center center","background-size":"auto","background-attachment":"scroll","background-type":"","background-media":"","overlay-type":"","overlay-color":"","overlay-opacity":"","overlay-gradient":""}},"ast-content-background-meta":{"desktop":{"background-color":"var(--ast-global-color-4)","background-image":"","background-repeat":"repeat","background-position":"center center","background-size":"auto","background-attachment":"scroll","background-type":"","background-media":"","overlay-type":"","overlay-color":"","overlay-opacity":"","overlay-gradient":""},"tablet":{"background-color":"var(--ast-global-color-4)","background-image":"","background-repeat":"repeat","background-position":"center center","background-size":"auto","background-attachment":"scroll","background-type":"","background-media":"","overlay-type":"","overlay-color":"","overlay-opacity":"","overlay-gradient":""},"mobile":{"background-color":"var(--ast-global-color-4)","background-image":"","background-repeat":"repeat","background-position":"center center","background-size":"auto","background-attachment":"scroll","background-type":"","background-media":"","overlay-type":"","overlay-color":"","overlay-opacity":"","overlay-gradient":""}},"footnotes":""},"class_list":["post-827","page","type-page","status-publish","hentry"],"yoast_head":"<!-- This site is optimized with the Yoast SEO plugin v25.7 - https:\/\/yoast.com\/wordpress\/plugins\/seo\/ -->\n<title>H\u00e4ufig gestellte Fragen zur F\u00e4hre Helsinki-Stockholm<\/title>\n<meta name=\"description\" content=\"Antworten auf alle Ihre Fragen zur F\u00e4hr\u00fcberfahrt Helsinki-Stockholm mit Tallink oder Viking Line.\" \/>\n<meta name=\"robots\" content=\"index, follow, max-snippet:-1, max-image-preview:large, max-video-preview:-1\" \/>\n<link rel=\"canonical\" href=\"https:\/\/helsinki-stockholm.info\/de\/faq\/\" \/>\n<meta property=\"og:locale\" content=\"de_DE\" \/>\n<meta property=\"og:type\" content=\"article\" \/>\n<meta property=\"og:title\" content=\"H\u00e4ufig gestellte Fragen zur F\u00e4hre Helsinki-Stockholm\" \/>\n<meta property=\"og:description\" content=\"Antworten auf alle Ihre Fragen zur F\u00e4hr\u00fcberfahrt Helsinki-Stockholm mit Tallink oder Viking Line.\" \/>\n<meta property=\"og:url\" content=\"https:\/\/helsinki-stockholm.info\/de\/faq\/\" \/>\n<meta property=\"og:site_name\" content=\"helsinki-stockholm.info\" \/>\n<meta property=\"article:modified_time\" content=\"2025-08-25T07:33:56+00:00\" \/>\n<meta name=\"twitter:card\" content=\"summary_large_image\" \/>\n<meta name=\"twitter:label1\" content=\"Gesch\u00e4tzte Lesezeit\" \/>\n\t<meta name=\"twitter:data1\" content=\"2\u00a0Minuten\" \/>\n<script type=\"application\/ld+json\" class=\"yoast-schema-graph\">{\"@context\":\"https:\/\/schema.org\",\"@graph\":[{\"@type\":[\"WebPage\",\"FAQPage\"],\"@id\":\"https:\/\/helsinki-stockholm.info\/de\/faq\/\",\"url\":\"https:\/\/helsinki-stockholm.info\/de\/faq\/\",\"name\":\"H\u00e4ufig gestellte Fragen zur F\u00e4hre Helsinki-Stockholm\",\"isPartOf\":{\"@id\":\"https:\/\/helsinki-stockholm.info\/fi\/#website\"},\"datePublished\":\"2025-08-15T11:17:52+00:00\",\"dateModified\":\"2025-08-25T07:33:56+00:00\",\"description\":\"Antworten auf alle Ihre Fragen zur F\u00e4hr\u00fcberfahrt Helsinki-Stockholm mit Tallink oder Viking Line.\",\"breadcrumb\":{\"@id\":\"https:\/\/helsinki-stockholm.info\/de\/faq\/#breadcrumb\"},\"mainEntity\":[{\"@id\":\"https:\/\/helsinki-stockholm.info\/de\/faq\/#faq-question-1755257004109\"},{\"@id\":\"https:\/\/helsinki-stockholm.info\/de\/faq\/#faq-question-1755257065339\"},{\"@id\":\"https:\/\/helsinki-stockholm.info\/de\/faq\/#faq-question-1755257107387\"},{\"@id\":\"https:\/\/helsinki-stockholm.info\/de\/faq\/#faq-question-1755258218195\"},{\"@id\":\"https:\/\/helsinki-stockholm.info\/de\/faq\/#faq-question-1755258324762\"}],\"inLanguage\":\"de\",\"potentialAction\":[{\"@type\":\"ReadAction\",\"target\":[\"https:\/\/helsinki-stockholm.info\/de\/faq\/\"]}]},{\"@type\":\"BreadcrumbList\",\"@id\":\"https:\/\/helsinki-stockholm.info\/de\/faq\/#breadcrumb\",\"itemListElement\":[{\"@type\":\"ListItem\",\"position\":1,\"name\":\"Home\",\"item\":\"https:\/\/helsinki-stockholm.info\/de\/\"},{\"@type\":\"ListItem\",\"position\":2,\"name\":\"FAQ: H\u00e4ufig gestellte Fragen\"}]},{\"@type\":\"WebSite\",\"@id\":\"https:\/\/helsinki-stockholm.info\/fi\/#website\",\"url\":\"https:\/\/helsinki-stockholm.info\/fi\/\",\"name\":\"helsinki-stockholm.info\",\"description\":\"\",\"publisher\":{\"@id\":\"https:\/\/helsinki-stockholm.info\/fi\/#organization\"},\"potentialAction\":[{\"@type\":\"SearchAction\",\"target\":{\"@type\":\"EntryPoint\",\"urlTemplate\":\"https:\/\/helsinki-stockholm.info\/fi\/?s={search_term_string}\"},\"query-input\":{\"@type\":\"PropertyValueSpecification\",\"valueRequired\":true,\"valueName\":\"search_term_string\"}}],\"inLanguage\":\"de\"},{\"@type\":\"Organization\",\"@id\":\"https:\/\/helsinki-stockholm.info\/fi\/#organization\",\"name\":\"helsinki-stockholm.info\",\"url\":\"https:\/\/helsinki-stockholm.info\/fi\/\",\"logo\":{\"@type\":\"ImageObject\",\"inLanguage\":\"de\",\"@id\":\"https:\/\/helsinki-stockholm.info\/fi\/#\/schema\/logo\/image\/\",\"url\":\"https:\/\/helsinki-stockholm.info\/wp-content\/uploads\/2025\/07\/helsinki-stockholm-ferry-logo.svg\",\"contentUrl\":\"https:\/\/helsinki-stockholm.info\/wp-content\/uploads\/2025\/07\/helsinki-stockholm-ferry-logo.svg\",\"width\":422,\"height\":130,\"caption\":\"helsinki-stockholm.info\"},\"image\":{\"@id\":\"https:\/\/helsinki-stockholm.info\/fi\/#\/schema\/logo\/image\/\"}},{\"@type\":\"Question\",\"@id\":\"https:\/\/helsinki-stockholm.info\/de\/faq\/#faq-question-1755257004109\",\"position\":1,\"url\":\"https:\/\/helsinki-stockholm.info\/de\/faq\/#faq-question-1755257004109\",\"name\":\"Kann ich auch als Fu\u00dfg\u00e4nger (ohne Auto) mit der F\u00e4hre zwischen Helsinki und Stockholm reisen?\",\"answerCount\":1,\"acceptedAnswer\":{\"@type\":\"Answer\",\"text\":\"Ja, Sie k\u00f6nnen die \u00dcberfahrt auch ohne Auto machen. Sowohl <a href=\\\"https:\/\/helsinki-stockholm.info\/de\/viking-line\/\\\">Viking Line<\/a> als auch <a href=\\\"https:\/\/helsinki-stockholm.info\/de\/tallink\/\\\">Tallink (Silja Line)<\/a> bieten Tickets f\u00fcr Fu\u00dfg\u00e4nger an.\",\"inLanguage\":\"de\"},\"inLanguage\":\"de\"},{\"@type\":\"Question\",\"@id\":\"https:\/\/helsinki-stockholm.info\/de\/faq\/#faq-question-1755257065339\",\"position\":2,\"url\":\"https:\/\/helsinki-stockholm.info\/de\/faq\/#faq-question-1755257065339\",\"name\":\"Kann ich mit einer VISA-Karte bezahlen?\",\"answerCount\":1,\"acceptedAnswer\":{\"@type\":\"Answer\",\"text\":\"Beide Anbieter akzeptieren VISA-Karten. Die meisten Zahlungsm\u00f6glichkeiten sind \u00fcber die Dachplattform <a href=\\\"https:\/\/helsinki-stockholm.info\/de\/go\/directferries\\\" target=\\\"_blank\\\" rel=\\\"noreferrer noopener\\\">DirectFerries.com<\/a> verf\u00fcgbar, wo Sie auch mit PayPal bezahlen k\u00f6nnen.\",\"inLanguage\":\"de\"},\"inLanguage\":\"de\"},{\"@type\":\"Question\",\"@id\":\"https:\/\/helsinki-stockholm.info\/de\/faq\/#faq-question-1755257107387\",\"position\":3,\"url\":\"https:\/\/helsinki-stockholm.info\/de\/faq\/#faq-question-1755257107387\",\"name\":\"Gibt es mehrere F\u00e4hrgesellschaften, die zwischen Stockholm und Helsinki verkehren?\",\"answerCount\":1,\"acceptedAnswer\":{\"@type\":\"Answer\",\"text\":\"Ja, es gibt zwei gro\u00dfe Anbieter: Viking Line und Tallink (Silja Line). Es ist ratsam, vor der Buchung die Preise verschiedener Anbieter zu vergleichen.\",\"inLanguage\":\"de\"},\"inLanguage\":\"de\"},{\"@type\":\"Question\",\"@id\":\"https:\/\/helsinki-stockholm.info\/de\/faq\/#faq-question-1755258218195\",\"position\":4,\"url\":\"https:\/\/helsinki-stockholm.info\/de\/faq\/#faq-question-1755258218195\",\"name\":\"Wie lange dauert die \u00dcberfahrt von Helsinki nach Stockholm (und umgekehrt)?\",\"answerCount\":1,\"acceptedAnswer\":{\"@type\":\"Answer\",\"text\":\"Die \u00dcberfahrt dauert etwa 17 Stunden. An Bord der F\u00e4hre (sowohl Viking Line als auch Tallink) gibt es viel zu erleben. Sie k\u00f6nnen w\u00e4hrend der \u00dcberfahrt beispielsweise in einem Restaurant essen oder in der Spielhalle ein Spiel spielen.\",\"inLanguage\":\"de\"},\"inLanguage\":\"de\"},{\"@type\":\"Question\",\"@id\":\"https:\/\/helsinki-stockholm.info\/de\/faq\/#faq-question-1755258324762\",\"position\":5,\"url\":\"https:\/\/helsinki-stockholm.info\/de\/faq\/#faq-question-1755258324762\",\"name\":\"Handelt es sich um eine Nachtf\u00e4hre oder kann ich auch tags\u00fcber \u00fcbersetzen?\",\"answerCount\":1,\"acceptedAnswer\":{\"@type\":\"Answer\",\"text\":\"Die F\u00e4hren zwischen Helsinki und Stockholm verkehren nur nachts. Sie fahren am sp\u00e4ten Nachmittag ab und kommen am fr\u00fchen Morgen an. Um w\u00e4hrend der \u00dcberfahrt zu schlafen, m\u00fcssen Sie eine Kabine buchen.\",\"inLanguage\":\"de\"},\"inLanguage\":\"de\"}]}<\/script>\n<!-- \/ Yoast SEO plugin. -->","yoast_head_json":{"title":"H\u00e4ufig gestellte Fragen zur F\u00e4hre Helsinki-Stockholm","description":"Antworten auf alle Ihre Fragen zur F\u00e4hr\u00fcberfahrt Helsinki-Stockholm mit Tallink oder Viking Line.","robots":{"index":"index","follow":"follow","max-snippet":"max-snippet:-1","max-image-preview":"max-image-preview:large","max-video-preview":"max-video-preview:-1"},"canonical":"https:\/\/helsinki-stockholm.info\/de\/faq\/","og_locale":"de_DE","og_type":"article","og_title":"H\u00e4ufig gestellte Fragen zur F\u00e4hre Helsinki-Stockholm","og_description":"Antworten auf alle Ihre Fragen zur F\u00e4hr\u00fcberfahrt Helsinki-Stockholm mit Tallink oder Viking Line.","og_url":"https:\/\/helsinki-stockholm.info\/de\/faq\/","og_site_name":"helsinki-stockholm.info","article_modified_time":"2025-08-25T07:33:56+00:00","twitter_card":"summary_large_image","twitter_misc":{"Gesch\u00e4tzte Lesezeit":"2\u00a0Minuten"},"schema":{"@context":"https:\/\/schema.org","@graph":[{"@type":["WebPage","FAQPage"],"@id":"https:\/\/helsinki-stockholm.info\/de\/faq\/","url":"https:\/\/helsinki-stockholm.info\/de\/faq\/","name":"H\u00e4ufig gestellte Fragen zur F\u00e4hre Helsinki-Stockholm","isPartOf":{"@id":"https:\/\/helsinki-stockholm.info\/fi\/#website"},"datePublished":"2025-08-15T11:17:52+00:00","dateModified":"2025-08-25T07:33:56+00:00","description":"Antworten auf alle Ihre Fragen zur F\u00e4hr\u00fcberfahrt Helsinki-Stockholm mit Tallink oder Viking Line.","breadcrumb":{"@id":"https:\/\/helsinki-stockholm.info\/de\/faq\/#breadcrumb"},"mainEntity":[{"@id":"https:\/\/helsinki-stockholm.info\/de\/faq\/#faq-question-1755257004109"},{"@id":"https:\/\/helsinki-stockholm.info\/de\/faq\/#faq-question-1755257065339"},{"@id":"https:\/\/helsinki-stockholm.info\/de\/faq\/#faq-question-1755257107387"},{"@id":"https:\/\/helsinki-stockholm.info\/de\/faq\/#faq-question-1755258218195"},{"@id":"https:\/\/helsinki-stockholm.info\/de\/faq\/#faq-question-1755258324762"}],"inLanguage":"de","potentialAction":[{"@type":"ReadAction","target":["https:\/\/helsinki-stockholm.info\/de\/faq\/"]}]},{"@type":"BreadcrumbList","@id":"https:\/\/helsinki-stockholm.info\/de\/faq\/#breadcrumb","itemListElement":[{"@type":"ListItem","position":1,"name":"Home","item":"https:\/\/helsinki-stockholm.info\/de\/"},{"@type":"ListItem","position":2,"name":"FAQ: H\u00e4ufig gestellte Fragen"}]},{"@type":"WebSite","@id":"https:\/\/helsinki-stockholm.info\/fi\/#website","url":"https:\/\/helsinki-stockholm.info\/fi\/","name":"helsinki-stockholm.info","description":"","publisher":{"@id":"https:\/\/helsinki-stockholm.info\/fi\/#organization"},"potentialAction":[{"@type":"SearchAction","target":{"@type":"EntryPoint","urlTemplate":"https:\/\/helsinki-stockholm.info\/fi\/?s={search_term_string}"},"query-input":{"@type":"PropertyValueSpecification","valueRequired":true,"valueName":"search_term_string"}}],"inLanguage":"de"},{"@type":"Organization","@id":"https:\/\/helsinki-stockholm.info\/fi\/#organization","name":"helsinki-stockholm.info","url":"https:\/\/helsinki-stockholm.info\/fi\/","logo":{"@type":"ImageObject","inLanguage":"de","@id":"https:\/\/helsinki-stockholm.info\/fi\/#\/schema\/logo\/image\/","url":"https:\/\/helsinki-stockholm.info\/wp-content\/uploads\/2025\/07\/helsinki-stockholm-ferry-logo.svg","contentUrl":"https:\/\/helsinki-stockholm.info\/wp-content\/uploads\/2025\/07\/helsinki-stockholm-ferry-logo.svg","width":422,"height":130,"caption":"helsinki-stockholm.info"},"image":{"@id":"https:\/\/helsinki-stockholm.info\/fi\/#\/schema\/logo\/image\/"}},{"@type":"Question","@id":"https:\/\/helsinki-stockholm.info\/de\/faq\/#faq-question-1755257004109","position":1,"url":"https:\/\/helsinki-stockholm.info\/de\/faq\/#faq-question-1755257004109","name":"Kann ich auch als Fu\u00dfg\u00e4nger (ohne Auto) mit der F\u00e4hre zwischen Helsinki und Stockholm reisen?","answerCount":1,"acceptedAnswer":{"@type":"Answer","text":"Ja, Sie k\u00f6nnen die \u00dcberfahrt auch ohne Auto machen. Sowohl <a href=\"https:\/\/helsinki-stockholm.info\/de\/viking-line\/\">Viking Line<\/a> als auch <a href=\"https:\/\/helsinki-stockholm.info\/de\/tallink\/\">Tallink (Silja Line)<\/a> bieten Tickets f\u00fcr Fu\u00dfg\u00e4nger an.","inLanguage":"de"},"inLanguage":"de"},{"@type":"Question","@id":"https:\/\/helsinki-stockholm.info\/de\/faq\/#faq-question-1755257065339","position":2,"url":"https:\/\/helsinki-stockholm.info\/de\/faq\/#faq-question-1755257065339","name":"Kann ich mit einer VISA-Karte bezahlen?","answerCount":1,"acceptedAnswer":{"@type":"Answer","text":"Beide Anbieter akzeptieren VISA-Karten. Die meisten Zahlungsm\u00f6glichkeiten sind \u00fcber die Dachplattform <a href=\"https:\/\/helsinki-stockholm.info\/de\/go\/directferries\" target=\"_blank\" rel=\"noreferrer noopener\">DirectFerries.com<\/a> verf\u00fcgbar, wo Sie auch mit PayPal bezahlen k\u00f6nnen.","inLanguage":"de"},"inLanguage":"de"},{"@type":"Question","@id":"https:\/\/helsinki-stockholm.info\/de\/faq\/#faq-question-1755257107387","position":3,"url":"https:\/\/helsinki-stockholm.info\/de\/faq\/#faq-question-1755257107387","name":"Gibt es mehrere F\u00e4hrgesellschaften, die zwischen Stockholm und Helsinki verkehren?","answerCount":1,"acceptedAnswer":{"@type":"Answer","text":"Ja, es gibt zwei gro\u00dfe Anbieter: Viking Line und Tallink (Silja Line). Es ist ratsam, vor der Buchung die Preise verschiedener Anbieter zu vergleichen.","inLanguage":"de"},"inLanguage":"de"},{"@type":"Question","@id":"https:\/\/helsinki-stockholm.info\/de\/faq\/#faq-question-1755258218195","position":4,"url":"https:\/\/helsinki-stockholm.info\/de\/faq\/#faq-question-1755258218195","name":"Wie lange dauert die \u00dcberfahrt von Helsinki nach Stockholm (und umgekehrt)?","answerCount":1,"acceptedAnswer":{"@type":"Answer","text":"Die \u00dcberfahrt dauert etwa 17 Stunden. An Bord der F\u00e4hre (sowohl Viking Line als auch Tallink) gibt es viel zu erleben. Sie k\u00f6nnen w\u00e4hrend der \u00dcberfahrt beispielsweise in einem Restaurant essen oder in der Spielhalle ein Spiel spielen.","inLanguage":"de"},"inLanguage":"de"},{"@type":"Question","@id":"https:\/\/helsinki-stockholm.info\/de\/faq\/#faq-question-1755258324762","position":5,"url":"https:\/\/helsinki-stockholm.info\/de\/faq\/#faq-question-1755258324762","name":"Handelt es sich um eine Nachtf\u00e4hre oder kann ich auch tags\u00fcber \u00fcbersetzen?","answerCount":1,"acceptedAnswer":{"@type":"Answer","text":"Die F\u00e4hren zwischen Helsinki und Stockholm verkehren nur nachts. Sie fahren am sp\u00e4ten Nachmittag ab und kommen am fr\u00fchen Morgen an. Um w\u00e4hrend der \u00dcberfahrt zu schlafen, m\u00fcssen Sie eine Kabine buchen.","inLanguage":"de"},"inLanguage":"de"}]}},"_links":{"self":[{"href":"https:\/\/helsinki-stockholm.info\/de\/wp-json\/wp\/v2\/pages\/827","targetHints":{"allow":["GET"]}}],"collection":[{"href":"https:\/\/helsinki-stockholm.info\/de\/wp-json\/wp\/v2\/pages"}],"about":[{"href":"https:\/\/helsinki-stockholm.info\/de\/wp-json\/wp\/v2\/types\/page"}],"author":[{"embeddable":true,"href":"https:\/\/helsinki-stockholm.info\/de\/wp-json\/wp\/v2\/users\/1"}],"replies":[{"embeddable":true,"href":"https:\/\/helsinki-stockholm.info\/de\/wp-json\/wp\/v2\/comments?post=827"}],"version-history":[{"count":2,"href":"https:\/\/helsinki-stockholm.info\/de\/wp-json\/wp\/v2\/pages\/827\/revisions"}],"predecessor-version":[{"id":1107,"href":"https:\/\/helsinki-stockholm.info\/de\/wp-json\/wp\/v2\/pages\/827\/revisions\/1107"}],"wp:attachment":[{"href":"https:\/\/helsinki-stockholm.info\/de\/wp-json\/wp\/v2\/media?parent=827"}],"curies":[{"name":"wp","href":"https:\/\/api.w.org\/{rel}","templated":true}]}}