{"id":810,"date":"2025-08-15T11:28:51","date_gmt":"2025-08-15T11:28:51","guid":{"rendered":"https:\/\/helsinki-stockholm.info\/?page_id=810"},"modified":"2025-08-25T07:33:06","modified_gmt":"2025-08-25T07:33:06","slug":"datenschutzerklaerung","status":"publish","type":"page","link":"https:\/\/helsinki-stockholm.info\/de\/datenschutzerklaerung\/","title":{"rendered":"Datenschutzerkl\u00e4rung"},"content":{"rendered":"\n<h1 class=\"wp-block-heading\">Datenschutzerkl\u00e4rung<\/h1>\n\n\n\n<p>Diese Website geh\u00f6rt FerryGoGo B.V. Auf dieser Seite k\u00f6nnen Sie mehr dar\u00fcber lesen, wie wir mit personenbezogenen Daten und Cookies auf unserer Website umgehen. Wenn Sie nach dem Lesen der Datenschutzerkl\u00e4rung noch Fragen zur Verarbeitung Ihrer personenbezogenen Daten haben, wenden Sie sich bitte an uns.<\/p>\n\n\n\n<p>\u00dcber uns:<br>Wenn Sie weitere Informationen zur Nutzung dieser Website suchen, k\u00f6nnen Sie uns \u00fcber die untenstehenden Kontaktinformationen erreichen:<\/p>\n\n\n\n<p>Unternehmensdaten (Keine Besuchsadresse)<\/p>\n\n\n\n<p>FerryGoGo B.V.<br>Jufferstraat 3<br>3701AD<br>Zeist<\/p>\n\n\n\n<ol class=\"wp-block-list\">\n<li>Personenbezogene Daten, die wir verarbeiten<br>FerryGoGo B.V. verarbeitet Ihre personenbezogenen Daten, weil Sie unsere Dienste nutzen und\/oder weil Sie diese selbst an uns \u00fcbermitteln.<\/li>\n<\/ol>\n\n\n\n<p>Nachfolgend finden Sie eine \u00dcbersicht der personenbezogenen Daten, die wir (gegebenenfalls) verarbeiten:<\/p>\n\n\n\n<ul class=\"wp-block-list\">\n<li>Vor- und Nachname (nur wenn Sie diese selbst aktiv hinterlassen, verwenden wir sie nicht weiter)<\/li>\n\n\n\n<li>E-Mail-Adresse (wenn Sie diese aktiv hinterlassen, z. B. bei Kommentaren oder in Ihrem Profil, verwenden wir sie nicht weiter)<\/li>\n\n\n\n<li>IP-Adresse<\/li>\n\n\n\n<li>Internetbrowser und Ger\u00e4tetyp<\/li>\n\n\n\n<li>Logdateien<\/li>\n<\/ul>\n\n\n\n<p>\u00dcber Logdateien:<\/p>\n\n\n\n<p>Wie die meisten anderen Websites sammeln wir anonyme Daten \u00fcber die Nutzung dieser Website in Logdateien. Die Informationen, die wir in den Logdateien speichern, umfassen unter anderem Ihre IP-Adresse, die Adresse Ihres ISP (Internet Service Providers), wie z. B. XS4ALL, KPN, Tele2 usw., den Browser, den Sie verwenden, um unsere Seite zu besuchen (wie Microsoft Edge, Google Chrome, Safari oder Firefox), die Zeit, zu der Sie unsere Website besuchen, die Dauer Ihres Besuchs und welche Seiten Sie w\u00e4hrend Ihres Besuchs aufgerufen haben.<\/p>\n\n\n\n<p>Wir verarbeiten keine sensiblen personenbezogenen Daten.<\/p>\n\n\n\n<ol start=\"2\" class=\"wp-block-list\">\n<li>Zweck und Rechtsgrundlage der Verarbeitung personenbezogener Daten<br>FerryGoGo B.V. verarbeitet Ihre personenbezogenen Daten zu folgenden Zwecken:<\/li>\n<\/ol>\n\n\n\n<ul class=\"wp-block-list\">\n<li>Versand unseres Newsletters und\/oder Werbeflyers (wenn Sie sich anmelden \u2013 Opt-in), den wir bis zu Ihrer Abmeldung aufbewahren.<\/li>\n\n\n\n<li>FerryGoGo B.V. analysiert Ihr Verhalten auf der Website, um die Website zu verbessern und das Angebot von Produkten und Dienstleistungen auf Ihre Vorlieben abzustimmen.<\/li>\n\n\n\n<li>Anfragen, Reaktionen und andere Kontakte: Wenn Sie uns eine Frage senden oder Informationen bei uns anfordern, verarbeiten wir Ihren Namen und Ihre E-Mail-Adresse, um Ihnen eine Antwort zu senden.<\/li>\n\n\n\n<li>IP-Adresse: Wir verarbeiten Ihre IP-Adresse bei einem Besuch auf unserer Website, die nach 30 Tagen wieder gel\u00f6scht wird. Diese Daten werden nicht mit anderen Datenquellen kombiniert. Die vor\u00fcbergehende Speicherung der IP-Adresse in Logdateien ist aus technischen Gr\u00fcnden notwendig.<\/li>\n<\/ul>\n\n\n\n<p>Weitergabe personenbezogener Daten an Dritte:<\/p>\n\n\n\n<ul class=\"wp-block-list\">\n<li>Der Hostinganbieter der Website<\/li>\n\n\n\n<li>Google Adsense &amp; Google Analytics<\/li>\n<\/ul>\n\n\n\n<p>Mehr \u00fcber Werbung von Dritten:<\/p>\n\n\n\n<p>Zur Unterst\u00fctzung der Website verwenden wir Werbung von Dritten. Einige dieser Werbetreibenden k\u00f6nnen bestimmte Technologien wie Cookies und Web Beacons verwenden, wenn sie auf unserer Seite werben. Diese Cookies und Web Beacons senden auch den Werbetreibenden (wie Google \u00fcber das Google AdSense-Programm) Informationen, einschlie\u00dflich Ihrer IP-Adresse von Ihrem ISP, dem Browser, den Sie verwenden, um unsere Seite zu besuchen, und in einigen F\u00e4llen, ob Sie Flash installiert haben.<\/p>\n\n\n\n<ol start=\"3\" class=\"wp-block-list\">\n<li>Cookies oder \u00e4hnliche Techniken, die wir verwenden<br>Wir verwenden auf dieser Website Cookies f\u00fcr verschiedene Zwecke im Zusammenhang mit Funktionalit\u00e4t, Webanalyse und Marketing.<\/li>\n<\/ol>\n\n\n\n<p>FerryGoGo B.V. verwendet funktionale, analytische und Tracking-Cookies. Ein Cookie ist eine kleine Textdatei, die bei Ihrem ersten Besuch dieser Website im Browser Ihres Computers, Tablets oder Smartphones gespeichert wird. hoekvanholland-harwich.nl verwendet Cookies mit rein technischer Funktionalit\u00e4t. Diese stellen sicher, dass die Website ordnungsgem\u00e4\u00df funktioniert und beispielsweise Ihre bevorzugten Einstellungen gespeichert werden. Die analytischen und funktionalen Cookies werden ebenfalls verwendet, um die Website gut zu betreiben und zu optimieren. Dar\u00fcber hinaus setzen wir Cookies, die Ihr Surfverhalten verfolgen, damit wir ma\u00dfgeschneiderte Inhalte und Werbung anbieten k\u00f6nnen.<\/p>\n\n\n\n<p>Cookies, die wir verwenden:<\/p>\n\n\n\n<ul class=\"wp-block-list\">\n<li>Affiliate-Netzwerk-Cookies: In einigen Artikeln verweisen wir m\u00f6glicherweise auf Online-Shops, mit denen wir \u00fcber ein Affiliate-Netzwerk zusammenarbeiten. Um diese Zusammenarbeit zu erm\u00f6glichen, wird ein Cookie auf einer Zwischen-Seite gesetzt, wenn Sie den Online-Shop besuchen. Diese Cookies sind notwendig, um m\u00f6gliche Transaktionen zu verarbeiten und sind ein wesentlicher Bestandteil unseres Gesch\u00e4ftsmodells. Weitere Informationen zu diesen Cookies finden Sie auch bei den betreffenden Online-Shops.<\/li>\n\n\n\n<li>Google Adsense Cookies: Auf unserer Website werden auch Cookies von Google Adsense gesetzt. Diese Cookies tragen dazu bei, dass Ihnen relevante Werbung angezeigt wird, was auch ein kleines Gesch\u00e4ftsmodell f\u00fcr uns darstellt und es uns erm\u00f6glicht, die Website zu finanzieren. Weitere Informationen zu diesen Cookies finden Sie hier: <a href=\"https:\/\/policies.google.com\/technologies\/cookies?hl=de\">https:\/\/policies.google.com\/technologies\/cookies?hl=de<\/a><\/li>\n\n\n\n<li>Analytische &amp; funktionale Cookies: Wir verwenden analytische Cookies, um zu sehen, wie Besucher unsere Website nutzen und wie wir sie weiter verbessern und optimieren k\u00f6nnen. Funktionale Cookies verwenden wir, um sicherzustellen, dass die Website gut funktioniert. Daf\u00fcr verwenden wir Google Analytics. Analytische Cookies werden maximal 50 Monate aufbewahrt.<br>Bei Ihrem ersten Besuch auf unserer Website haben wir Sie bereits \u00fcber diese Cookies informiert und um Ihre Zustimmung zur Platzierung gebeten.<\/li>\n<\/ul>\n\n\n\n<p>Sie k\u00f6nnen sich von Cookies abmelden, indem Sie Ihren Internetbrowser so einstellen, dass er keine Cookies mehr speichert. Dar\u00fcber hinaus k\u00f6nnen Sie alle vorher gespeicherten Informationen \u00fcber die Einstellungen Ihres Browsers l\u00f6schen.<\/p>\n\n\n\n<p>Weitere Informationen zur Verwaltung von Cookies finden Sie auch unter <a href=\"http:\/\/www.allaboutcookies.org\/\">www.allaboutcookies.org<\/a>.<\/p>\n\n\n\n<p>Opt-out: Wenn Sie ein Google-Konto haben, k\u00f6nnen Sie die Personalisierung von Werbung \u00fcber die Google-Werbeeinstellungen deaktivieren.<\/p>\n\n\n\n<ol start=\"4\" class=\"wp-block-list\">\n<li>Daten einsehen, anpassen oder l\u00f6schen<br>Sie haben das Recht, Ihre personenbezogenen Daten einzusehen, zu korrigieren oder zu l\u00f6schen. Dar\u00fcber hinaus haben Sie das Recht, Ihre etwaige Zustimmung zur Datenverarbeitung zu widerrufen oder der Verarbeitung Ihrer personenbezogenen Daten durch hoekvanholland-harwich.nl zu widersprechen, und Sie haben das Recht auf Daten\u00fcbertragbarkeit. Das bedeutet, dass Sie bei uns einen Antrag stellen k\u00f6nnen, um die personenbezogenen Daten, die wir von Ihnen besitzen, in einer Datei an Sie oder eine andere von Ihnen genannte Organisation zu senden.<\/li>\n<\/ol>\n\n\n\n<p>Sie k\u00f6nnen eine Anfrage zur Einsichtnahme, Korrektur, L\u00f6schung, Daten\u00fcbertragung, Widerruf der Zustimmung oder Widerspruch gegen die Verarbeitung Ihrer personenbezogenen Daten an <a href=\"mailto:info@ferrygogo.com\">info@ferrygogo.com<\/a> senden.<\/p>\n\n\n\n<p>Um sicherzustellen, dass die Anfrage von Ihnen gestellt wurde, bitten wir Sie, eine Kopie Ihres Ausweises mit der Anfrage zu senden. Bitte schw\u00e4rzen Sie auf dieser Kopie Ihr Foto, MRZ (maschinenlesbare Zone, der Streifen mit Zahlen am unteren Rand des Reisepasses), die Reisepassnummer und die B\u00fcrger-Servicenummer (BSN). Dies dient dem Schutz Ihrer Privatsph\u00e4re. Wir werden so schnell wie m\u00f6glich, jedoch innerhalb von vier Wochen, auf Ihre Anfrage reagieren.<\/p>\n\n\n\n<ol start=\"5\" class=\"wp-block-list\">\n<li>Wie wir personenbezogene Daten sichern<br>FerryGoGo B.V. nimmt den Schutz Ihrer Daten ernst und ergreift geeignete Ma\u00dfnahmen, um Missbrauch, Verlust, unbefugten Zugriff, unerw\u00fcnschte Offenlegung und unbefugte \u00c4nderungen zu verhindern. Wenn Sie den Eindruck haben, dass Ihre Daten nicht ausreichend gesch\u00fctzt sind oder es Hinweise auf Missbrauch gibt, wenden Sie sich bitte an unseren Kundenservice oder senden Sie eine E-Mail an <a href=\"mailto:info@ferrygogo.com\">info@ferrygogo.com<\/a>.<\/li>\n<\/ol>\n","protected":false},"excerpt":{"rendered":"<p>Datenschutzerkl\u00e4rung Diese Website geh\u00f6rt FerryGoGo B.V. Auf dieser Seite k\u00f6nnen Sie mehr dar\u00fcber lesen, wie wir mit personenbezogenen Daten und [&hellip;]<\/p>\n","protected":false},"author":1,"featured_media":0,"parent":0,"menu_order":0,"comment_status":"closed","ping_status":"closed","template":"","meta":{"inline_featured_image":false,"site-sidebar-layout":"default","site-content-layout":"","ast-site-content-layout":"default","site-content-style":"default","site-sidebar-style":"default","ast-global-header-display":"","ast-banner-title-visibility":"","ast-main-header-display":"","ast-hfb-above-header-display":"","ast-hfb-below-header-display":"","ast-hfb-mobile-header-display":"","site-post-title":"","ast-breadcrumbs-content":"","ast-featured-img":"","footer-sml-layout":"","theme-transparent-header-meta":"","adv-header-id-meta":"","stick-header-meta":"","header-above-stick-meta":"","header-main-stick-meta":"","header-below-stick-meta":"","astra-migrate-meta-layouts":"default","ast-page-background-enabled":"default","ast-page-background-meta":{"desktop":{"background-color":"var(--ast-global-color-5)","background-image":"","background-repeat":"repeat","background-position":"center center","background-size":"auto","background-attachment":"scroll","background-type":"","background-media":"","overlay-type":"","overlay-color":"","overlay-opacity":"","overlay-gradient":""},"tablet":{"background-color":"","background-image":"","background-repeat":"repeat","background-position":"center center","background-size":"auto","background-attachment":"scroll","background-type":"","background-media":"","overlay-type":"","overlay-color":"","overlay-opacity":"","overlay-gradient":""},"mobile":{"background-color":"","background-image":"","background-repeat":"repeat","background-position":"center center","background-size":"auto","background-attachment":"scroll","background-type":"","background-media":"","overlay-type":"","overlay-color":"","overlay-opacity":"","overlay-gradient":""}},"ast-content-background-meta":{"desktop":{"background-color":"var(--ast-global-color-4)","background-image":"","background-repeat":"repeat","background-position":"center center","background-size":"auto","background-attachment":"scroll","background-type":"","background-media":"","overlay-type":"","overlay-color":"","overlay-opacity":"","overlay-gradient":""},"tablet":{"background-color":"var(--ast-global-color-4)","background-image":"","background-repeat":"repeat","background-position":"center center","background-size":"auto","background-attachment":"scroll","background-type":"","background-media":"","overlay-type":"","overlay-color":"","overlay-opacity":"","overlay-gradient":""},"mobile":{"background-color":"var(--ast-global-color-4)","background-image":"","background-repeat":"repeat","background-position":"center center","background-size":"auto","background-attachment":"scroll","background-type":"","background-media":"","overlay-type":"","overlay-color":"","overlay-opacity":"","overlay-gradient":""}},"footnotes":""},"class_list":["post-810","page","type-page","status-publish","hentry"],"yoast_head":"<!-- This site is optimized with the Yoast SEO plugin v25.7 - https:\/\/yoast.com\/wordpress\/plugins\/seo\/ -->\n<title>Datenschutzerkl\u00e4rung - helsinki-stockholm.info<\/title>\n<meta name=\"description\" content=\"Informieren Sie sich, welche Daten wir bei Helsinki-Stockholm.info erfassen und warum.\" \/>\n<meta name=\"robots\" content=\"index, follow, max-snippet:-1, max-image-preview:large, max-video-preview:-1\" \/>\n<link rel=\"canonical\" href=\"https:\/\/helsinki-stockholm.info\/de\/datenschutzerklaerung\/\" \/>\n<meta property=\"og:locale\" content=\"de_DE\" \/>\n<meta property=\"og:type\" content=\"article\" \/>\n<meta property=\"og:title\" content=\"Datenschutzerkl\u00e4rung - helsinki-stockholm.info\" \/>\n<meta property=\"og:description\" content=\"Informieren Sie sich, welche Daten wir bei Helsinki-Stockholm.info erfassen und warum.\" \/>\n<meta property=\"og:url\" content=\"https:\/\/helsinki-stockholm.info\/de\/datenschutzerklaerung\/\" \/>\n<meta property=\"og:site_name\" content=\"helsinki-stockholm.info\" \/>\n<meta property=\"article:modified_time\" content=\"2025-08-25T07:33:06+00:00\" \/>\n<meta name=\"twitter:card\" content=\"summary_large_image\" \/>\n<meta name=\"twitter:label1\" content=\"Gesch\u00e4tzte Lesezeit\" \/>\n\t<meta name=\"twitter:data1\" content=\"5\u00a0Minuten\" \/>\n<script type=\"application\/ld+json\" class=\"yoast-schema-graph\">{\"@context\":\"https:\/\/schema.org\",\"@graph\":[{\"@type\":\"WebPage\",\"@id\":\"https:\/\/helsinki-stockholm.info\/de\/datenschutzerklaerung\/\",\"url\":\"https:\/\/helsinki-stockholm.info\/de\/datenschutzerklaerung\/\",\"name\":\"Datenschutzerkl\u00e4rung - helsinki-stockholm.info\",\"isPartOf\":{\"@id\":\"https:\/\/helsinki-stockholm.info\/fi\/#website\"},\"datePublished\":\"2025-08-15T11:28:51+00:00\",\"dateModified\":\"2025-08-25T07:33:06+00:00\",\"description\":\"Informieren Sie sich, welche Daten wir bei Helsinki-Stockholm.info erfassen und warum.\",\"breadcrumb\":{\"@id\":\"https:\/\/helsinki-stockholm.info\/de\/datenschutzerklaerung\/#breadcrumb\"},\"inLanguage\":\"de\",\"potentialAction\":[{\"@type\":\"ReadAction\",\"target\":[\"https:\/\/helsinki-stockholm.info\/de\/datenschutzerklaerung\/\"]}]},{\"@type\":\"BreadcrumbList\",\"@id\":\"https:\/\/helsinki-stockholm.info\/de\/datenschutzerklaerung\/#breadcrumb\",\"itemListElement\":[{\"@type\":\"ListItem\",\"position\":1,\"name\":\"Home\",\"item\":\"https:\/\/helsinki-stockholm.info\/de\/\"},{\"@type\":\"ListItem\",\"position\":2,\"name\":\"Datenschutzerkl\u00e4rung\"}]},{\"@type\":\"WebSite\",\"@id\":\"https:\/\/helsinki-stockholm.info\/fi\/#website\",\"url\":\"https:\/\/helsinki-stockholm.info\/fi\/\",\"name\":\"helsinki-stockholm.info\",\"description\":\"\",\"publisher\":{\"@id\":\"https:\/\/helsinki-stockholm.info\/fi\/#organization\"},\"potentialAction\":[{\"@type\":\"SearchAction\",\"target\":{\"@type\":\"EntryPoint\",\"urlTemplate\":\"https:\/\/helsinki-stockholm.info\/fi\/?s={search_term_string}\"},\"query-input\":{\"@type\":\"PropertyValueSpecification\",\"valueRequired\":true,\"valueName\":\"search_term_string\"}}],\"inLanguage\":\"de\"},{\"@type\":\"Organization\",\"@id\":\"https:\/\/helsinki-stockholm.info\/fi\/#organization\",\"name\":\"helsinki-stockholm.info\",\"url\":\"https:\/\/helsinki-stockholm.info\/fi\/\",\"logo\":{\"@type\":\"ImageObject\",\"inLanguage\":\"de\",\"@id\":\"https:\/\/helsinki-stockholm.info\/fi\/#\/schema\/logo\/image\/\",\"url\":\"https:\/\/helsinki-stockholm.info\/wp-content\/uploads\/2025\/07\/helsinki-stockholm-ferry-logo.svg\",\"contentUrl\":\"https:\/\/helsinki-stockholm.info\/wp-content\/uploads\/2025\/07\/helsinki-stockholm-ferry-logo.svg\",\"width\":422,\"height\":130,\"caption\":\"helsinki-stockholm.info\"},\"image\":{\"@id\":\"https:\/\/helsinki-stockholm.info\/fi\/#\/schema\/logo\/image\/\"}}]}<\/script>\n<!-- \/ Yoast SEO plugin. -->","yoast_head_json":{"title":"Datenschutzerkl\u00e4rung - helsinki-stockholm.info","description":"Informieren Sie sich, welche Daten wir bei Helsinki-Stockholm.info erfassen und warum.","robots":{"index":"index","follow":"follow","max-snippet":"max-snippet:-1","max-image-preview":"max-image-preview:large","max-video-preview":"max-video-preview:-1"},"canonical":"https:\/\/helsinki-stockholm.info\/de\/datenschutzerklaerung\/","og_locale":"de_DE","og_type":"article","og_title":"Datenschutzerkl\u00e4rung - helsinki-stockholm.info","og_description":"Informieren Sie sich, welche Daten wir bei Helsinki-Stockholm.info erfassen und warum.","og_url":"https:\/\/helsinki-stockholm.info\/de\/datenschutzerklaerung\/","og_site_name":"helsinki-stockholm.info","article_modified_time":"2025-08-25T07:33:06+00:00","twitter_card":"summary_large_image","twitter_misc":{"Gesch\u00e4tzte Lesezeit":"5\u00a0Minuten"},"schema":{"@context":"https:\/\/schema.org","@graph":[{"@type":"WebPage","@id":"https:\/\/helsinki-stockholm.info\/de\/datenschutzerklaerung\/","url":"https:\/\/helsinki-stockholm.info\/de\/datenschutzerklaerung\/","name":"Datenschutzerkl\u00e4rung - helsinki-stockholm.info","isPartOf":{"@id":"https:\/\/helsinki-stockholm.info\/fi\/#website"},"datePublished":"2025-08-15T11:28:51+00:00","dateModified":"2025-08-25T07:33:06+00:00","description":"Informieren Sie sich, welche Daten wir bei Helsinki-Stockholm.info erfassen und warum.","breadcrumb":{"@id":"https:\/\/helsinki-stockholm.info\/de\/datenschutzerklaerung\/#breadcrumb"},"inLanguage":"de","potentialAction":[{"@type":"ReadAction","target":["https:\/\/helsinki-stockholm.info\/de\/datenschutzerklaerung\/"]}]},{"@type":"BreadcrumbList","@id":"https:\/\/helsinki-stockholm.info\/de\/datenschutzerklaerung\/#breadcrumb","itemListElement":[{"@type":"ListItem","position":1,"name":"Home","item":"https:\/\/helsinki-stockholm.info\/de\/"},{"@type":"ListItem","position":2,"name":"Datenschutzerkl\u00e4rung"}]},{"@type":"WebSite","@id":"https:\/\/helsinki-stockholm.info\/fi\/#website","url":"https:\/\/helsinki-stockholm.info\/fi\/","name":"helsinki-stockholm.info","description":"","publisher":{"@id":"https:\/\/helsinki-stockholm.info\/fi\/#organization"},"potentialAction":[{"@type":"SearchAction","target":{"@type":"EntryPoint","urlTemplate":"https:\/\/helsinki-stockholm.info\/fi\/?s={search_term_string}"},"query-input":{"@type":"PropertyValueSpecification","valueRequired":true,"valueName":"search_term_string"}}],"inLanguage":"de"},{"@type":"Organization","@id":"https:\/\/helsinki-stockholm.info\/fi\/#organization","name":"helsinki-stockholm.info","url":"https:\/\/helsinki-stockholm.info\/fi\/","logo":{"@type":"ImageObject","inLanguage":"de","@id":"https:\/\/helsinki-stockholm.info\/fi\/#\/schema\/logo\/image\/","url":"https:\/\/helsinki-stockholm.info\/wp-content\/uploads\/2025\/07\/helsinki-stockholm-ferry-logo.svg","contentUrl":"https:\/\/helsinki-stockholm.info\/wp-content\/uploads\/2025\/07\/helsinki-stockholm-ferry-logo.svg","width":422,"height":130,"caption":"helsinki-stockholm.info"},"image":{"@id":"https:\/\/helsinki-stockholm.info\/fi\/#\/schema\/logo\/image\/"}}]}},"_links":{"self":[{"href":"https:\/\/helsinki-stockholm.info\/de\/wp-json\/wp\/v2\/pages\/810","targetHints":{"allow":["GET"]}}],"collection":[{"href":"https:\/\/helsinki-stockholm.info\/de\/wp-json\/wp\/v2\/pages"}],"about":[{"href":"https:\/\/helsinki-stockholm.info\/de\/wp-json\/wp\/v2\/types\/page"}],"author":[{"embeddable":true,"href":"https:\/\/helsinki-stockholm.info\/de\/wp-json\/wp\/v2\/users\/1"}],"replies":[{"embeddable":true,"href":"https:\/\/helsinki-stockholm.info\/de\/wp-json\/wp\/v2\/comments?post=810"}],"version-history":[{"count":1,"href":"https:\/\/helsinki-stockholm.info\/de\/wp-json\/wp\/v2\/pages\/810\/revisions"}],"predecessor-version":[{"id":811,"href":"https:\/\/helsinki-stockholm.info\/de\/wp-json\/wp\/v2\/pages\/810\/revisions\/811"}],"wp:attachment":[{"href":"https:\/\/helsinki-stockholm.info\/de\/wp-json\/wp\/v2\/media?parent=810"}],"curies":[{"name":"wp","href":"https:\/\/api.w.org\/{rel}","templated":true}]}}