{"id":753,"date":"2025-08-15T07:36:07","date_gmt":"2025-08-15T07:36:07","guid":{"rendered":"https:\/\/helsinki-stockholm.info\/?page_id=753"},"modified":"2025-08-25T07:41:40","modified_gmt":"2025-08-25T07:41:40","slug":"wettervorhersage","status":"publish","type":"page","link":"https:\/\/helsinki-stockholm.info\/de\/wettervorhersage\/","title":{"rendered":"Wettervorhersage"},"content":{"rendered":"\t\t<div data-elementor-type=\"wp-page\" data-elementor-id=\"753\" class=\"elementor elementor-753 elementor-626\">\n\t\t\t\t<div class=\"elementor-element elementor-element-1def3b3 e-con-full e-flex e-con e-parent\" data-id=\"1def3b3\" data-element_type=\"container\" data-settings=\"{&quot;background_background&quot;:&quot;classic&quot;}\">\n\t\t<div class=\"elementor-element elementor-element-5de77e5 e-con-full e-flex e-con e-child\" data-id=\"5de77e5\" data-element_type=\"container\">\n\t\t\t\t<div class=\"elementor-element elementor-element-e49f734 elementor-widget elementor-widget-heading\" data-id=\"e49f734\" data-element_type=\"widget\" data-widget_type=\"heading.default\">\n\t\t\t\t\t<h1 class=\"elementor-heading-title elementor-size-default\">Wettervorhersage<\/h1>\t\t\t\t<\/div>\n\t\t\t\t<div class=\"elementor-element elementor-element-8a1c6e6 elementor-widget elementor-widget-text-editor\" data-id=\"8a1c6e6\" data-element_type=\"widget\" data-widget_type=\"text-editor.default\">\n\t\t\t\t\t\t\t\t\t<p>Informieren Sie sich \u00fcber die Wettervorhersage f\u00fcr Ankunft, Abreise und w\u00e4hrend der \u00dcberfahrt \u00fcber die Ostsee.<\/p>\t\t\t\t\t\t\t\t<\/div>\n\t\t\t\t<\/div>\n\t\t<div class=\"elementor-element elementor-element-d5005d7 e-con-full e-flex e-con e-child\" data-id=\"d5005d7\" data-element_type=\"container\" data-settings=\"{&quot;background_background&quot;:&quot;classic&quot;}\">\n\t\t\t\t<\/div>\n\t\t\t\t<\/div>\n\t\t<div class=\"elementor-element elementor-element-cb6e35c e-flex e-con-boxed e-con e-parent\" data-id=\"cb6e35c\" data-element_type=\"container\">\n\t\t\t\t\t<div class=\"e-con-inner\">\n\t\t<div class=\"elementor-element elementor-element-e7d1bc8 e-con-full e-flex e-con e-child\" data-id=\"e7d1bc8\" data-element_type=\"container\">\n\t\t\t\t<div class=\"elementor-element elementor-element-eb9f178 elementor-widget elementor-widget-heading\" data-id=\"eb9f178\" data-element_type=\"widget\" data-widget_type=\"heading.default\">\n\t\t\t\t\t<h2 class=\"elementor-heading-title elementor-size-default\">Bereiten Sie sich auf die Wetterbedingungen vor<\/h2>\t\t\t\t<\/div>\n\t\t\t\t<div class=\"elementor-element elementor-element-188dd22 elementor-widget elementor-widget-text-editor\" data-id=\"188dd22\" data-element_type=\"widget\" data-widget_type=\"text-editor.default\">\n\t\t\t\t\t\t\t\t\t<p>Es ist ratsam, den Wetterbericht einige Tage im Voraus zu pr\u00fcfen. So k\u00f6nnen Sie sich optimal auf die \u00dcberfahrt vorbereiten und die richtige Kleidung einpacken.<\/p><p>Es ist au\u00dferdem ratsam, kurz vor der Abfahrt den aktuellen <a href=\"https:\/\/helsinki-stockholm.info\/de\/fahrplan\/\">Fahrplan f\u00fcr die \u00dcberfahrt zwischen Stockholm und Helsink<\/a>i zu pr\u00fcfen, da sich dieser bei schlechtem Wetter kurzfristig \u00e4ndern kann.<\/p>\t\t\t\t\t\t\t\t<\/div>\n\t\t\t\t<\/div>\n\t\t<div class=\"elementor-element elementor-element-1dd4fbd e-con-full e-flex e-con e-child\" data-id=\"1dd4fbd\" data-element_type=\"container\">\n\t\t\t\t<div class=\"elementor-element elementor-element-8e111b1 ferry-widget elementor-widget elementor-widget-shortcode\" data-id=\"8e111b1\" data-element_type=\"widget\" data-widget_type=\"shortcode.default\">\n\t\t\t\t\t\t\t<div class=\"elementor-shortcode\">    <style>\n        #ferry-booking-form {\n            display: flex;\n            justify-content: space-between;\n            border: 3px solid #046bd2;\n            padding: 25px;\n            flex-wrap: wrap;\n            border-radius: 0px;\n            background-color: white;\n            box-sizing: border-box;\n        }\n        #ferry-booking-form div {\n            width: 22%;\n            margin-right: 2%;\n            margin-bottom: 10px;\n            display: flex;\n            flex-direction: column;\n            justify-content: center;\n        }\n        #ferry-booking-form div:last-child {\n            margin-right: 0;\n        }\n        #ferry-booking-form label {\n            display: block;\n            margin-bottom: 5px;\n            text-align: left;\n            color: #a9a9a9;\n            font-size: 13px;\n        }\n        #ferry-booking-form select {\n            width: 100%;\n            padding: 5px;\n        }\n        #ferry-booking-form select:disabled {\n            background-color: #e0e0e0;\n        }\n        #ferry-booking-form button {\n            padding: 15px 30px;\n            background-color: #ffa525;\n            color: white;\n            border: none;\n            border-radius: 10px;\n            cursor: pointer;\n            transition: background-color 0.3s ease;\n            display: flex;\n            align-items: center;\n            justify-content: center;\n            text-align: center;\n        }\n        #ferry-booking-form button:hover {\n            background-color: #e88b13;\n        }\n        #ferry-booking-form button::after {\n            content: \" \u2197\";\n            font-size: 18px;\n            margin-left: 5px;\n        }\n        @media (max-width: 768px) {\n            #ferry-booking-form {\n                flex-direction: column;\n                align-items: center;\n                padding: 15px;\n            }\n            #ferry-booking-form div {\n                width: 100%;\n                margin-right: 0;\n                margin-bottom: 15px;\n            }\n            #ferry-booking-form button {\n                width: 100%;\n                padding: 15px;\n            }\n        }\n    <\/style>\n\n    <form id=\"ferry-booking-form\">\n        <div>\n            <label for=\"departure\">ABFAHRTSHAFEN:<\/label>\n            <select id=\"departure\" name=\"departure\">\n                <option value=\"Helsinki\">Helsinki<\/option>\n                <option value=\"Stockholm\">Stockholm<\/option>\n            <\/select>\n        <\/div>\n\n        <div>\n            <label for=\"arrival\">ANKUNFTSHAFEN:<\/label>\n            <select id=\"arrival\" name=\"arrival\" disabled>\n                <option value=\"Stockholm\">Stockholm<\/option>\n                <option value=\"Helsinki\">Helsinki<\/option>\n            <\/select>\n        <\/div>\n\n        <div>\n            <label for=\"operator\">F\u00c4HRGESELLSCHAFT:<\/label>\n            <select id=\"operator\" name=\"operator\">\n                <option value=\"none\">Keine Pr\u00e4ferenz<\/option>\n                <option value=\"VikingLine\">Viking Line<\/option>\n                <option value=\"TallinkSilja\">Tallink (Silja Line)<\/option>\n            <\/select>\n        <\/div>\n\n        <div>\n            <button type=\"button\" id=\"book-ticket\">Tickets buchen<\/button>\n        <\/div>\n    <\/form>\n\n    <script>\n        document.addEventListener('DOMContentLoaded', function() {\n            const departureSelect = document.getElementById('departure');\n            const arrivalSelect = document.getElementById('arrival');\n            const operatorSelect = document.getElementById('operator');\n            const bookButton = document.getElementById('book-ticket');\n\n            \/\/ Standard-Ankunft einstellen\n            if (departureSelect.value === 'Helsinki') {\n                arrivalSelect.value = 'Stockholm';\n            }\n\n            \/\/ Ankunft \u00e4ndern, wenn Abfahrt ge\u00e4ndert wird\n            departureSelect.addEventListener('change', function() {\n                arrivalSelect.value = (departureSelect.value === 'Helsinki') ? 'Stockholm' : 'Helsinki';\n            });\n\n            \/\/ Klick auf Button \u2192 im neuen Tab \u00f6ffnen\n            bookButton.addEventListener('click', function() {\n                const departure = departureSelect.value;\n                const arrival = arrivalSelect.value;\n                const operator = operatorSelect.value;\n\n                let link = \"https:\/\/helsinki-stockholm.info\/de\/go\/directferries\"; \/\/ Standardlink\n\n                if (departure && arrival) {\n                    link = `https:\/\/helsinki-stockholm.info\/de\/go\/${departure.toLowerCase()}-${arrival.toLowerCase()}`;\n                    if (operator !== 'none') {\n                        link += `\/${operator.toLowerCase()}`;\n                    }\n                }\n\n                window.open(link, '_blank'); \/\/ immer neuer Tab\n            });\n        });\n    <\/script>\n    <\/div>\n\t\t\t\t\t\t<\/div>\n\t\t\t\t<\/div>\n\t\t\t\t\t<\/div>\n\t\t\t\t<\/div>\n\t\t<div class=\"elementor-element elementor-element-cb72a4b e-flex e-con-boxed e-con e-parent\" data-id=\"cb72a4b\" data-element_type=\"container\">\n\t\t\t\t\t<div class=\"e-con-inner\">\n\t\t<div class=\"elementor-element elementor-element-346c21d e-con-full e-flex e-con e-child\" data-id=\"346c21d\" data-element_type=\"container\" data-settings=\"{&quot;background_background&quot;:&quot;classic&quot;}\">\n\t\t\t\t<div class=\"elementor-element elementor-element-85c2524 elementor-widget elementor-widget-heading\" data-id=\"85c2524\" data-element_type=\"widget\" data-widget_type=\"heading.default\">\n\t\t\t\t\t<h3 class=\"elementor-heading-title elementor-size-default\">\ud83c\udf24\ufe0f Ostsee-Wettervorhersage<\/h3>\t\t\t\t<\/div>\n\t\t\t\t<div class=\"elementor-element elementor-element-354c689 elementor-widget elementor-widget-text-editor\" data-id=\"354c689\" data-element_type=\"widget\" data-widget_type=\"text-editor.default\">\n\t\t\t\t\t\t\t\t\t<p>Auf der interaktiven Wetterkarte k\u00f6nnen Sie die Wellenh\u00f6hen einsehen. Je niedriger die Wellen, desto ruhiger die \u00dcberfahrt. Sie k\u00f6nnen auch auf eine Karte umschalten, die die Temperatur und m\u00f6gliche St\u00fcrme (Regen und Gewitter) anzeigt.<\/p>\t\t\t\t\t\t\t\t<\/div>\n\t\t\t\t<div class=\"elementor-element elementor-element-e9539b8 elementor-widget elementor-widget-heading\" data-id=\"e9539b8\" data-element_type=\"widget\" data-widget_type=\"heading.default\">\n\t\t\t\t\t<h4 class=\"elementor-heading-title elementor-size-default\">Sturm auf der Ostsee?<\/h4>\t\t\t\t<\/div>\n\t\t\t\t<div class=\"elementor-element elementor-element-da16313 elementor-widget elementor-widget-text-editor\" data-id=\"da16313\" data-element_type=\"widget\" data-widget_type=\"text-editor.default\">\n\t\t\t\t\t\t\t\t\t<p>Zieht ein Sturm auf? Dann stelle dich auf eine m\u00f6glicherweise weniger stabile \u00dcberfahrt ein. Wenn du empfindlich darauf reagierst, triff entsprechende Vorkehrungen.<\/p>\t\t\t\t\t\t\t\t<\/div>\n\t\t\t\t<\/div>\n\t\t<div class=\"elementor-element elementor-element-381e518 e-con-full e-flex e-con e-child\" data-id=\"381e518\" data-element_type=\"container\">\n\t\t\t\t<div class=\"elementor-element elementor-element-c71dd97 elementor-widget elementor-widget-shortcode\" data-id=\"c71dd97\" data-element_type=\"widget\" data-widget_type=\"shortcode.default\">\n\t\t\t\t\t\t\t<div class=\"elementor-shortcode\"><iframe width=\"650\" height=\"450\" src=\"https:\/\/embed.windy.com\/embed.html?type=map&location=coordinates&metricRain=default&metricTemp=default&metricWind=default&zoom=6&overlay=waves&product=ecmwfWaves&level=surface&lat=59.845&lon=21.05\" frameborder=\"0\"><\/iframe><\/div>\n\t\t\t\t\t\t<\/div>\n\t\t\t\t<\/div>\n\t\t\t\t\t<\/div>\n\t\t\t\t<\/div>\n\t\t<div class=\"elementor-element elementor-element-b46d6ce e-flex e-con-boxed e-con e-parent\" data-id=\"b46d6ce\" data-element_type=\"container\">\n\t\t\t\t\t<div class=\"e-con-inner\">\n\t\t<div class=\"elementor-element elementor-element-1b7e9d3 e-con-full e-flex e-con e-child\" data-id=\"1b7e9d3\" data-element_type=\"container\">\n\t\t\t\t<div class=\"elementor-element elementor-element-1d80f16 elementor-widget elementor-widget-heading\" data-id=\"1d80f16\" data-element_type=\"widget\" data-widget_type=\"heading.default\">\n\t\t\t\t\t<h3 class=\"elementor-heading-title elementor-size-default\">Wettervorhersage f\u00fcr Helsinki<\/h3>\t\t\t\t<\/div>\n\t\t\t\t<div class=\"elementor-element elementor-element-91a0ff2 elementor-widget elementor-widget-text-editor\" data-id=\"91a0ff2\" data-element_type=\"widget\" data-widget_type=\"text-editor.default\">\n\t\t\t\t\t\t\t\t\t<p>Sehen Sie sich die 5-Tage-Wettervorhersage f\u00fcr <a href=\"https:\/\/helsinki-stockholm.info\/de\/helsinki-hafen\/\">Helsinki<\/a> in der folgenden \u00dcbersicht an.<\/p>\t\t\t\t\t\t\t\t<\/div>\n\t\t\t\t<div class=\"elementor-element elementor-element-f1fb543 elementor-widget elementor-widget-shortcode\" data-id=\"f1fb543\" data-element_type=\"widget\" data-widget_type=\"shortcode.default\">\n\t\t\t\t\t\t\t<div class=\"elementor-shortcode\"><iframe width=\"650\" height=\"187\" src=\"https:\/\/embed.windy.com\/embed.html?type=forecast&location=coordinates&detail=true&detailLat=60.167488102&detailLon=24.9427473&metricTemp=default&metricRain=default&metricWind=default\" frameborder=\"0\"><\/iframe><\/div>\n\t\t\t\t\t\t<\/div>\n\t\t\t\t<\/div>\n\t\t<div class=\"elementor-element elementor-element-910f279 e-con-full e-flex e-con e-child\" data-id=\"910f279\" data-element_type=\"container\">\n\t\t\t\t<div class=\"elementor-element elementor-element-6992c45 elementor-widget elementor-widget-heading\" data-id=\"6992c45\" data-element_type=\"widget\" data-widget_type=\"heading.default\">\n\t\t\t\t\t<h3 class=\"elementor-heading-title elementor-size-default\">Stockholm Wettervorhersage<\/h3>\t\t\t\t<\/div>\n\t\t\t\t<div class=\"elementor-element elementor-element-0edad7d elementor-widget elementor-widget-text-editor\" data-id=\"0edad7d\" data-element_type=\"widget\" data-widget_type=\"text-editor.default\">\n\t\t\t\t\t\t\t\t\t<p>Neugierig auf die Wettervorhersage f\u00fcr <a href=\"https:\/\/helsinki-stockholm.info\/de\/stockholm-hafen\/\">Stockholm<\/a>? Unten sehen Sie die 5-Tage-Vorhersage.<\/p>\t\t\t\t\t\t\t\t<\/div>\n\t\t\t\t<div class=\"elementor-element elementor-element-6e36f0a elementor-widget elementor-widget-shortcode\" data-id=\"6e36f0a\" data-element_type=\"widget\" data-widget_type=\"shortcode.default\">\n\t\t\t\t\t\t\t<div class=\"elementor-shortcode\"><iframe width=\"650\" height=\"187\" src=\"https:\/\/embed.windy.com\/embed.html?type=forecast&location=coordinates&detail=true&detailLat=59.325117201&detailLon=18.0710935&metricTemp=default&metricRain=default&metricWind=default\" frameborder=\"0\"><\/iframe><\/div>\n\t\t\t\t\t\t<\/div>\n\t\t\t\t<\/div>\n\t\t\t\t\t<\/div>\n\t\t\t\t<\/div>\n\t\t<div class=\"elementor-element elementor-element-91d3cc8 e-flex e-con-boxed e-con e-parent\" data-id=\"91d3cc8\" data-element_type=\"container\">\n\t\t\t\t\t<div class=\"e-con-inner\">\n\t\t<div class=\"elementor-element elementor-element-5b2231a e-con-full e-flex e-con e-child\" data-id=\"5b2231a\" data-element_type=\"container\" data-settings=\"{&quot;background_background&quot;:&quot;classic&quot;}\">\n\t\t\t\t<\/div>\n\t\t<div class=\"elementor-element elementor-element-53a8df3 e-con-full e-flex e-con e-child\" data-id=\"53a8df3\" data-element_type=\"container\" data-settings=\"{&quot;background_background&quot;:&quot;classic&quot;}\">\n\t\t\t\t<div class=\"elementor-element elementor-element-1e62c02 elementor-widget elementor-widget-heading\" data-id=\"1e62c02\" data-element_type=\"widget\" data-widget_type=\"heading.default\">\n\t\t\t\t\t<h2 class=\"elementor-heading-title elementor-size-default\">Tipps, um sich gut auf das Wetter vorzubereiten<\/h2>\t\t\t\t<\/div>\n\t\t\t\t<div class=\"elementor-element elementor-element-c1d1f31 elementor-widget elementor-widget-text-editor\" data-id=\"c1d1f31\" data-element_type=\"widget\" data-widget_type=\"text-editor.default\">\n\t\t\t\t\t\t\t\t\t<ul><li>Packen Sie die richtige Kleidung ein: Beachten Sie die erheblichen Temperaturunterschiede zwischen Finnland und Schweden.<\/li><li>Informieren Sie sich einige Tage vor der Abfahrt \u00fcber den aktuellen Fahrplan der F\u00e4hrgesellschaft.<br \/>Sie werden leicht seekrank?<\/li><li>Informieren Sie sich \u00fcber die Wettervorhersage (insbesondere Wellenh\u00f6he und Wind) f\u00fcr die Ostsee.<\/li><li>Bei schlechtem Wetter sollten Sie besonders fr\u00fch zum Hafen aufbrechen. Beachten Sie den erh\u00f6hten Verkehr auf den Stra\u00dfen rund um den Hafen.<\/li><\/ul>\t\t\t\t\t\t\t\t<\/div>\n\t\t\t\t<\/div>\n\t\t\t\t\t<\/div>\n\t\t\t\t<\/div>\n\t\t\t\t<\/div>\n\t\t","protected":false},"excerpt":{"rendered":"<p>Wettervorhersage Informieren Sie sich \u00fcber die Wettervorhersage f\u00fcr Ankunft, Abreise und w\u00e4hrend der \u00dcberfahrt \u00fcber die Ostsee. Bereiten Sie sich [&hellip;]<\/p>\n","protected":false},"author":1,"featured_media":0,"parent":0,"menu_order":0,"comment_status":"closed","ping_status":"closed","template":"","meta":{"inline_featured_image":false,"site-sidebar-layout":"no-sidebar","site-content-layout":"","ast-site-content-layout":"full-width-container","site-content-style":"default","site-sidebar-style":"default","ast-global-header-display":"","ast-banner-title-visibility":"","ast-main-header-display":"","ast-hfb-above-header-display":"","ast-hfb-below-header-display":"","ast-hfb-mobile-header-display":"","site-post-title":"","ast-breadcrumbs-content":"","ast-featured-img":"disabled","footer-sml-layout":"","theme-transparent-header-meta":"","adv-header-id-meta":"","stick-header-meta":"","header-above-stick-meta":"","header-main-stick-meta":"","header-below-stick-meta":"","astra-migrate-meta-layouts":"default","ast-page-background-enabled":"default","ast-page-background-meta":{"desktop":{"background-color":"var(--ast-global-color-5)","background-image":"","background-repeat":"repeat","background-position":"center center","background-size":"auto","background-attachment":"scroll","background-type":"","background-media":"","overlay-type":"","overlay-color":"","overlay-opacity":"","overlay-gradient":""},"tablet":{"background-color":"","background-image":"","background-repeat":"repeat","background-position":"center center","background-size":"auto","background-attachment":"scroll","background-type":"","background-media":"","overlay-type":"","overlay-color":"","overlay-opacity":"","overlay-gradient":""},"mobile":{"background-color":"","background-image":"","background-repeat":"repeat","background-position":"center center","background-size":"auto","background-attachment":"scroll","background-type":"","background-media":"","overlay-type":"","overlay-color":"","overlay-opacity":"","overlay-gradient":""}},"ast-content-background-meta":{"desktop":{"background-color":"var(--ast-global-color-4)","background-image":"","background-repeat":"repeat","background-position":"center center","background-size":"auto","background-attachment":"scroll","background-type":"","background-media":"","overlay-type":"","overlay-color":"","overlay-opacity":"","overlay-gradient":""},"tablet":{"background-color":"var(--ast-global-color-4)","background-image":"","background-repeat":"repeat","background-position":"center center","background-size":"auto","background-attachment":"scroll","background-type":"","background-media":"","overlay-type":"","overlay-color":"","overlay-opacity":"","overlay-gradient":""},"mobile":{"background-color":"var(--ast-global-color-4)","background-image":"","background-repeat":"repeat","background-position":"center center","background-size":"auto","background-attachment":"scroll","background-type":"","background-media":"","overlay-type":"","overlay-color":"","overlay-opacity":"","overlay-gradient":""}},"footnotes":""},"class_list":["post-753","page","type-page","status-publish","hentry"],"yoast_head":"<!-- This site is optimized with the Yoast SEO plugin v25.7 - https:\/\/yoast.com\/wordpress\/plugins\/seo\/ -->\n<title>Wettervorhersage - helsinki-stockholm.info<\/title>\n<meta name=\"description\" content=\"Informieren Sie sich, ob es w\u00e4hrend der F\u00e4hr\u00fcberfahrt Helsinki-Stockholm zu St\u00fcrmen auf der Ostsee kommt.\" \/>\n<meta name=\"robots\" content=\"index, follow, max-snippet:-1, max-image-preview:large, max-video-preview:-1\" \/>\n<link rel=\"canonical\" href=\"https:\/\/helsinki-stockholm.info\/de\/wettervorhersage\/\" \/>\n<meta property=\"og:locale\" content=\"de_DE\" \/>\n<meta property=\"og:type\" content=\"article\" \/>\n<meta property=\"og:title\" content=\"Wettervorhersage - helsinki-stockholm.info\" \/>\n<meta property=\"og:description\" content=\"Informieren Sie sich, ob es w\u00e4hrend der F\u00e4hr\u00fcberfahrt Helsinki-Stockholm zu St\u00fcrmen auf der Ostsee kommt.\" \/>\n<meta property=\"og:url\" content=\"https:\/\/helsinki-stockholm.info\/de\/wettervorhersage\/\" \/>\n<meta property=\"og:site_name\" content=\"helsinki-stockholm.info\" \/>\n<meta property=\"article:modified_time\" content=\"2025-08-25T07:41:40+00:00\" \/>\n<meta name=\"twitter:card\" content=\"summary_large_image\" \/>\n<meta name=\"twitter:label1\" content=\"Gesch\u00e4tzte Lesezeit\" \/>\n\t<meta name=\"twitter:data1\" content=\"2\u00a0Minuten\" \/>\n<script type=\"application\/ld+json\" class=\"yoast-schema-graph\">{\"@context\":\"https:\/\/schema.org\",\"@graph\":[{\"@type\":\"WebPage\",\"@id\":\"https:\/\/helsinki-stockholm.info\/de\/wettervorhersage\/\",\"url\":\"https:\/\/helsinki-stockholm.info\/de\/wettervorhersage\/\",\"name\":\"Wettervorhersage - helsinki-stockholm.info\",\"isPartOf\":{\"@id\":\"https:\/\/helsinki-stockholm.info\/fi\/#website\"},\"datePublished\":\"2025-08-15T07:36:07+00:00\",\"dateModified\":\"2025-08-25T07:41:40+00:00\",\"description\":\"Informieren Sie sich, ob es w\u00e4hrend der F\u00e4hr\u00fcberfahrt Helsinki-Stockholm zu St\u00fcrmen auf der Ostsee kommt.\",\"breadcrumb\":{\"@id\":\"https:\/\/helsinki-stockholm.info\/de\/wettervorhersage\/#breadcrumb\"},\"inLanguage\":\"de\",\"potentialAction\":[{\"@type\":\"ReadAction\",\"target\":[\"https:\/\/helsinki-stockholm.info\/de\/wettervorhersage\/\"]}]},{\"@type\":\"BreadcrumbList\",\"@id\":\"https:\/\/helsinki-stockholm.info\/de\/wettervorhersage\/#breadcrumb\",\"itemListElement\":[{\"@type\":\"ListItem\",\"position\":1,\"name\":\"Home\",\"item\":\"https:\/\/helsinki-stockholm.info\/de\/\"},{\"@type\":\"ListItem\",\"position\":2,\"name\":\"Wettervorhersage\"}]},{\"@type\":\"WebSite\",\"@id\":\"https:\/\/helsinki-stockholm.info\/fi\/#website\",\"url\":\"https:\/\/helsinki-stockholm.info\/fi\/\",\"name\":\"helsinki-stockholm.info\",\"description\":\"\",\"publisher\":{\"@id\":\"https:\/\/helsinki-stockholm.info\/fi\/#organization\"},\"potentialAction\":[{\"@type\":\"SearchAction\",\"target\":{\"@type\":\"EntryPoint\",\"urlTemplate\":\"https:\/\/helsinki-stockholm.info\/fi\/?s={search_term_string}\"},\"query-input\":{\"@type\":\"PropertyValueSpecification\",\"valueRequired\":true,\"valueName\":\"search_term_string\"}}],\"inLanguage\":\"de\"},{\"@type\":\"Organization\",\"@id\":\"https:\/\/helsinki-stockholm.info\/fi\/#organization\",\"name\":\"helsinki-stockholm.info\",\"url\":\"https:\/\/helsinki-stockholm.info\/fi\/\",\"logo\":{\"@type\":\"ImageObject\",\"inLanguage\":\"de\",\"@id\":\"https:\/\/helsinki-stockholm.info\/fi\/#\/schema\/logo\/image\/\",\"url\":\"https:\/\/helsinki-stockholm.info\/wp-content\/uploads\/2025\/07\/helsinki-stockholm-ferry-logo.svg\",\"contentUrl\":\"https:\/\/helsinki-stockholm.info\/wp-content\/uploads\/2025\/07\/helsinki-stockholm-ferry-logo.svg\",\"width\":422,\"height\":130,\"caption\":\"helsinki-stockholm.info\"},\"image\":{\"@id\":\"https:\/\/helsinki-stockholm.info\/fi\/#\/schema\/logo\/image\/\"}}]}<\/script>\n<!-- \/ Yoast SEO plugin. -->","yoast_head_json":{"title":"Wettervorhersage - helsinki-stockholm.info","description":"Informieren Sie sich, ob es w\u00e4hrend der F\u00e4hr\u00fcberfahrt Helsinki-Stockholm zu St\u00fcrmen auf der Ostsee kommt.","robots":{"index":"index","follow":"follow","max-snippet":"max-snippet:-1","max-image-preview":"max-image-preview:large","max-video-preview":"max-video-preview:-1"},"canonical":"https:\/\/helsinki-stockholm.info\/de\/wettervorhersage\/","og_locale":"de_DE","og_type":"article","og_title":"Wettervorhersage - helsinki-stockholm.info","og_description":"Informieren Sie sich, ob es w\u00e4hrend der F\u00e4hr\u00fcberfahrt Helsinki-Stockholm zu St\u00fcrmen auf der Ostsee kommt.","og_url":"https:\/\/helsinki-stockholm.info\/de\/wettervorhersage\/","og_site_name":"helsinki-stockholm.info","article_modified_time":"2025-08-25T07:41:40+00:00","twitter_card":"summary_large_image","twitter_misc":{"Gesch\u00e4tzte Lesezeit":"2\u00a0Minuten"},"schema":{"@context":"https:\/\/schema.org","@graph":[{"@type":"WebPage","@id":"https:\/\/helsinki-stockholm.info\/de\/wettervorhersage\/","url":"https:\/\/helsinki-stockholm.info\/de\/wettervorhersage\/","name":"Wettervorhersage - helsinki-stockholm.info","isPartOf":{"@id":"https:\/\/helsinki-stockholm.info\/fi\/#website"},"datePublished":"2025-08-15T07:36:07+00:00","dateModified":"2025-08-25T07:41:40+00:00","description":"Informieren Sie sich, ob es w\u00e4hrend der F\u00e4hr\u00fcberfahrt Helsinki-Stockholm zu St\u00fcrmen auf der Ostsee kommt.","breadcrumb":{"@id":"https:\/\/helsinki-stockholm.info\/de\/wettervorhersage\/#breadcrumb"},"inLanguage":"de","potentialAction":[{"@type":"ReadAction","target":["https:\/\/helsinki-stockholm.info\/de\/wettervorhersage\/"]}]},{"@type":"BreadcrumbList","@id":"https:\/\/helsinki-stockholm.info\/de\/wettervorhersage\/#breadcrumb","itemListElement":[{"@type":"ListItem","position":1,"name":"Home","item":"https:\/\/helsinki-stockholm.info\/de\/"},{"@type":"ListItem","position":2,"name":"Wettervorhersage"}]},{"@type":"WebSite","@id":"https:\/\/helsinki-stockholm.info\/fi\/#website","url":"https:\/\/helsinki-stockholm.info\/fi\/","name":"helsinki-stockholm.info","description":"","publisher":{"@id":"https:\/\/helsinki-stockholm.info\/fi\/#organization"},"potentialAction":[{"@type":"SearchAction","target":{"@type":"EntryPoint","urlTemplate":"https:\/\/helsinki-stockholm.info\/fi\/?s={search_term_string}"},"query-input":{"@type":"PropertyValueSpecification","valueRequired":true,"valueName":"search_term_string"}}],"inLanguage":"de"},{"@type":"Organization","@id":"https:\/\/helsinki-stockholm.info\/fi\/#organization","name":"helsinki-stockholm.info","url":"https:\/\/helsinki-stockholm.info\/fi\/","logo":{"@type":"ImageObject","inLanguage":"de","@id":"https:\/\/helsinki-stockholm.info\/fi\/#\/schema\/logo\/image\/","url":"https:\/\/helsinki-stockholm.info\/wp-content\/uploads\/2025\/07\/helsinki-stockholm-ferry-logo.svg","contentUrl":"https:\/\/helsinki-stockholm.info\/wp-content\/uploads\/2025\/07\/helsinki-stockholm-ferry-logo.svg","width":422,"height":130,"caption":"helsinki-stockholm.info"},"image":{"@id":"https:\/\/helsinki-stockholm.info\/fi\/#\/schema\/logo\/image\/"}}]}},"_links":{"self":[{"href":"https:\/\/helsinki-stockholm.info\/de\/wp-json\/wp\/v2\/pages\/753","targetHints":{"allow":["GET"]}}],"collection":[{"href":"https:\/\/helsinki-stockholm.info\/de\/wp-json\/wp\/v2\/pages"}],"about":[{"href":"https:\/\/helsinki-stockholm.info\/de\/wp-json\/wp\/v2\/types\/page"}],"author":[{"embeddable":true,"href":"https:\/\/helsinki-stockholm.info\/de\/wp-json\/wp\/v2\/users\/1"}],"replies":[{"embeddable":true,"href":"https:\/\/helsinki-stockholm.info\/de\/wp-json\/wp\/v2\/comments?post=753"}],"version-history":[{"count":10,"href":"https:\/\/helsinki-stockholm.info\/de\/wp-json\/wp\/v2\/pages\/753\/revisions"}],"predecessor-version":[{"id":1106,"href":"https:\/\/helsinki-stockholm.info\/de\/wp-json\/wp\/v2\/pages\/753\/revisions\/1106"}],"wp:attachment":[{"href":"https:\/\/helsinki-stockholm.info\/de\/wp-json\/wp\/v2\/media?parent=753"}],"curies":[{"name":"wp","href":"https:\/\/api.w.org\/{rel}","templated":true}]}}